{"id":8292,"date":"2022-10-26T13:07:45","date_gmt":"2022-10-26T11:07:45","guid":{"rendered":"https:\/\/andalubox.com\/producto-andaluz\/gott-bacchus-sherry-oloroso\/"},"modified":"2024-12-03T09:37:10","modified_gmt":"2024-12-03T08:37:10","slug":"dios-baco-jerez-oloroso","status":"publish","type":"product","link":"https:\/\/andalubox.com\/de\/producto-andaluz\/dios-baco-jerez-oloroso\/","title":{"rendered":"Gott Bacchus Sherry Oloroso 75 cl"},"content":{"rendered":"<h2>Ausarbeitung<\/h2>\n<p>Ein Sherry, der aufgrund seiner oxidativen Reifung nach der ersten G\u00e4rung nie Flor entwickelt hat. Er bietet unverwechselbare holzige Noten und sein Alter von ca. 18 Jahren verhindert nicht, dass man den Rest seiner Komplexit\u00e4t zu sch\u00e4tzen wei\u00df.<\/p>\n<h2>Verkostungsnotiz<\/h2>\n<p class=\"p1\">Wundersch\u00f6ne Mahagonifarbe, sehr trocken im Mund. Sehr tiefes Aroma, mit ausgepr\u00e4gter Holz- und Weinnote.<\/p>\n<h2>Graduierung<\/h2>\n<p>18\u00ba<\/p>\n<h2>Sorte<\/h2>\n<p>Palomino<\/p>\n<h2>Kategorie<\/h2>\n<p>Generoso-Oloroso<\/p>\n<p class=\"p2\"> <\/p>","protected":false},"excerpt":{"rendered":"<p>Ein aus Palominotrauben aus der D.O. Jerez-Xeres-Sherry hergestellter Lik\u00f6rwein von Bodegas Dios Baco.<\/p>\n<p>Kupferfarben mit nussigem Aroma und lang anhaltendem Nachgeschmack.<\/p>\n","protected":false},"featured_media":7218,"comment_status":"closed","ping_status":"closed","template":"","meta":{"site-sidebar-layout":"default","site-content-layout":"default","ast-site-content-layout":"default","site-content-style":"default","site-sidebar-style":"default","ast-global-header-display":"","ast-banner-title-visibility":"","ast-main-header-display":"","ast-hfb-above-header-display":"","ast-hfb-below-header-display":"","ast-hfb-mobile-header-display":"","site-post-title":"","ast-breadcrumbs-content":"","ast-featured-img":"","footer-sml-layout":"","ast-disable-related-posts":"","theme-transparent-header-meta":"default","adv-header-id-meta":"","stick-header-meta":"","header-above-stick-meta":"","header-main-stick-meta":"","header-below-stick-meta":"","astra-migrate-meta-layouts":"default","ast-page-background-enabled":"default","ast-page-background-meta":{"desktop":{"background-color":"var(--ast-global-color-4)","background-image":"","background-repeat":"repeat","background-position":"center center","background-size":"auto","background-attachment":"scroll","background-type":"","background-media":"","overlay-type":"","overlay-color":"","overlay-opacity":"","overlay-gradient":""},"tablet":{"background-color":"","background-image":"","background-repeat":"repeat","background-position":"center center","background-size":"auto","background-attachment":"scroll","background-type":"","background-media":"","overlay-type":"","overlay-color":"","overlay-opacity":"","overlay-gradient":""},"mobile":{"background-color":"","background-image":"","background-repeat":"repeat","background-position":"center center","background-size":"auto","background-attachment":"scroll","background-type":"","background-media":"","overlay-type":"","overlay-color":"","overlay-opacity":"","overlay-gradient":""}},"ast-content-background-meta":{"desktop":{"background-color":"var(--ast-global-color-5)","background-image":"","background-repeat":"repeat","background-position":"center center","background-size":"auto","background-attachment":"scroll","background-type":"","background-media":"","overlay-type":"","overlay-color":"","overlay-opacity":"","overlay-gradient":""},"tablet":{"background-color":"var(--ast-global-color-5)","background-image":"","background-repeat":"repeat","background-position":"center center","background-size":"auto","background-attachment":"scroll","background-type":"","background-media":"","overlay-type":"","overlay-color":"","overlay-opacity":"","overlay-gradient":""},"mobile":{"background-color":"var(--ast-global-color-5)","background-image":"","background-repeat":"repeat","background-position":"center center","background-size":"auto","background-attachment":"scroll","background-type":"","background-media":"","overlay-type":"","overlay-color":"","overlay-opacity":"","overlay-gradient":""}}},"product_brand":[1442],"product_cat":[15],"product_tag":[110],"class_list":{"0":"post-8292","1":"product","2":"type-product","3":"status-publish","4":"has-post-thumbnail","6":"product_brand-dios-baco","7":"product_cat-sin-categorizar","8":"product_tag-cadiz-de","9":"desktop-align-left","10":"tablet-align-left","11":"mobile-align-left","13":"first","14":"outofstock","15":"taxable","16":"shipping-taxable","17":"purchasable","18":"product-type-simple"},"_links":{"self":[{"href":"https:\/\/andalubox.com\/de\/wp-json\/wp\/v2\/product\/8292","targetHints":{"allow":["GET"]}}],"collection":[{"href":"https:\/\/andalubox.com\/de\/wp-json\/wp\/v2\/product"}],"about":[{"href":"https:\/\/andalubox.com\/de\/wp-json\/wp\/v2\/types\/product"}],"replies":[{"embeddable":true,"href":"https:\/\/andalubox.com\/de\/wp-json\/wp\/v2\/comments?post=8292"}],"wp:featuredmedia":[{"embeddable":true,"href":"https:\/\/andalubox.com\/de\/wp-json\/wp\/v2\/media\/7218"}],"wp:attachment":[{"href":"https:\/\/andalubox.com\/de\/wp-json\/wp\/v2\/media?parent=8292"}],"wp:term":[{"taxonomy":"product_brand","embeddable":true,"href":"https:\/\/andalubox.com\/de\/wp-json\/wp\/v2\/product_brand?post=8292"},{"taxonomy":"product_cat","embeddable":true,"href":"https:\/\/andalubox.com\/de\/wp-json\/wp\/v2\/product_cat?post=8292"},{"taxonomy":"product_tag","embeddable":true,"href":"https:\/\/andalubox.com\/de\/wp-json\/wp\/v2\/product_tag?post=8292"}],"curies":[{"name":"wp","href":"https:\/\/api.w.org\/{rel}","templated":true}]}}