{"id":8250,"date":"2023-03-18T13:07:21","date_gmt":"2023-03-18T12:07:21","guid":{"rendered":"https:\/\/andalubox.com\/producto-andaluz\/obando-rustic-peaks-mit-extra-olivenoel-gourmet-auswahl-140g\/"},"modified":"2025-06-12T23:16:58","modified_gmt":"2025-06-12T21:16:58","slug":"obando-rustikale-paprikaschoten-mit-olivenol-extra-auswahl-gourmet-140g","status":"publish","type":"product","link":"https:\/\/andalubox.com\/de\/producto-andaluz\/obando-rustikale-paprikaschoten-mit-olivenol-extra-auswahl-gourmet-140g\/","title":{"rendered":"Obando Picos Utreranos Rusticos Selecci\u00f3n Gourmet EVOO, 140g"},"content":{"rendered":"<p>Jetzt haben Sie die M\u00f6glichkeit, sich selbst zu versorgen, ohne auf den Geschmack der besten Gipfel zu verzichten. Wir bringen unsere neuen Bio-Vollkorn-Gourmet-Paprikaschoten auf den Markt, die sich durch einen einzigartigen Geschmack und eine einzigartige Textur sowie die Eigenschaften eines Vollkornprodukts auszeichnen. Diese neuen Spitzen werden in der Branche pr\u00e4sentiert, um ein Grundbed\u00fcrfnis zu befriedigen, n\u00e4mlich ein 100%iges Vollkornprodukt, das wir auch mit dem Bio-Zertifikat gekr\u00f6nt haben, wobei wir die Essenz der Obando-B\u00e4ckerei beibehalten.<\/p>\n<p>Dar\u00fcber hinaus wird dieses neue Produkt das f\u00fcr Gourmet-Picks verwendete Doypack-Format beibehalten, so dass sie ihren Geschmack und ihre Textur behalten und dank des luftdichten Verschlusses viel l\u00e4nger frisch bleiben k\u00f6nnen.<\/p>","protected":false},"excerpt":{"rendered":"<p>100% Vollkorn, 100% Gourmet. Der beste Geschmack mit den Eigenschaften eines Vollkorn- und Bio-Gew\u00fcrzes.<\/p>\n","protected":false},"featured_media":7194,"comment_status":"closed","ping_status":"closed","template":"","meta":{"site-sidebar-layout":"default","site-content-layout":"default","ast-site-content-layout":"default","site-content-style":"default","site-sidebar-style":"default","ast-global-header-display":"","ast-banner-title-visibility":"","ast-main-header-display":"","ast-hfb-above-header-display":"","ast-hfb-below-header-display":"","ast-hfb-mobile-header-display":"","site-post-title":"","ast-breadcrumbs-content":"","ast-featured-img":"","footer-sml-layout":"","ast-disable-related-posts":"","theme-transparent-header-meta":"default","adv-header-id-meta":"","stick-header-meta":"","header-above-stick-meta":"","header-main-stick-meta":"","header-below-stick-meta":"","astra-migrate-meta-layouts":"default","ast-page-background-enabled":"default","ast-page-background-meta":{"desktop":{"background-color":"var(--ast-global-color-4)","background-image":"","background-repeat":"repeat","background-position":"center center","background-size":"auto","background-attachment":"scroll","background-type":"","background-media":"","overlay-type":"","overlay-color":"","overlay-opacity":"","overlay-gradient":""},"tablet":{"background-color":"","background-image":"","background-repeat":"repeat","background-position":"center center","background-size":"auto","background-attachment":"scroll","background-type":"","background-media":"","overlay-type":"","overlay-color":"","overlay-opacity":"","overlay-gradient":""},"mobile":{"background-color":"","background-image":"","background-repeat":"repeat","background-position":"center center","background-size":"auto","background-attachment":"scroll","background-type":"","background-media":"","overlay-type":"","overlay-color":"","overlay-opacity":"","overlay-gradient":""}},"ast-content-background-meta":{"desktop":{"background-color":"var(--ast-global-color-5)","background-image":"","background-repeat":"repeat","background-position":"center center","background-size":"auto","background-attachment":"scroll","background-type":"","background-media":"","overlay-type":"","overlay-color":"","overlay-opacity":"","overlay-gradient":""},"tablet":{"background-color":"var(--ast-global-color-5)","background-image":"","background-repeat":"repeat","background-position":"center center","background-size":"auto","background-attachment":"scroll","background-type":"","background-media":"","overlay-type":"","overlay-color":"","overlay-opacity":"","overlay-gradient":""},"mobile":{"background-color":"var(--ast-global-color-5)","background-image":"","background-repeat":"repeat","background-position":"center center","background-size":"auto","background-attachment":"scroll","background-type":"","background-media":"","overlay-type":"","overlay-color":"","overlay-opacity":"","overlay-gradient":""}}},"product_brand":[1437],"product_cat":[1687],"product_tag":[],"class_list":{"0":"post-8250","1":"product","2":"type-product","3":"status-publish","4":"has-post-thumbnail","6":"product_brand-obando","7":"product_cat-picos-reganas-y-panaderia-salada-de","8":"desktop-align-left","9":"tablet-align-left","10":"mobile-align-left","12":"first","13":"instock","14":"taxable","15":"shipping-taxable","16":"purchasable","17":"product-type-simple"},"_links":{"self":[{"href":"https:\/\/andalubox.com\/de\/wp-json\/wp\/v2\/product\/8250","targetHints":{"allow":["GET"]}}],"collection":[{"href":"https:\/\/andalubox.com\/de\/wp-json\/wp\/v2\/product"}],"about":[{"href":"https:\/\/andalubox.com\/de\/wp-json\/wp\/v2\/types\/product"}],"replies":[{"embeddable":true,"href":"https:\/\/andalubox.com\/de\/wp-json\/wp\/v2\/comments?post=8250"}],"wp:featuredmedia":[{"embeddable":true,"href":"https:\/\/andalubox.com\/de\/wp-json\/wp\/v2\/media\/7194"}],"wp:attachment":[{"href":"https:\/\/andalubox.com\/de\/wp-json\/wp\/v2\/media?parent=8250"}],"wp:term":[{"taxonomy":"product_brand","embeddable":true,"href":"https:\/\/andalubox.com\/de\/wp-json\/wp\/v2\/product_brand?post=8250"},{"taxonomy":"product_cat","embeddable":true,"href":"https:\/\/andalubox.com\/de\/wp-json\/wp\/v2\/product_cat?post=8250"},{"taxonomy":"product_tag","embeddable":true,"href":"https:\/\/andalubox.com\/de\/wp-json\/wp\/v2\/product_tag?post=8250"}],"curies":[{"name":"wp","href":"https:\/\/api.w.org\/{rel}","templated":true}]}}