{"id":8225,"date":"2022-10-26T13:07:21","date_gmt":"2022-10-26T11:07:21","guid":{"rendered":"https:\/\/andalubox.com\/producto-andaluz\/obando-picos-rusticos-gourmet-130g\/"},"modified":"2025-06-12T23:16:42","modified_gmt":"2025-06-12T21:16:42","slug":"obando-picos-rusticos-gourmet-130g","status":"publish","type":"product","link":"https:\/\/andalubox.com\/de\/producto-andaluz\/obando-picos-rusticos-gourmet-130g\/","title":{"rendered":"Obando Picos Utreranos Rusticos Gourmet Auswahl, 130g"},"content":{"rendered":"<p>Wir sind die Erfinder dieses neuen Schnabelkonzepts, eines Produkts, das den Markt revolutioniert hat und es uns erm\u00f6glicht hat, uns als Referenz zu positionieren. Die handwerkliche Herstellung und die 100% nat\u00fcrliche Zusammensetzung machen unsere rustikalen Gourmet-Paprikaschoten zur besten Wahl f\u00fcr die anspruchsvollsten Gaumen.<\/p>\n<p>Um ihn so zu verpacken, wie er es verdient, und ihn bestm\u00f6glich aufzubewahren, haben wir diesen innovativen Doypack mit leicht zu \u00f6ffnendem und luftdichtem Verschluss entwickelt, der die Qualit\u00e4ten des Produkts unter perfekten Bedingungen bewahrt, damit Sie unsere Gipfel vom ersten bis zum letzten genie\u00dfen k\u00f6nnen.<\/p>","protected":false},"excerpt":{"rendered":"<div class=\"woocommerce-product-details__short-description\">\n<p>Unser Kronjuwel. Der ideale Begleiter f\u00fcr Ihre Gerichte mit unserem exklusiven Doypack-Format mit leicht zu \u00f6ffnendem und luftdichtem Verschluss.<\/p>\n<\/div>\n","protected":false},"featured_media":7188,"template":"","meta":{"site-sidebar-layout":"default","site-content-layout":"default","ast-site-content-layout":"default","site-content-style":"default","site-sidebar-style":"default","ast-global-header-display":"","ast-banner-title-visibility":"","ast-main-header-display":"","ast-hfb-above-header-display":"","ast-hfb-below-header-display":"","ast-hfb-mobile-header-display":"","site-post-title":"","ast-breadcrumbs-content":"","ast-featured-img":"","footer-sml-layout":"","ast-disable-related-posts":"","theme-transparent-header-meta":"default","adv-header-id-meta":"","stick-header-meta":"","header-above-stick-meta":"","header-main-stick-meta":"","header-below-stick-meta":"","astra-migrate-meta-layouts":"default","ast-page-background-enabled":"default","ast-page-background-meta":{"desktop":{"background-color":"var(--ast-global-color-4)","background-image":"","background-repeat":"repeat","background-position":"center center","background-size":"auto","background-attachment":"scroll","background-type":"","background-media":"","overlay-type":"","overlay-color":"","overlay-opacity":"","overlay-gradient":""},"tablet":{"background-color":"","background-image":"","background-repeat":"repeat","background-position":"center center","background-size":"auto","background-attachment":"scroll","background-type":"","background-media":"","overlay-type":"","overlay-color":"","overlay-opacity":"","overlay-gradient":""},"mobile":{"background-color":"","background-image":"","background-repeat":"repeat","background-position":"center center","background-size":"auto","background-attachment":"scroll","background-type":"","background-media":"","overlay-type":"","overlay-color":"","overlay-opacity":"","overlay-gradient":""}},"ast-content-background-meta":{"desktop":{"background-color":"var(--ast-global-color-5)","background-image":"","background-repeat":"repeat","background-position":"center center","background-size":"auto","background-attachment":"scroll","background-type":"","background-media":"","overlay-type":"","overlay-color":"","overlay-opacity":"","overlay-gradient":""},"tablet":{"background-color":"var(--ast-global-color-5)","background-image":"","background-repeat":"repeat","background-position":"center center","background-size":"auto","background-attachment":"scroll","background-type":"","background-media":"","overlay-type":"","overlay-color":"","overlay-opacity":"","overlay-gradient":""},"mobile":{"background-color":"var(--ast-global-color-5)","background-image":"","background-repeat":"repeat","background-position":"center center","background-size":"auto","background-attachment":"scroll","background-type":"","background-media":"","overlay-type":"","overlay-color":"","overlay-opacity":"","overlay-gradient":""}}},"product_brand":[1437],"product_cat":[456],"product_tag":[120],"class_list":{"0":"post-8225","1":"product","2":"type-product","3":"status-publish","4":"has-post-thumbnail","6":"product_brand-obando","7":"product_cat-cava-espumosos","8":"product_tag-sevilla-de","9":"desktop-align-left","10":"tablet-align-left","11":"mobile-align-left","13":"first","14":"instock","15":"taxable","16":"shipping-taxable","17":"purchasable","18":"product-type-simple"},"_links":{"self":[{"href":"https:\/\/andalubox.com\/de\/wp-json\/wp\/v2\/product\/8225","targetHints":{"allow":["GET"]}}],"collection":[{"href":"https:\/\/andalubox.com\/de\/wp-json\/wp\/v2\/product"}],"about":[{"href":"https:\/\/andalubox.com\/de\/wp-json\/wp\/v2\/types\/product"}],"wp:featuredmedia":[{"embeddable":true,"href":"https:\/\/andalubox.com\/de\/wp-json\/wp\/v2\/media\/7188"}],"wp:attachment":[{"href":"https:\/\/andalubox.com\/de\/wp-json\/wp\/v2\/media?parent=8225"}],"wp:term":[{"taxonomy":"product_brand","embeddable":true,"href":"https:\/\/andalubox.com\/de\/wp-json\/wp\/v2\/product_brand?post=8225"},{"taxonomy":"product_cat","embeddable":true,"href":"https:\/\/andalubox.com\/de\/wp-json\/wp\/v2\/product_cat?post=8225"},{"taxonomy":"product_tag","embeddable":true,"href":"https:\/\/andalubox.com\/de\/wp-json\/wp\/v2\/product_tag?post=8225"}],"curies":[{"name":"wp","href":"https:\/\/api.w.org\/{rel}","templated":true}]}}