{"id":8183,"date":"2022-10-26T13:07:07","date_gmt":"2022-10-26T11:07:07","guid":{"rendered":"https:\/\/andalubox.com\/producto-andaluz\/tejero-filet-vom-fregattenthunfisch-in-olivenoel\/"},"modified":"2025-06-12T16:42:10","modified_gmt":"2025-06-12T14:42:10","slug":"weber-filets-aus-melasse-in-olivenol","status":"publish","type":"product","link":"https:\/\/andalubox.com\/de\/producto-andaluz\/weber-filets-aus-melasse-in-olivenol\/","title":{"rendered":"Tejero Melva-Filets in Oliven\u00f6l Tejero, RR 125g"},"content":{"rendered":"<p>Bei der Herstellung von Melva-Filets in Dosen gehen wir besonders sorgf\u00e4ltig mit den verwendeten Rohstoffen um und f\u00fchren entsprechende Kontrollen durch, um den Verbrauchern ein Qualit\u00e4tsprodukt zu garantieren.<\/p>\n<p>Fregattenthunfischfilets in Oliven\u00f6l m\u00fcssen immer nach denselben handwerklichen Verfahren zubereitet werden:<\/p>\n<ul>\n\t<li>Empfang von Fisch.<\/li>\n\t<li>Kopf ab, ausgenommen und gewaschen.<\/li>\n\t<li>Garen in Salzwasserl\u00f6sung.<\/li>\n\t<li>Wartung und K\u00fchlung.<\/li>\n\t<li>Von Hand gesch\u00e4lt.<\/li>\n\t<li>Von Hand gestreckt.<\/li>\n\t<li>Das Oliven\u00f6l hinzuf\u00fcgen.<\/li>\n\t<li>Die Dose schlie\u00dfen.<\/li>\n\t<li>Behandlung im Autoklaven.<\/li>\n\t<li>Dosenreinigung.<\/li>\n\t<li>Lagerung und Versand.<\/li>\n<\/ul>","protected":false},"excerpt":{"rendered":"<p>Die Loyalit\u00e4t unserer Verbraucher besteht darin, dass wir nur Qualit\u00e4tsrohstoffe verwenden, deren gr\u00f6\u00dfter Wert darin besteht, dass es sich um ein Kampagnenprodukt handelt. Dies ist der optimale Zeitpunkt f\u00fcr Fisch, da er dann seine h\u00f6chsten N\u00e4hrwerte und organoleptischen Eigenschaften aufweist. Die einzigen Zutaten sind Oliven\u00f6l und ein wenig Meersalz.<\/p>\n","protected":false},"featured_media":12425,"comment_status":"closed","ping_status":"closed","template":"","meta":{"site-sidebar-layout":"default","site-content-layout":"default","ast-site-content-layout":"default","site-content-style":"default","site-sidebar-style":"default","ast-global-header-display":"","ast-banner-title-visibility":"","ast-main-header-display":"","ast-hfb-above-header-display":"","ast-hfb-below-header-display":"","ast-hfb-mobile-header-display":"","site-post-title":"","ast-breadcrumbs-content":"","ast-featured-img":"","footer-sml-layout":"","ast-disable-related-posts":"","theme-transparent-header-meta":"default","adv-header-id-meta":"","stick-header-meta":"","header-above-stick-meta":"","header-main-stick-meta":"","header-below-stick-meta":"","astra-migrate-meta-layouts":"default","ast-page-background-enabled":"default","ast-page-background-meta":{"desktop":{"background-color":"var(--ast-global-color-4)","background-image":"","background-repeat":"repeat","background-position":"center center","background-size":"auto","background-attachment":"scroll","background-type":"","background-media":"","overlay-type":"","overlay-color":"","overlay-opacity":"","overlay-gradient":""},"tablet":{"background-color":"","background-image":"","background-repeat":"repeat","background-position":"center center","background-size":"auto","background-attachment":"scroll","background-type":"","background-media":"","overlay-type":"","overlay-color":"","overlay-opacity":"","overlay-gradient":""},"mobile":{"background-color":"","background-image":"","background-repeat":"repeat","background-position":"center center","background-size":"auto","background-attachment":"scroll","background-type":"","background-media":"","overlay-type":"","overlay-color":"","overlay-opacity":"","overlay-gradient":""}},"ast-content-background-meta":{"desktop":{"background-color":"var(--ast-global-color-5)","background-image":"","background-repeat":"repeat","background-position":"center center","background-size":"auto","background-attachment":"scroll","background-type":"","background-media":"","overlay-type":"","overlay-color":"","overlay-opacity":"","overlay-gradient":""},"tablet":{"background-color":"var(--ast-global-color-5)","background-image":"","background-repeat":"repeat","background-position":"center center","background-size":"auto","background-attachment":"scroll","background-type":"","background-media":"","overlay-type":"","overlay-color":"","overlay-opacity":"","overlay-gradient":""},"mobile":{"background-color":"var(--ast-global-color-5)","background-image":"","background-repeat":"repeat","background-position":"center center","background-size":"auto","background-attachment":"scroll","background-type":"","background-media":"","overlay-type":"","overlay-color":"","overlay-opacity":"","overlay-gradient":""}}},"product_brand":[1088],"product_cat":[331],"product_tag":[],"class_list":{"0":"post-8183","1":"product","2":"type-product","3":"status-publish","4":"has-post-thumbnail","6":"product_brand-tejero","7":"product_cat-fregatte-almadraba-thunfisch","8":"desktop-align-left","9":"tablet-align-left","10":"mobile-align-left","12":"first","13":"instock","14":"taxable","15":"shipping-taxable","16":"purchasable","17":"product-type-simple"},"_links":{"self":[{"href":"https:\/\/andalubox.com\/de\/wp-json\/wp\/v2\/product\/8183","targetHints":{"allow":["GET"]}}],"collection":[{"href":"https:\/\/andalubox.com\/de\/wp-json\/wp\/v2\/product"}],"about":[{"href":"https:\/\/andalubox.com\/de\/wp-json\/wp\/v2\/types\/product"}],"replies":[{"embeddable":true,"href":"https:\/\/andalubox.com\/de\/wp-json\/wp\/v2\/comments?post=8183"}],"wp:featuredmedia":[{"embeddable":true,"href":"https:\/\/andalubox.com\/de\/wp-json\/wp\/v2\/media\/12425"}],"wp:attachment":[{"href":"https:\/\/andalubox.com\/de\/wp-json\/wp\/v2\/media?parent=8183"}],"wp:term":[{"taxonomy":"product_brand","embeddable":true,"href":"https:\/\/andalubox.com\/de\/wp-json\/wp\/v2\/product_brand?post=8183"},{"taxonomy":"product_cat","embeddable":true,"href":"https:\/\/andalubox.com\/de\/wp-json\/wp\/v2\/product_cat?post=8183"},{"taxonomy":"product_tag","embeddable":true,"href":"https:\/\/andalubox.com\/de\/wp-json\/wp\/v2\/product_tag?post=8183"}],"curies":[{"name":"wp","href":"https:\/\/api.w.org\/{rel}","templated":true}]}}