{"id":8176,"date":"2023-03-19T13:07:03","date_gmt":"2023-03-19T12:07:03","guid":{"rendered":"https:\/\/andalubox.com\/producto-andaluz\/palo-seco-rum\/"},"modified":"2025-06-18T18:51:17","modified_gmt":"2025-06-18T16:51:17","slug":"stock-trocken-rum-behandlung","status":"publish","type":"product","link":"https:\/\/andalubox.com\/de\/producto-andaluz\/stock-trocken-rum-behandlung\/","title":{"rendered":"Palo Seco A\u00f1ejo Rum 100% Andalusisch, 70cl"},"content":{"rendered":"<p>Ron A\u00f1ejo &#8220;Palo Seco&#8221; (37,5\u00ba) ist das Ergebnis einer anspruchsvollen Auswahl von Zuckerrohralkoholen. Unser Ron A\u00f1ejo wird nach alter Tradition hergestellt und reift in Eichenf\u00e4ssern, bis er seinen optimalen Punkt erreicht hat. Palo Seco gibt Ihnen den Geschmack und das Aroma des geheimen Rums vergangener Zeiten.<\/p>\n<p>CATA:<\/p>\n<p><u>Farbe:<\/u> Leuchtend dunkler Bernstein.<\/p>\n<p><u>Geruch:<\/u> Holzig mit s\u00fc\u00dfen Aromen von Vanille, Karamell und Melasse.<\/p>\n<p><u>Geschmack:<\/u> Mittel-leichter K\u00f6rper, trocken, mit sehr ausgepr\u00e4gten holzigen Aromen. Warmer Abgang mit abklingenden Karamellnoten. Zart mit Noten von Holz, N\u00fcssen und Vanille.<\/p>","protected":false},"excerpt":{"rendered":"<p>Zum Gedenken an die spanischen Seeleute, die das Zuckerrohr nach S\u00fcdamerika brachten, mit den St\u00fcrmen des Meeres k\u00e4mpften, die Segel setzten und nach &#8220;Palo Seco&#8221; segelten.<\/p>\n","protected":false},"featured_media":7104,"comment_status":"closed","ping_status":"closed","template":"","meta":{"site-sidebar-layout":"default","site-content-layout":"default","ast-site-content-layout":"default","site-content-style":"default","site-sidebar-style":"default","ast-global-header-display":"","ast-banner-title-visibility":"","ast-main-header-display":"","ast-hfb-above-header-display":"","ast-hfb-below-header-display":"","ast-hfb-mobile-header-display":"","site-post-title":"","ast-breadcrumbs-content":"","ast-featured-img":"","footer-sml-layout":"","ast-disable-related-posts":"","theme-transparent-header-meta":"default","adv-header-id-meta":"","stick-header-meta":"","header-above-stick-meta":"","header-main-stick-meta":"","header-below-stick-meta":"","astra-migrate-meta-layouts":"default","ast-page-background-enabled":"default","ast-page-background-meta":{"desktop":{"background-color":"var(--ast-global-color-4)","background-image":"","background-repeat":"repeat","background-position":"center center","background-size":"auto","background-attachment":"scroll","background-type":"","background-media":"","overlay-type":"","overlay-color":"","overlay-opacity":"","overlay-gradient":""},"tablet":{"background-color":"","background-image":"","background-repeat":"repeat","background-position":"center center","background-size":"auto","background-attachment":"scroll","background-type":"","background-media":"","overlay-type":"","overlay-color":"","overlay-opacity":"","overlay-gradient":""},"mobile":{"background-color":"","background-image":"","background-repeat":"repeat","background-position":"center center","background-size":"auto","background-attachment":"scroll","background-type":"","background-media":"","overlay-type":"","overlay-color":"","overlay-opacity":"","overlay-gradient":""}},"ast-content-background-meta":{"desktop":{"background-color":"var(--ast-global-color-5)","background-image":"","background-repeat":"repeat","background-position":"center center","background-size":"auto","background-attachment":"scroll","background-type":"","background-media":"","overlay-type":"","overlay-color":"","overlay-opacity":"","overlay-gradient":""},"tablet":{"background-color":"var(--ast-global-color-5)","background-image":"","background-repeat":"repeat","background-position":"center center","background-size":"auto","background-attachment":"scroll","background-type":"","background-media":"","overlay-type":"","overlay-color":"","overlay-opacity":"","overlay-gradient":""},"mobile":{"background-color":"var(--ast-global-color-5)","background-image":"","background-repeat":"repeat","background-position":"center center","background-size":"auto","background-attachment":"scroll","background-type":"","background-media":"","overlay-type":"","overlay-color":"","overlay-opacity":"","overlay-gradient":""}}},"product_brand":[1440],"product_cat":[41],"product_tag":[],"class_list":{"0":"post-8176","1":"product","2":"type-product","3":"status-publish","4":"has-post-thumbnail","6":"product_brand-palo-seco","7":"product_cat-conservas-de-carne","8":"desktop-align-left","9":"tablet-align-left","10":"mobile-align-left","12":"first","13":"outofstock","14":"taxable","15":"shipping-taxable","16":"purchasable","17":"product-type-simple"},"_links":{"self":[{"href":"https:\/\/andalubox.com\/de\/wp-json\/wp\/v2\/product\/8176","targetHints":{"allow":["GET"]}}],"collection":[{"href":"https:\/\/andalubox.com\/de\/wp-json\/wp\/v2\/product"}],"about":[{"href":"https:\/\/andalubox.com\/de\/wp-json\/wp\/v2\/types\/product"}],"replies":[{"embeddable":true,"href":"https:\/\/andalubox.com\/de\/wp-json\/wp\/v2\/comments?post=8176"}],"wp:featuredmedia":[{"embeddable":true,"href":"https:\/\/andalubox.com\/de\/wp-json\/wp\/v2\/media\/7104"}],"wp:attachment":[{"href":"https:\/\/andalubox.com\/de\/wp-json\/wp\/v2\/media?parent=8176"}],"wp:term":[{"taxonomy":"product_brand","embeddable":true,"href":"https:\/\/andalubox.com\/de\/wp-json\/wp\/v2\/product_brand?post=8176"},{"taxonomy":"product_cat","embeddable":true,"href":"https:\/\/andalubox.com\/de\/wp-json\/wp\/v2\/product_cat?post=8176"},{"taxonomy":"product_tag","embeddable":true,"href":"https:\/\/andalubox.com\/de\/wp-json\/wp\/v2\/product_tag?post=8176"}],"curies":[{"name":"wp","href":"https:\/\/api.w.org\/{rel}","templated":true}]}}