{"id":8169,"date":"2023-03-19T13:06:58","date_gmt":"2023-03-19T12:06:58","guid":{"rendered":"https:\/\/andalubox.com\/producto-andaluz\/obando-picos-glutenfrei-80g\/"},"modified":"2025-06-12T23:16:38","modified_gmt":"2025-06-12T21:16:38","slug":"obando-glutenfrei-schnabel-80g","status":"publish","type":"product","link":"https:\/\/andalubox.com\/de\/producto-andaluz\/obando-glutenfrei-schnabel-80g\/","title":{"rendered":"Obando Picos Utreranos Glutenfrei, 80g"},"content":{"rendered":"<p>In Anbetracht der heutigen Lebensmittelunvertr\u00e4glichkeiten wollte die B\u00e4ckerei Obando ein Qualit\u00e4tsprodukt auf den Markt bringen, das in der heutigen Zeit so notwendig ist, indem sie die traditionelle Spitze der Ern\u00e4hrung von Z\u00f6liakiebetroffenen aufnimmt und dabei die gesamte Textur und den Geschmack bewahrt.<\/p>\n<p>Sie sind frei von Gluten, Laktose und anerkannten Allergenen und ersetzen herk\u00f6mmliche Weizenmehle durch Reis- und Maisst\u00e4rkemehle.<\/p>","protected":false},"excerpt":{"rendered":"<p>Der beste Geschmack, jetzt glutenfrei. Entdecken Sie unser Angebot an z\u00f6liakiefreundlichen Gipfeln, mit denen Sie Ihre Gerichte auf k\u00f6stliche Weise erg\u00e4nzen k\u00f6nnen, ohne sich Gedanken \u00fcber Gluten machen zu m\u00fcssen.<\/p>\n","protected":false},"featured_media":7155,"comment_status":"closed","ping_status":"closed","template":"","meta":{"site-sidebar-layout":"default","site-content-layout":"default","ast-site-content-layout":"default","site-content-style":"default","site-sidebar-style":"default","ast-global-header-display":"","ast-banner-title-visibility":"","ast-main-header-display":"","ast-hfb-above-header-display":"","ast-hfb-below-header-display":"","ast-hfb-mobile-header-display":"","site-post-title":"","ast-breadcrumbs-content":"","ast-featured-img":"","footer-sml-layout":"","ast-disable-related-posts":"","theme-transparent-header-meta":"default","adv-header-id-meta":"","stick-header-meta":"","header-above-stick-meta":"","header-main-stick-meta":"","header-below-stick-meta":"","astra-migrate-meta-layouts":"default","ast-page-background-enabled":"default","ast-page-background-meta":{"desktop":{"background-color":"var(--ast-global-color-4)","background-image":"","background-repeat":"repeat","background-position":"center center","background-size":"auto","background-attachment":"scroll","background-type":"","background-media":"","overlay-type":"","overlay-color":"","overlay-opacity":"","overlay-gradient":""},"tablet":{"background-color":"","background-image":"","background-repeat":"repeat","background-position":"center center","background-size":"auto","background-attachment":"scroll","background-type":"","background-media":"","overlay-type":"","overlay-color":"","overlay-opacity":"","overlay-gradient":""},"mobile":{"background-color":"","background-image":"","background-repeat":"repeat","background-position":"center center","background-size":"auto","background-attachment":"scroll","background-type":"","background-media":"","overlay-type":"","overlay-color":"","overlay-opacity":"","overlay-gradient":""}},"ast-content-background-meta":{"desktop":{"background-color":"var(--ast-global-color-5)","background-image":"","background-repeat":"repeat","background-position":"center center","background-size":"auto","background-attachment":"scroll","background-type":"","background-media":"","overlay-type":"","overlay-color":"","overlay-opacity":"","overlay-gradient":""},"tablet":{"background-color":"var(--ast-global-color-5)","background-image":"","background-repeat":"repeat","background-position":"center center","background-size":"auto","background-attachment":"scroll","background-type":"","background-media":"","overlay-type":"","overlay-color":"","overlay-opacity":"","overlay-gradient":""},"mobile":{"background-color":"var(--ast-global-color-5)","background-image":"","background-repeat":"repeat","background-position":"center center","background-size":"auto","background-attachment":"scroll","background-type":"","background-media":"","overlay-type":"","overlay-color":"","overlay-opacity":"","overlay-gradient":""}}},"product_brand":[1437],"product_cat":[456],"product_tag":[120],"class_list":{"0":"post-8169","1":"product","2":"type-product","3":"status-publish","4":"has-post-thumbnail","6":"product_brand-obando","7":"product_cat-cava-espumosos","8":"product_tag-sevilla-de","9":"desktop-align-left","10":"tablet-align-left","11":"mobile-align-left","13":"first","14":"instock","15":"taxable","16":"shipping-taxable","17":"purchasable","18":"product-type-simple"},"_links":{"self":[{"href":"https:\/\/andalubox.com\/de\/wp-json\/wp\/v2\/product\/8169","targetHints":{"allow":["GET"]}}],"collection":[{"href":"https:\/\/andalubox.com\/de\/wp-json\/wp\/v2\/product"}],"about":[{"href":"https:\/\/andalubox.com\/de\/wp-json\/wp\/v2\/types\/product"}],"replies":[{"embeddable":true,"href":"https:\/\/andalubox.com\/de\/wp-json\/wp\/v2\/comments?post=8169"}],"wp:featuredmedia":[{"embeddable":true,"href":"https:\/\/andalubox.com\/de\/wp-json\/wp\/v2\/media\/7155"}],"wp:attachment":[{"href":"https:\/\/andalubox.com\/de\/wp-json\/wp\/v2\/media?parent=8169"}],"wp:term":[{"taxonomy":"product_brand","embeddable":true,"href":"https:\/\/andalubox.com\/de\/wp-json\/wp\/v2\/product_brand?post=8169"},{"taxonomy":"product_cat","embeddable":true,"href":"https:\/\/andalubox.com\/de\/wp-json\/wp\/v2\/product_cat?post=8169"},{"taxonomy":"product_tag","embeddable":true,"href":"https:\/\/andalubox.com\/de\/wp-json\/wp\/v2\/product_tag?post=8169"}],"curies":[{"name":"wp","href":"https:\/\/api.w.org\/{rel}","templated":true}]}}