{"id":8166,"date":"2022-10-26T13:06:35","date_gmt":"2022-10-26T11:06:35","guid":{"rendered":"https:\/\/andalubox.com\/producto-andaluz\/die-gujio-fried-cookie-gefuellte-creme-450gr\/"},"modified":"2025-06-13T23:14:33","modified_gmt":"2025-06-13T21:14:33","slug":"el-gujio-cookie-fried-stuffed-cream-450gr","status":"publish","type":"product","link":"https:\/\/andalubox.com\/de\/producto-andaluz\/el-gujio-cookie-fried-stuffed-cream-450gr\/","title":{"rendered":"El Guijo San Jos\u00e9 de la Rinconada Cremegef\u00fclltes Bratgeb\u00e4ck, 300g"},"content":{"rendered":"<p><strong>ZUTATEN<\/strong>: Vanillecreme (40 %) (Glukosesirup, Wasser, Zucker, Stabilisatoren (E-1442, E-1200 und E-401), Verdickungsmittel (E-466), Konservierungsmittel (E202, E281), S\u00e4uerungsmittel E-(296.), Farbstoff (E-101, E-160-a, E-171), Aromastoffe und Salz. Keks (35,2 %) (Weizenmehl, Zucker, Sirup (Glukose-Fruktose), Sonnenblumen\u00f6l mit hohem \u00d6ls\u00e4uregehalt und Palm\u00f6l, Salz, Natriumbicarbonat E-500ii und Ammoniumbicarbonat E-503ii, Emulgator (Sonnenblumenlecithin), Aroma und Mehlbehandlungsmittel (E-223) (enth\u00e4lt Sulfite)), Sonnenblumen\u00f6l, Zucker.<\/p>","protected":false},"excerpt":{"rendered":"<p>Leckere frittierte Kekse, gef\u00fcllt mit Vanillepudding. Ausgearbeitet von El Guijo. Traditionelles andalusisches Erzeugnis<\/p>\n","protected":false},"featured_media":7098,"template":"","meta":{"site-sidebar-layout":"default","site-content-layout":"default","ast-site-content-layout":"default","site-content-style":"default","site-sidebar-style":"default","ast-global-header-display":"","ast-banner-title-visibility":"","ast-main-header-display":"","ast-hfb-above-header-display":"","ast-hfb-below-header-display":"","ast-hfb-mobile-header-display":"","site-post-title":"","ast-breadcrumbs-content":"","ast-featured-img":"","footer-sml-layout":"","ast-disable-related-posts":"","theme-transparent-header-meta":"default","adv-header-id-meta":"","stick-header-meta":"","header-above-stick-meta":"","header-main-stick-meta":"","header-below-stick-meta":"","astra-migrate-meta-layouts":"default","ast-page-background-enabled":"default","ast-page-background-meta":{"desktop":{"background-color":"var(--ast-global-color-4)","background-image":"","background-repeat":"repeat","background-position":"center center","background-size":"auto","background-attachment":"scroll","background-type":"","background-media":"","overlay-type":"","overlay-color":"","overlay-opacity":"","overlay-gradient":""},"tablet":{"background-color":"","background-image":"","background-repeat":"repeat","background-position":"center center","background-size":"auto","background-attachment":"scroll","background-type":"","background-media":"","overlay-type":"","overlay-color":"","overlay-opacity":"","overlay-gradient":""},"mobile":{"background-color":"","background-image":"","background-repeat":"repeat","background-position":"center center","background-size":"auto","background-attachment":"scroll","background-type":"","background-media":"","overlay-type":"","overlay-color":"","overlay-opacity":"","overlay-gradient":""}},"ast-content-background-meta":{"desktop":{"background-color":"var(--ast-global-color-5)","background-image":"","background-repeat":"repeat","background-position":"center center","background-size":"auto","background-attachment":"scroll","background-type":"","background-media":"","overlay-type":"","overlay-color":"","overlay-opacity":"","overlay-gradient":""},"tablet":{"background-color":"var(--ast-global-color-5)","background-image":"","background-repeat":"repeat","background-position":"center center","background-size":"auto","background-attachment":"scroll","background-type":"","background-media":"","overlay-type":"","overlay-color":"","overlay-opacity":"","overlay-gradient":""},"mobile":{"background-color":"var(--ast-global-color-5)","background-image":"","background-repeat":"repeat","background-position":"center center","background-size":"auto","background-attachment":"scroll","background-type":"","background-media":"","overlay-type":"","overlay-color":"","overlay-opacity":"","overlay-gradient":""}}},"product_brand":[1438],"product_cat":[1638],"product_tag":[],"class_list":{"0":"post-8166","1":"product","2":"type-product","3":"status-publish","4":"has-post-thumbnail","6":"product_brand-el-guijo","7":"product_cat-gebaeck-traditionelle-suesswaren","8":"desktop-align-left","9":"tablet-align-left","10":"mobile-align-left","12":"first","13":"instock","14":"taxable","15":"shipping-taxable","16":"purchasable","17":"product-type-simple"},"_links":{"self":[{"href":"https:\/\/andalubox.com\/de\/wp-json\/wp\/v2\/product\/8166","targetHints":{"allow":["GET"]}}],"collection":[{"href":"https:\/\/andalubox.com\/de\/wp-json\/wp\/v2\/product"}],"about":[{"href":"https:\/\/andalubox.com\/de\/wp-json\/wp\/v2\/types\/product"}],"wp:featuredmedia":[{"embeddable":true,"href":"https:\/\/andalubox.com\/de\/wp-json\/wp\/v2\/media\/7098"}],"wp:attachment":[{"href":"https:\/\/andalubox.com\/de\/wp-json\/wp\/v2\/media?parent=8166"}],"wp:term":[{"taxonomy":"product_brand","embeddable":true,"href":"https:\/\/andalubox.com\/de\/wp-json\/wp\/v2\/product_brand?post=8166"},{"taxonomy":"product_cat","embeddable":true,"href":"https:\/\/andalubox.com\/de\/wp-json\/wp\/v2\/product_cat?post=8166"},{"taxonomy":"product_tag","embeddable":true,"href":"https:\/\/andalubox.com\/de\/wp-json\/wp\/v2\/product_tag?post=8166"}],"curies":[{"name":"wp","href":"https:\/\/api.w.org\/{rel}","templated":true}]}}