{"id":8155,"date":"2022-10-26T13:06:45","date_gmt":"2022-10-26T11:06:45","guid":{"rendered":"https:\/\/andalubox.com\/producto-andaluz\/ines-rosales-cortadillo-de-cidra\/"},"modified":"2025-08-19T10:11:58","modified_gmt":"2025-08-19T08:11:58","slug":"ines-rosales-cortadillo-de-cidra","status":"publish","type":"product","link":"https:\/\/andalubox.com\/de\/producto-andaluz\/ines-rosales-cortadillo-de-cidra\/","title":{"rendered":"In\u00e9s Rosales Cortadillos de Cabello de \u00c1ngel de Sevilla, 144gr"},"content":{"rendered":"<p>Hergestellt aus Weizenmehl, Engelshaarf\u00fcllung [30%, K\u00fcrbisfruchtfleisch, Zucker, Glukose- und Fruktosesirup, modifizierte St\u00e4rke, S\u00e4uerungsmittel (Zitronens\u00e4ure), Konservierungsmittel (Kaliumsorbat, Natriummetabisulfit), Stabilisator (Calciumchlorid), Zimtaroma], Sonnenblumen\u00f6l mit hohem \u00d6lgehalt (16%), Zucker, Antifeuchtigkeitszucker (Dextrose, Zucker, Trennmittel (Kalziumkarbonat), vollst\u00e4ndig hydriertes Pflanzenfett (Palm 0,2%)), Gew\u00fcrzmischung, Zitronenaroma.<\/p>\n<p>Andalubox setzt auf Produkte von In\u00e9s Rosales. Spanisches Essen. <\/p>","protected":false},"excerpt":{"rendered":"<p>Eine traditionelle S\u00fc\u00dfigkeit aus Sevilla, die sich durch ihren Geschmack nach Zitrone und Engelshaar auszeichnet und die ganze Familie erfreut. Hergestellt mit den besten Zutaten von In\u00e9s Rosales<\/p>\n","protected":false},"featured_media":14085,"comment_status":"closed","ping_status":"closed","template":"","meta":{"site-sidebar-layout":"default","site-content-layout":"default","ast-site-content-layout":"default","site-content-style":"default","site-sidebar-style":"default","ast-global-header-display":"","ast-banner-title-visibility":"","ast-main-header-display":"","ast-hfb-above-header-display":"","ast-hfb-below-header-display":"","ast-hfb-mobile-header-display":"","site-post-title":"","ast-breadcrumbs-content":"","ast-featured-img":"","footer-sml-layout":"","ast-disable-related-posts":"","theme-transparent-header-meta":"default","adv-header-id-meta":"","stick-header-meta":"","header-above-stick-meta":"","header-main-stick-meta":"","header-below-stick-meta":"","astra-migrate-meta-layouts":"default","ast-page-background-enabled":"default","ast-page-background-meta":{"desktop":{"background-color":"var(--ast-global-color-4)","background-image":"","background-repeat":"repeat","background-position":"center center","background-size":"auto","background-attachment":"scroll","background-type":"","background-media":"","overlay-type":"","overlay-color":"","overlay-opacity":"","overlay-gradient":""},"tablet":{"background-color":"","background-image":"","background-repeat":"repeat","background-position":"center center","background-size":"auto","background-attachment":"scroll","background-type":"","background-media":"","overlay-type":"","overlay-color":"","overlay-opacity":"","overlay-gradient":""},"mobile":{"background-color":"","background-image":"","background-repeat":"repeat","background-position":"center center","background-size":"auto","background-attachment":"scroll","background-type":"","background-media":"","overlay-type":"","overlay-color":"","overlay-opacity":"","overlay-gradient":""}},"ast-content-background-meta":{"desktop":{"background-color":"var(--ast-global-color-5)","background-image":"","background-repeat":"repeat","background-position":"center center","background-size":"auto","background-attachment":"scroll","background-type":"","background-media":"","overlay-type":"","overlay-color":"","overlay-opacity":"","overlay-gradient":""},"tablet":{"background-color":"var(--ast-global-color-5)","background-image":"","background-repeat":"repeat","background-position":"center center","background-size":"auto","background-attachment":"scroll","background-type":"","background-media":"","overlay-type":"","overlay-color":"","overlay-opacity":"","overlay-gradient":""},"mobile":{"background-color":"var(--ast-global-color-5)","background-image":"","background-repeat":"repeat","background-position":"center center","background-size":"auto","background-attachment":"scroll","background-type":"","background-media":"","overlay-type":"","overlay-color":"","overlay-opacity":"","overlay-gradient":""}}},"product_brand":[1218],"product_cat":[1638,15],"product_tag":[],"class_list":{"0":"post-8155","1":"product","2":"type-product","3":"status-publish","4":"has-post-thumbnail","6":"product_brand-ines-rosales","7":"product_cat-reposteria-y-dulces-tradicionales-de","8":"product_cat-sin-categorizar","9":"desktop-align-left","10":"tablet-align-left","11":"mobile-align-left","13":"first","14":"instock","15":"taxable","16":"shipping-taxable","17":"purchasable","18":"product-type-simple"},"_links":{"self":[{"href":"https:\/\/andalubox.com\/de\/wp-json\/wp\/v2\/product\/8155","targetHints":{"allow":["GET"]}}],"collection":[{"href":"https:\/\/andalubox.com\/de\/wp-json\/wp\/v2\/product"}],"about":[{"href":"https:\/\/andalubox.com\/de\/wp-json\/wp\/v2\/types\/product"}],"replies":[{"embeddable":true,"href":"https:\/\/andalubox.com\/de\/wp-json\/wp\/v2\/comments?post=8155"}],"wp:featuredmedia":[{"embeddable":true,"href":"https:\/\/andalubox.com\/de\/wp-json\/wp\/v2\/media\/14085"}],"wp:attachment":[{"href":"https:\/\/andalubox.com\/de\/wp-json\/wp\/v2\/media?parent=8155"}],"wp:term":[{"taxonomy":"product_brand","embeddable":true,"href":"https:\/\/andalubox.com\/de\/wp-json\/wp\/v2\/product_brand?post=8155"},{"taxonomy":"product_cat","embeddable":true,"href":"https:\/\/andalubox.com\/de\/wp-json\/wp\/v2\/product_cat?post=8155"},{"taxonomy":"product_tag","embeddable":true,"href":"https:\/\/andalubox.com\/de\/wp-json\/wp\/v2\/product_tag?post=8155"}],"curies":[{"name":"wp","href":"https:\/\/api.w.org\/{rel}","templated":true}]}}