{"id":8154,"date":"2022-10-26T13:06:35","date_gmt":"2022-10-26T11:06:35","guid":{"rendered":"https:\/\/andalubox.com\/producto-andaluz\/el-guijo-barquitos-de-crema-215gr\/"},"modified":"2025-06-13T23:14:30","modified_gmt":"2025-06-13T21:14:30","slug":"el-guijo-barquitos-de-crema-215gr","status":"publish","type":"product","link":"https:\/\/andalubox.com\/de\/producto-andaluz\/el-guijo-barquitos-de-crema-215gr\/","title":{"rendered":"El Guijo Barquitos de Crema de San Jos\u00e9 de la Rinconada, 215g"},"content":{"rendered":"<p><strong>ZUTATEN<\/strong>: Weizenmehl (enth\u00e4lt Gluten), Fondant (Saccharose, Glukosesirup und Wasser), Margarine (pflanzliche Fette (Palm), pflanzliche \u00d6le (Sonnenblume), Wasser, Salz, pH-Korrekturmittel (E-330), Konservierungsmittel (E-200), Emulgatoren (E-471, E-475, E-322), Antioxidantien (E-304i, E-306), Farbstoffe (E-160a) und Aromen).Vanillecreme (Zucker, Wasser, Glukosesirup, modifizierte St\u00e4rke, Maisst\u00e4rke, Konservierungsmittel (E-202, E-281), Stabilisator (E-466), S\u00e4uerungsmittel (E-330), Vanillearoma, Farbstoffe (E-160a, E-160c, E-100))Zucker, Sonnenblumen\u00f6l, frische Eier, Wasser, Weizengluten, S\u00fc\u00dfstoff: Sorbitsirup,Backtriebmittel (E-450i, E-500ii),Konservierungsmittel (Propylenglykol, E-281, Wasser),Dextrose-Monohydrat und Salz.<\/p>\n<p>&nbsp;<\/p>","protected":false},"excerpt":{"rendered":"<p>Eine S\u00fc\u00dfspeise aus dem Hause El Guijo mit einer Mischung aus Bl\u00e4tterteig, Biskuit, Sahne und Karamell. Andalusisches Produkt<\/p>\n","protected":false},"featured_media":12450,"comment_status":"closed","ping_status":"closed","template":"","meta":{"site-sidebar-layout":"default","site-content-layout":"default","ast-site-content-layout":"default","site-content-style":"default","site-sidebar-style":"default","ast-global-header-display":"","ast-banner-title-visibility":"","ast-main-header-display":"","ast-hfb-above-header-display":"","ast-hfb-below-header-display":"","ast-hfb-mobile-header-display":"","site-post-title":"","ast-breadcrumbs-content":"","ast-featured-img":"","footer-sml-layout":"","ast-disable-related-posts":"","theme-transparent-header-meta":"default","adv-header-id-meta":"","stick-header-meta":"","header-above-stick-meta":"","header-main-stick-meta":"","header-below-stick-meta":"","astra-migrate-meta-layouts":"default","ast-page-background-enabled":"default","ast-page-background-meta":{"desktop":{"background-color":"var(--ast-global-color-4)","background-image":"","background-repeat":"repeat","background-position":"center center","background-size":"auto","background-attachment":"scroll","background-type":"","background-media":"","overlay-type":"","overlay-color":"","overlay-opacity":"","overlay-gradient":""},"tablet":{"background-color":"","background-image":"","background-repeat":"repeat","background-position":"center center","background-size":"auto","background-attachment":"scroll","background-type":"","background-media":"","overlay-type":"","overlay-color":"","overlay-opacity":"","overlay-gradient":""},"mobile":{"background-color":"","background-image":"","background-repeat":"repeat","background-position":"center center","background-size":"auto","background-attachment":"scroll","background-type":"","background-media":"","overlay-type":"","overlay-color":"","overlay-opacity":"","overlay-gradient":""}},"ast-content-background-meta":{"desktop":{"background-color":"var(--ast-global-color-5)","background-image":"","background-repeat":"repeat","background-position":"center center","background-size":"auto","background-attachment":"scroll","background-type":"","background-media":"","overlay-type":"","overlay-color":"","overlay-opacity":"","overlay-gradient":""},"tablet":{"background-color":"var(--ast-global-color-5)","background-image":"","background-repeat":"repeat","background-position":"center center","background-size":"auto","background-attachment":"scroll","background-type":"","background-media":"","overlay-type":"","overlay-color":"","overlay-opacity":"","overlay-gradient":""},"mobile":{"background-color":"var(--ast-global-color-5)","background-image":"","background-repeat":"repeat","background-position":"center center","background-size":"auto","background-attachment":"scroll","background-type":"","background-media":"","overlay-type":"","overlay-color":"","overlay-opacity":"","overlay-gradient":""}}},"product_brand":[],"product_cat":[1638],"product_tag":[],"class_list":{"0":"post-8154","1":"product","2":"type-product","3":"status-publish","4":"has-post-thumbnail","6":"product_cat-reposteria-y-dulces-tradicionales-de","7":"desktop-align-left","8":"tablet-align-left","9":"mobile-align-left","11":"first","12":"outofstock","13":"taxable","14":"shipping-taxable","15":"purchasable","16":"product-type-simple"},"_links":{"self":[{"href":"https:\/\/andalubox.com\/de\/wp-json\/wp\/v2\/product\/8154","targetHints":{"allow":["GET"]}}],"collection":[{"href":"https:\/\/andalubox.com\/de\/wp-json\/wp\/v2\/product"}],"about":[{"href":"https:\/\/andalubox.com\/de\/wp-json\/wp\/v2\/types\/product"}],"replies":[{"embeddable":true,"href":"https:\/\/andalubox.com\/de\/wp-json\/wp\/v2\/comments?post=8154"}],"wp:featuredmedia":[{"embeddable":true,"href":"https:\/\/andalubox.com\/de\/wp-json\/wp\/v2\/media\/12450"}],"wp:attachment":[{"href":"https:\/\/andalubox.com\/de\/wp-json\/wp\/v2\/media?parent=8154"}],"wp:term":[{"taxonomy":"product_brand","embeddable":true,"href":"https:\/\/andalubox.com\/de\/wp-json\/wp\/v2\/product_brand?post=8154"},{"taxonomy":"product_cat","embeddable":true,"href":"https:\/\/andalubox.com\/de\/wp-json\/wp\/v2\/product_cat?post=8154"},{"taxonomy":"product_tag","embeddable":true,"href":"https:\/\/andalubox.com\/de\/wp-json\/wp\/v2\/product_tag?post=8154"}],"curies":[{"name":"wp","href":"https:\/\/api.w.org\/{rel}","templated":true}]}}