{"id":8152,"date":"2022-10-26T13:06:33","date_gmt":"2022-10-26T11:06:33","guid":{"rendered":"https:\/\/andalubox.com\/producto-andaluz\/ines-rosales-zucker-pestinos-ohne-honig-230gr\/"},"modified":"2026-01-28T10:54:08","modified_gmt":"2026-01-28T09:54:08","slug":"ines-rosales-pestinos-de-azucar-sin-miel-230gr","status":"publish","type":"product","link":"https:\/\/andalubox.com\/de\/producto-andaluz\/ines-rosales-pestinos-de-azucar-sin-miel-230gr\/","title":{"rendered":"In\u00e9s Rosales Zucker Pesti\u00f1os de Az\u00facar Sin Miel 230g"},"content":{"rendered":"<p>In\u00e9s Rosales Zucker Pesti\u00f1os de Az\u00facar Sin Miel 230g<\/p>\n<p><b>Pesti\u00f1os de Az\u00facar Sin Miel<\/b> de In\u00e9s Rosales 230g sind eine Variation dieser traditionellen andalusischen S\u00fc\u00dfigkeit, ideal f\u00fcr alle, die einen Geschmack ohne die charakteristische S\u00fc\u00dfe des Honigs bevorzugen.<\/p>\n<p><b>Hauptmerkmale:<\/b><\/p>\n<ul>\n\t<li>\n<p><b>Produkt:<\/b> Pesti\u00f1os auf traditionelle Art gebraten.<\/p>\n<\/li>\n\t<li>\n<p><b>Format:<\/b> 230g Packung.<\/p>\n<\/li>\n\t<li>\n<p><b>Zubereitung:<\/b> Sie werden auf traditionelle Weise aus frittiertem und gew\u00fcrztem Teig hergestellt.<\/p>\n<\/li>\n\t<li>\n<p><b>Geschmack:<\/b> Leicht mit Zucker bestreut. Aromatisiert mit Anis und Zimt. <\/p>\n<\/li>\n<\/ul>\n<p><b>Inhaltsstoffe (basierend auf den verf\u00fcgbaren Informationen):<\/b><\/p>\n<ul>\n\t<li>\n<p>Weizenmehl<\/p>\n<\/li>\n\t<li>\n<p>Zucker<\/p>\n<\/li>\n\t<li>\n<p>Raffiniertes Sonnenblumen\u00f6l mit hohem \u00d6ls\u00e4uregehalt<\/p>\n<\/li>\n\t<li>\n<p>Iberischer Schmalz<\/p>\n<\/li>\n\t<li>\n<p>Wein (Sulfite)<\/p>\n<\/li>\n\t<li>\n<p>Meersalz<\/p>\n<\/li>\n\t<li>\n<p>Matalah\u00faga (Anissamen)<\/p>\n<\/li>\n\t<li>\n<p>Nat\u00fcrliches Anis-Aroma<\/p>\n<\/li>\n\t<li>\n<p>Aroma von Zimt<\/p>\n<\/li>\n\t<li>\n<p>Stabilisator (Carboxymethylcellulose)<\/p>\n<\/li>\n<\/ul>\n<p><b>N\u00e4hrwertangaben (ungef\u00e4hre Werte pro 100 g, da diese leicht variieren k\u00f6nnen):<\/b><\/p>\n<ul>\n\t<li>\n<p><b>Energiewert:<\/b> etwa 524 kcal \/ 2185 kJ<\/p>\n<\/li>\n\t<li>\n<p><b>Fett:<\/b> ungef\u00e4hr 33 g (davon ges\u00e4ttigt 6,5 g)<\/p>\n<\/li>\n\t<li>\n<p><b>Kohlenhydrate:<\/b> ca. 53 g (davon 24 g Zucker)<\/p>\n<\/li>\n\t<li>\n<p><b>Ballaststoffe:<\/b> etwa 1,3 g<\/p>\n<\/li>\n\t<li>\n<p><b>Eiwei\u00df:<\/b> ungef\u00e4hr 3,2 g<\/p>\n<\/li>\n\t<li>\n<p><b>Salz:<\/b> etwa 0,37 g<\/p>\n<\/li>\n<\/ul>\n<p><b>Allergene:<\/b><\/p>\n<ul>\n\t<li>\n<p>Enth\u00e4lt <b>Gluten<\/b> und <b>Sulfite<\/b>.<\/p>\n<\/li>\n\t<li>\n<p>Kann Spuren von Soja, Senf und Ei enthalten.<\/p>\n<\/li>\n<\/ul>\n<p>Es ist eine perfekte S\u00fc\u00dfigkeit zum Kaffee oder Tee oder als Dessert zu jeder Zeit.<\/p>","protected":false},"excerpt":{"rendered":"<p>In\u00e9s Rosales Zucker Pesti\u00f1os de Az\u00facar Sin Miel 230g<\/p>\n","protected":false},"featured_media":7071,"comment_status":"closed","ping_status":"closed","template":"","meta":{"site-sidebar-layout":"default","site-content-layout":"default","ast-site-content-layout":"default","site-content-style":"default","site-sidebar-style":"default","ast-global-header-display":"","ast-banner-title-visibility":"","ast-main-header-display":"","ast-hfb-above-header-display":"","ast-hfb-below-header-display":"","ast-hfb-mobile-header-display":"","site-post-title":"","ast-breadcrumbs-content":"","ast-featured-img":"","footer-sml-layout":"","ast-disable-related-posts":"","theme-transparent-header-meta":"default","adv-header-id-meta":"","stick-header-meta":"","header-above-stick-meta":"","header-main-stick-meta":"","header-below-stick-meta":"","astra-migrate-meta-layouts":"default","ast-page-background-enabled":"default","ast-page-background-meta":{"desktop":{"background-color":"var(--ast-global-color-4)","background-image":"","background-repeat":"repeat","background-position":"center center","background-size":"auto","background-attachment":"scroll","background-type":"","background-media":"","overlay-type":"","overlay-color":"","overlay-opacity":"","overlay-gradient":""},"tablet":{"background-color":"","background-image":"","background-repeat":"repeat","background-position":"center center","background-size":"auto","background-attachment":"scroll","background-type":"","background-media":"","overlay-type":"","overlay-color":"","overlay-opacity":"","overlay-gradient":""},"mobile":{"background-color":"","background-image":"","background-repeat":"repeat","background-position":"center center","background-size":"auto","background-attachment":"scroll","background-type":"","background-media":"","overlay-type":"","overlay-color":"","overlay-opacity":"","overlay-gradient":""}},"ast-content-background-meta":{"desktop":{"background-color":"var(--ast-global-color-5)","background-image":"","background-repeat":"repeat","background-position":"center center","background-size":"auto","background-attachment":"scroll","background-type":"","background-media":"","overlay-type":"","overlay-color":"","overlay-opacity":"","overlay-gradient":""},"tablet":{"background-color":"var(--ast-global-color-5)","background-image":"","background-repeat":"repeat","background-position":"center center","background-size":"auto","background-attachment":"scroll","background-type":"","background-media":"","overlay-type":"","overlay-color":"","overlay-opacity":"","overlay-gradient":""},"mobile":{"background-color":"var(--ast-global-color-5)","background-image":"","background-repeat":"repeat","background-position":"center center","background-size":"auto","background-attachment":"scroll","background-type":"","background-media":"","overlay-type":"","overlay-color":"","overlay-opacity":"","overlay-gradient":""}}},"product_brand":[1218],"product_cat":[15],"product_tag":[120],"class_list":{"0":"post-8152","1":"product","2":"type-product","3":"status-publish","4":"has-post-thumbnail","6":"product_brand-ines-rosales","7":"product_cat-sin-categorizar","8":"product_tag-sevilla-de","9":"desktop-align-left","10":"tablet-align-left","11":"mobile-align-left","13":"first","14":"instock","15":"taxable","16":"shipping-taxable","17":"purchasable","18":"product-type-simple"},"_links":{"self":[{"href":"https:\/\/andalubox.com\/de\/wp-json\/wp\/v2\/product\/8152","targetHints":{"allow":["GET"]}}],"collection":[{"href":"https:\/\/andalubox.com\/de\/wp-json\/wp\/v2\/product"}],"about":[{"href":"https:\/\/andalubox.com\/de\/wp-json\/wp\/v2\/types\/product"}],"replies":[{"embeddable":true,"href":"https:\/\/andalubox.com\/de\/wp-json\/wp\/v2\/comments?post=8152"}],"wp:featuredmedia":[{"embeddable":true,"href":"https:\/\/andalubox.com\/de\/wp-json\/wp\/v2\/media\/7071"}],"wp:attachment":[{"href":"https:\/\/andalubox.com\/de\/wp-json\/wp\/v2\/media?parent=8152"}],"wp:term":[{"taxonomy":"product_brand","embeddable":true,"href":"https:\/\/andalubox.com\/de\/wp-json\/wp\/v2\/product_brand?post=8152"},{"taxonomy":"product_cat","embeddable":true,"href":"https:\/\/andalubox.com\/de\/wp-json\/wp\/v2\/product_cat?post=8152"},{"taxonomy":"product_tag","embeddable":true,"href":"https:\/\/andalubox.com\/de\/wp-json\/wp\/v2\/product_tag?post=8152"}],"curies":[{"name":"wp","href":"https:\/\/api.w.org\/{rel}","templated":true}]}}