{"id":8142,"date":"2022-10-26T13:06:35","date_gmt":"2022-10-26T11:06:35","guid":{"rendered":"https:\/\/andalubox.com\/producto-andaluz\/tejero-thunfisch-aus-almadraba-del-principe-in-olivenoel-packung-3-x-80gr\/"},"modified":"2025-08-06T18:40:33","modified_gmt":"2025-08-06T16:40:33","slug":"tejero-atun-de-almadraba-del-principe-en-aceite-de-oliva-pack-3-x-80-gr","status":"publish","type":"product","link":"https:\/\/andalubox.com\/de\/producto-andaluz\/tejero-atun-de-almadraba-del-principe-en-aceite-de-oliva-pack-3-x-80-gr\/","title":{"rendered":"Tejero Thunfisch aus Almadraba in Oliven\u00f6l, Packung 3x80g"},"content":{"rendered":"<p>Tejero Thunfisch aus Almadraba in Oliven\u00f6l, Packung 3x80g<\/p>\n<p class=\"Standard\">W\u00e4hrend des Produktionsprozesses gehen wir sehr sorgf\u00e4ltig mit den von uns verwendeten Rohstoffen um, um die h\u00f6chste Qualit\u00e4t in unserem Endprodukt anbieten zu k\u00f6nnen.<\/p>\n<p class=\"Standard\">Thunfisch in Dosen wird wie folgt zubereitet:<\/p>\n<ul>\n\t<li class=\"Standard\">Thunfisch Lende Empfang.<\/li>\n\t<li class=\"Standard\">Kochen Sie die Lende in einer Salzwasserl\u00f6sung.<\/li>\n\t<li class=\"Standard\">Wartung und K\u00fchlung.<\/li>\n\t<li class=\"Standard\">Verpackung durch Verpackungsmaschinen<\/li>\n\t<li class=\"Standard\">Einer der wichtigsten Schritte, um unseren exklusiven Geschmack zu erreichen, ist die Zugabe der besten Oliven\u00f6le aus Andalusien, die Lake, um den Thunfisch in seinem nat\u00fcrlichen Zustand zu erhalten, oder die Tomatensauce.<\/li>\n\t<li class=\"Standard\">Die Dosen werden dann hermetisch verschlossen und in Autoklaven sterilisiert, um ein v\u00f6llig steriles Produkt zu erhalten.<\/li>\n\t<li class=\"Standard\">Anschlie\u00dfend werden die Dosen gewaschen und getrocknet, bevor sie kartoniert und verpackt werden. Der Prozess schlie\u00dft mit der Lagerung des Produkts f\u00fcr den sp\u00e4teren Versand ab.<\/li>\n<\/ul>\n<p>Tejero ist eine bekannte Marke der Uni\u00f3n Salazonera Isle\u00f1a S.A. (USISA) mit Sitz in Isla Cristina, Huelva, Spanien, die auf eine mehr als 100-j\u00e4hrige Geschichte zur\u00fcckblicken kann, die bis in die Zeit von K\u00f6nig Alfonso XII. zur\u00fcckreicht. Das von Jos\u00e9 Tejero Gonz\u00e1lez gegr\u00fcndete Unternehmen ist auf handwerkliche Produkte in Dosen und Salz spezialisiert, insbesondere auf Almadraba-Thunfisch, der f\u00fcr seine hohe Qualit\u00e4t und traditionelle Herstellung bekannt ist. Die Marke ist daf\u00fcr bekannt, dass sie sich auf Familienprodukte konzentriert und eine Vielzahl von Formaten anbietet, die Fl\u00fcssigkeiten wie Oliven\u00f6l, Sonnenblumen\u00f6l, Tomatensauce, nat\u00fcrliche Salzlake oder salzarme Optionen umfassen. Ihr Thunfisch ist ein saisonales Produkt, das reich an Proteinen, Mineralien, Vitaminen und Omega-3-Fetts\u00e4uren ist und nur Salz und \u00d6l als Konservierungsmittel verwendet.   <\/p>\n<ul>\n\t<li>Nat\u00fcrlicher Thunfisch Tejero (Packung 3 x 52 g oder 3 x 80 g): Thunfisch, konserviert in Wasser und Salz, mit einem Nettogewicht von 240 g (abgetropft 156 g) oder anderen Gr\u00f6\u00dfen.<\/li>\n\t<li>Thunfisch in Oliven\u00f6l Tejero: Erh\u00e4ltlich in verschiedenen Gr\u00f6\u00dfen (z.B. 3 x 52 g, 3 x 80 g, 73 g, 618 g, 1 kg), mit andalusischem Oliven\u00f6l zur Verst\u00e4rkung des Geschmacks.<\/li>\n\t<li>Thunfisch in Tomatenso\u00dfe (Packung 3 x 52 g oder 3 x 80 g): Thunfisch in Tomatenso\u00dfe, mit \u00e4hnlichem N\u00e4hrwert.<\/li>\n\t<li>Wie Thunfisch in salzarmem Oliven\u00f6l (3 x 80 g).<\/li>\n<\/ul>\n<p>Der Produktionsprozess besteht aus der sofortigen Konservierung nach dem Ronqueo (dem traditionellen Schneiden des Thunfischs), was Frische garantiert. Tejero legt Wert auf die Verwendung nat\u00fcrlicher Zutaten (Thunfisch, \u00d6l, Salz) ohne chemische Zus\u00e4tze. Der Herstellungsprozess erfolgt haupts\u00e4chlich in Handarbeit, wobei Frauen eine Schl\u00fcsselrolle beim Filetieren und Konservieren spielen. Die Kunden loben seinen Geschmack f\u00fcr Salate, Sandwiches und F\u00fcllungen.  <\/p>\n<p>Sie k\u00f6nnen ihn in Gesch\u00e4ften in Sevilla wie Andalubox finden. Er wird derzeit in ganz Europa \u00fcber www.andalubox.com exportiert. <\/p>","protected":false},"excerpt":{"rendered":"<p>Tejero Almadraba Thunfisch in Oliven\u00f6l, Packung 3x80g f\u00fcr den Export nach ganz Europa.<\/p>\n","protected":false},"featured_media":7110,"comment_status":"closed","ping_status":"closed","template":"","meta":{"site-sidebar-layout":"default","site-content-layout":"default","ast-site-content-layout":"default","site-content-style":"default","site-sidebar-style":"default","ast-global-header-display":"","ast-banner-title-visibility":"","ast-main-header-display":"","ast-hfb-above-header-display":"","ast-hfb-below-header-display":"","ast-hfb-mobile-header-display":"","site-post-title":"","ast-breadcrumbs-content":"","ast-featured-img":"","footer-sml-layout":"","ast-disable-related-posts":"","theme-transparent-header-meta":"default","adv-header-id-meta":"","stick-header-meta":"","header-above-stick-meta":"","header-main-stick-meta":"","header-below-stick-meta":"","astra-migrate-meta-layouts":"default","ast-page-background-enabled":"default","ast-page-background-meta":{"desktop":{"background-color":"var(--ast-global-color-4)","background-image":"","background-repeat":"repeat","background-position":"center center","background-size":"auto","background-attachment":"scroll","background-type":"","background-media":"","overlay-type":"","overlay-color":"","overlay-opacity":"","overlay-gradient":""},"tablet":{"background-color":"","background-image":"","background-repeat":"repeat","background-position":"center center","background-size":"auto","background-attachment":"scroll","background-type":"","background-media":"","overlay-type":"","overlay-color":"","overlay-opacity":"","overlay-gradient":""},"mobile":{"background-color":"","background-image":"","background-repeat":"repeat","background-position":"center center","background-size":"auto","background-attachment":"scroll","background-type":"","background-media":"","overlay-type":"","overlay-color":"","overlay-opacity":"","overlay-gradient":""}},"ast-content-background-meta":{"desktop":{"background-color":"var(--ast-global-color-5)","background-image":"","background-repeat":"repeat","background-position":"center center","background-size":"auto","background-attachment":"scroll","background-type":"","background-media":"","overlay-type":"","overlay-color":"","overlay-opacity":"","overlay-gradient":""},"tablet":{"background-color":"var(--ast-global-color-5)","background-image":"","background-repeat":"repeat","background-position":"center center","background-size":"auto","background-attachment":"scroll","background-type":"","background-media":"","overlay-type":"","overlay-color":"","overlay-opacity":"","overlay-gradient":""},"mobile":{"background-color":"var(--ast-global-color-5)","background-image":"","background-repeat":"repeat","background-position":"center center","background-size":"auto","background-attachment":"scroll","background-type":"","background-media":"","overlay-type":"","overlay-color":"","overlay-opacity":"","overlay-gradient":""}}},"product_brand":[1088],"product_cat":[329],"product_tag":[],"class_list":{"0":"post-8142","1":"product","2":"type-product","3":"status-publish","4":"has-post-thumbnail","6":"product_brand-tejero","7":"product_cat-thunfisch","8":"desktop-align-left","9":"tablet-align-left","10":"mobile-align-left","12":"first","13":"instock","14":"taxable","15":"shipping-taxable","16":"purchasable","17":"product-type-simple"},"_links":{"self":[{"href":"https:\/\/andalubox.com\/de\/wp-json\/wp\/v2\/product\/8142","targetHints":{"allow":["GET"]}}],"collection":[{"href":"https:\/\/andalubox.com\/de\/wp-json\/wp\/v2\/product"}],"about":[{"href":"https:\/\/andalubox.com\/de\/wp-json\/wp\/v2\/types\/product"}],"replies":[{"embeddable":true,"href":"https:\/\/andalubox.com\/de\/wp-json\/wp\/v2\/comments?post=8142"}],"wp:featuredmedia":[{"embeddable":true,"href":"https:\/\/andalubox.com\/de\/wp-json\/wp\/v2\/media\/7110"}],"wp:attachment":[{"href":"https:\/\/andalubox.com\/de\/wp-json\/wp\/v2\/media?parent=8142"}],"wp:term":[{"taxonomy":"product_brand","embeddable":true,"href":"https:\/\/andalubox.com\/de\/wp-json\/wp\/v2\/product_brand?post=8142"},{"taxonomy":"product_cat","embeddable":true,"href":"https:\/\/andalubox.com\/de\/wp-json\/wp\/v2\/product_cat?post=8142"},{"taxonomy":"product_tag","embeddable":true,"href":"https:\/\/andalubox.com\/de\/wp-json\/wp\/v2\/product_tag?post=8142"}],"curies":[{"name":"wp","href":"https:\/\/api.w.org\/{rel}","templated":true}]}}