{"id":8115,"date":"2022-10-26T13:06:22","date_gmt":"2022-10-26T11:06:22","guid":{"rendered":"https:\/\/andalubox.com\/producto-andaluz\/alsur-artischocken-mit-stiel-720gr\/"},"modified":"2025-06-17T11:32:36","modified_gmt":"2025-06-17T09:32:36","slug":"alsur-artischocke-mit-stiel-720gr","status":"publish","type":"product","link":"https:\/\/andalubox.com\/de\/producto-andaluz\/alsur-artischocke-mit-stiel-720gr\/","title":{"rendered":"Alsur Antequera Gro\u00dfe Artischocken nach r\u00f6mischer Art mit Stiel 5-7 Fr\u00fcchte, 630g"},"content":{"rendered":"<div class=\"info\">\n<h3 class=\"info-title\">Allgemeine Informationen<\/h3>\n<ul class=\"info-list\">\n\t<li class=\"info-item\"><span class=\"info-key \">Name des Lebensmittels:<\/span> Gestielte Artischocke<\/li>\n\t<li class=\"info-item\"><span class=\"info-key \">Herkunftsland:<\/span> Peru<\/li>\n\t<li class=\"info-item\"><span class=\"info-key \">Name des Anbieters:<\/span> Sola de Antequera, S.A.<\/li>\n\t<li class=\"info-item\"><span class=\"info-key \">Anschrift des Betreibers:<\/span> Ctra. C\u00f3rdoba &#8211; M\u00e1laga km 520, 29200 Antequera (M\u00e1laga) <\/li>\n\t<li class=\"info-item\"><span class=\"info-key \">Herkunftsort der Lebensmittel:<\/span> Peru_Peru_Peru_Peru_Peru<\/li>\n\t<li class=\"info-item\"><span class=\"info-key \">Netto-Menge:<\/span> 630 g<\/li>\n\t<li class=\"info-item\"><span class=\"info-key \">Nettoabtropfgewicht:<\/span> 360 g<\/li>\n<\/ul>\n<\/div>\n<div class=\"info\">\n<h3 class=\"info-title\">Inhaltsstoffe und Allergene<\/h3>\n<ul class=\"info-list\">\n\t<li class=\"info-item\">Artischocken, pflanzliches Sonnenblumen\u00f6l, Salz, Gew\u00fcrzmischung, S\u00e4uerungsmittel: Zitronens\u00e4ure und Konservierungsmittel: Essigs\u00e4ure. Enth\u00e4lt Spuren von <b>Senf<\/b>. <\/li>\n<\/ul>\n<\/div>\n<div class=\"info _nutrients\">\n<h4 class=\"info-title\">N\u00e4hrstoffe<\/h4>\n<p>Energie: 281kj\/67kcal; Fett: 4.14g; Ges\u00e4ttigtes Fett: 0.5g; Kohlenhydrate: 6.38g; davon Zucker: 3.14g; Ballaststoffe: 2.69g; Eiwei\u00df: 1.13g; Salz: 0.73g<\/p>\n<p>&nbsp;<\/p>\n<\/div>","protected":false},"excerpt":{"rendered":"<p>Allgemeine Informationen Name des Lebensmittels: Gestielte Artischocke Herkunftsland: Peru Name des Anbieters: Sola de Antequera, S.A. Anschrift des Betreibers: Ctra. C\u00f3rdoba &#8211; M\u00e1laga km 520, 29200 Antequera (M\u00e1laga) Herkunftsort der Lebensmittel: Peru_Peru_Peru_Peru_Peru Netto-Menge: 630 g Nettoabtropfgewicht: 360 g Inhaltsstoffe und Allergene Artischocken, pflanzliches Sonnenblumen\u00f6l, Salz, Gew\u00fcrzmischung, S\u00e4uerungsmittel: Zitronens\u00e4ure und Konservierungsmittel: Essigs\u00e4ure. Enth\u00e4lt Spuren von Senf. [&hellip;]<\/p>\n","protected":false},"featured_media":31547,"comment_status":"closed","ping_status":"closed","template":"","meta":{"site-sidebar-layout":"default","site-content-layout":"","ast-site-content-layout":"default","site-content-style":"default","site-sidebar-style":"default","ast-global-header-display":"","ast-banner-title-visibility":"","ast-main-header-display":"","ast-hfb-above-header-display":"","ast-hfb-below-header-display":"","ast-hfb-mobile-header-display":"","site-post-title":"","ast-breadcrumbs-content":"","ast-featured-img":"","footer-sml-layout":"","ast-disable-related-posts":"","theme-transparent-header-meta":"default","adv-header-id-meta":"","stick-header-meta":"","header-above-stick-meta":"","header-main-stick-meta":"","header-below-stick-meta":"","astra-migrate-meta-layouts":"default","ast-page-background-enabled":"default","ast-page-background-meta":{"desktop":{"background-color":"var(--ast-global-color-4)","background-image":"","background-repeat":"repeat","background-position":"center center","background-size":"auto","background-attachment":"scroll","background-type":"","background-media":"","overlay-type":"","overlay-color":"","overlay-opacity":"","overlay-gradient":""},"tablet":{"background-color":"","background-image":"","background-repeat":"repeat","background-position":"center center","background-size":"auto","background-attachment":"scroll","background-type":"","background-media":"","overlay-type":"","overlay-color":"","overlay-opacity":"","overlay-gradient":""},"mobile":{"background-color":"","background-image":"","background-repeat":"repeat","background-position":"center center","background-size":"auto","background-attachment":"scroll","background-type":"","background-media":"","overlay-type":"","overlay-color":"","overlay-opacity":"","overlay-gradient":""}},"ast-content-background-meta":{"desktop":{"background-color":"var(--ast-global-color-5)","background-image":"","background-repeat":"repeat","background-position":"center center","background-size":"auto","background-attachment":"scroll","background-type":"","background-media":"","overlay-type":"","overlay-color":"","overlay-opacity":"","overlay-gradient":""},"tablet":{"background-color":"var(--ast-global-color-5)","background-image":"","background-repeat":"repeat","background-position":"center center","background-size":"auto","background-attachment":"scroll","background-type":"","background-media":"","overlay-type":"","overlay-color":"","overlay-opacity":"","overlay-gradient":""},"mobile":{"background-color":"var(--ast-global-color-5)","background-image":"","background-repeat":"repeat","background-position":"center center","background-size":"auto","background-attachment":"scroll","background-type":"","background-media":"","overlay-type":"","overlay-color":"","overlay-opacity":"","overlay-gradient":""}}},"product_brand":[1132],"product_cat":[],"product_tag":[142],"class_list":{"0":"post-8115","1":"product","2":"type-product","3":"status-publish","4":"has-post-thumbnail","6":"product_brand-alsur","7":"product_tag-malaga-de","8":"desktop-align-left","9":"tablet-align-left","10":"mobile-align-left","12":"first","13":"instock","14":"taxable","15":"shipping-taxable","16":"purchasable","17":"product-type-simple"},"_links":{"self":[{"href":"https:\/\/andalubox.com\/de\/wp-json\/wp\/v2\/product\/8115","targetHints":{"allow":["GET"]}}],"collection":[{"href":"https:\/\/andalubox.com\/de\/wp-json\/wp\/v2\/product"}],"about":[{"href":"https:\/\/andalubox.com\/de\/wp-json\/wp\/v2\/types\/product"}],"replies":[{"embeddable":true,"href":"https:\/\/andalubox.com\/de\/wp-json\/wp\/v2\/comments?post=8115"}],"wp:featuredmedia":[{"embeddable":true,"href":"https:\/\/andalubox.com\/de\/wp-json\/wp\/v2\/media\/31547"}],"wp:attachment":[{"href":"https:\/\/andalubox.com\/de\/wp-json\/wp\/v2\/media?parent=8115"}],"wp:term":[{"taxonomy":"product_brand","embeddable":true,"href":"https:\/\/andalubox.com\/de\/wp-json\/wp\/v2\/product_brand?post=8115"},{"taxonomy":"product_cat","embeddable":true,"href":"https:\/\/andalubox.com\/de\/wp-json\/wp\/v2\/product_cat?post=8115"},{"taxonomy":"product_tag","embeddable":true,"href":"https:\/\/andalubox.com\/de\/wp-json\/wp\/v2\/product_tag?post=8115"}],"curies":[{"name":"wp","href":"https:\/\/api.w.org\/{rel}","templated":true}]}}