{"id":8112,"date":"2022-10-26T13:06:21","date_gmt":"2022-10-26T11:06:21","guid":{"rendered":"https:\/\/andalubox.com\/producto-andaluz\/alsur-artischockenherzen-mini-250gr\/"},"modified":"2025-06-17T11:37:37","modified_gmt":"2025-06-17T09:37:37","slug":"alsur-artischockenherzen-mini-250gr","status":"publish","type":"product","link":"https:\/\/andalubox.com\/de\/producto-andaluz\/alsur-artischockenherzen-mini-250gr\/","title":{"rendered":"Alsur Antequera Artischockenherzen Mini Baby 20-25 Fr\u00fcchte, 225g"},"content":{"rendered":"<div class=\"block_1\">\n<p class=\"marg_3\">Die Artischockenherzen von Alsur werden aus K\u00f6pfen ohne Stiel und ledrige \u00e4u\u00dfere H\u00fcllbl\u00e4tter zubereitet, so dass sie nur aus dem Bl\u00fctenboden und den inneren zarten H\u00fcllbl\u00e4ttern bestehen. Bei Alsur behalten wir das Aussehen und vor allem die organoleptischen Eigenschaften des konservierten Produkts bei, die denen des Frischprodukts au\u00dferordentlich \u00e4hnlich sind.<\/p>\n<div class=\"info\">\n<h3 class=\"info-title\">Allgemeine Informationen<\/h3>\n<ul class=\"info-list\">\n\t<li class=\"info-item\"><span class=\"info-key \">Name des Lebensmittels:<\/span> Artischocke 20\/25 Fr\u00fcchte<\/li>\n\t<li class=\"info-item\"><span class=\"info-key \">Herkunftsland:<\/span> Peru<\/li>\n\t<li class=\"info-item\"><span class=\"info-key \">Name des Anbieters:<\/span> Sola de Antequera, S.A.<\/li>\n\t<li class=\"info-item\"><span class=\"info-key \">Anschrift des Betreibers:<\/span> Ctra. C\u00f3rdoba &#8211; M\u00e1laga km 520, 29200 Antequera (M\u00e1laga) <\/li>\n\t<li class=\"info-item\"><span class=\"info-key \">Herkunftsort der Lebensmittel:<\/span> Peru_Peru_Peru_Peru_Peru<\/li>\n\t<li class=\"info-item\"><span class=\"info-key \">Netto-Menge:<\/span> 225 g<\/li>\n\t<li class=\"info-item\"><span class=\"info-key \">Netto Abtropfgewicht:<\/span> 150 g<\/li>\n<\/ul>\n<\/div>\n<div class=\"info\">\n<h3 class=\"info-title\">Inhaltsstoffe und Allergene<\/h3>\n<ul class=\"info-list\">\n\t<li class=\"info-item\">Artischocke, Wasser, Salz und S\u00e4uerungsmittel: Zitronens\u00e4ure<\/li>\n<\/ul>\n<\/div>\n<div class=\"info _nutrients\">\n<h4 class=\"info-title\">N\u00e4hrstoffe<\/h4>\n<p>Energie: 178kj\/42kcal; Fett: 0.28g Ges\u00e4ttigtes Fett: 0.07g; Kohlenhydrate: 7.72g; davon Zucker: 3.88g; Eiwei\u00df: 2.13g; Ballaststoffe: 2.33g; Salz: 0.73g<\/p>\n<\/div>\n<\/div>","protected":false},"excerpt":{"rendered":"<p>Zubereitet aus Bl\u00fctenk\u00f6pfen ohne Stiele und ledrige \u00e4u\u00dfere H\u00fcllbl\u00e4tter, die nur aus dem Bl\u00fctenboden bestehen.<\/p>\n","protected":false},"featured_media":31551,"template":"","meta":{"site-sidebar-layout":"default","site-content-layout":"default","ast-site-content-layout":"default","site-content-style":"default","site-sidebar-style":"default","ast-global-header-display":"","ast-banner-title-visibility":"","ast-main-header-display":"","ast-hfb-above-header-display":"","ast-hfb-below-header-display":"","ast-hfb-mobile-header-display":"","site-post-title":"","ast-breadcrumbs-content":"","ast-featured-img":"","footer-sml-layout":"","ast-disable-related-posts":"","theme-transparent-header-meta":"default","adv-header-id-meta":"","stick-header-meta":"","header-above-stick-meta":"","header-main-stick-meta":"","header-below-stick-meta":"","astra-migrate-meta-layouts":"default","ast-page-background-enabled":"default","ast-page-background-meta":{"desktop":{"background-color":"var(--ast-global-color-4)","background-image":"","background-repeat":"repeat","background-position":"center center","background-size":"auto","background-attachment":"scroll","background-type":"","background-media":"","overlay-type":"","overlay-color":"","overlay-opacity":"","overlay-gradient":""},"tablet":{"background-color":"","background-image":"","background-repeat":"repeat","background-position":"center center","background-size":"auto","background-attachment":"scroll","background-type":"","background-media":"","overlay-type":"","overlay-color":"","overlay-opacity":"","overlay-gradient":""},"mobile":{"background-color":"","background-image":"","background-repeat":"repeat","background-position":"center center","background-size":"auto","background-attachment":"scroll","background-type":"","background-media":"","overlay-type":"","overlay-color":"","overlay-opacity":"","overlay-gradient":""}},"ast-content-background-meta":{"desktop":{"background-color":"var(--ast-global-color-5)","background-image":"","background-repeat":"repeat","background-position":"center center","background-size":"auto","background-attachment":"scroll","background-type":"","background-media":"","overlay-type":"","overlay-color":"","overlay-opacity":"","overlay-gradient":""},"tablet":{"background-color":"var(--ast-global-color-5)","background-image":"","background-repeat":"repeat","background-position":"center center","background-size":"auto","background-attachment":"scroll","background-type":"","background-media":"","overlay-type":"","overlay-color":"","overlay-opacity":"","overlay-gradient":""},"mobile":{"background-color":"var(--ast-global-color-5)","background-image":"","background-repeat":"repeat","background-position":"center center","background-size":"auto","background-attachment":"scroll","background-type":"","background-media":"","overlay-type":"","overlay-color":"","overlay-opacity":"","overlay-gradient":""}}},"product_brand":[1132],"product_cat":[1605],"product_tag":[142],"class_list":{"0":"post-8112","1":"product","2":"type-product","3":"status-publish","4":"has-post-thumbnail","6":"product_brand-alsur","7":"product_cat-gartengemuese","8":"product_tag-malaga-de","9":"desktop-align-left","10":"tablet-align-left","11":"mobile-align-left","13":"first","14":"outofstock","15":"taxable","16":"shipping-taxable","17":"purchasable","18":"product-type-simple"},"_links":{"self":[{"href":"https:\/\/andalubox.com\/de\/wp-json\/wp\/v2\/product\/8112","targetHints":{"allow":["GET"]}}],"collection":[{"href":"https:\/\/andalubox.com\/de\/wp-json\/wp\/v2\/product"}],"about":[{"href":"https:\/\/andalubox.com\/de\/wp-json\/wp\/v2\/types\/product"}],"wp:featuredmedia":[{"embeddable":true,"href":"https:\/\/andalubox.com\/de\/wp-json\/wp\/v2\/media\/31551"}],"wp:attachment":[{"href":"https:\/\/andalubox.com\/de\/wp-json\/wp\/v2\/media?parent=8112"}],"wp:term":[{"taxonomy":"product_brand","embeddable":true,"href":"https:\/\/andalubox.com\/de\/wp-json\/wp\/v2\/product_brand?post=8112"},{"taxonomy":"product_cat","embeddable":true,"href":"https:\/\/andalubox.com\/de\/wp-json\/wp\/v2\/product_cat?post=8112"},{"taxonomy":"product_tag","embeddable":true,"href":"https:\/\/andalubox.com\/de\/wp-json\/wp\/v2\/product_tag?post=8112"}],"curies":[{"name":"wp","href":"https:\/\/api.w.org\/{rel}","templated":true}]}}