{"id":8085,"date":"2022-10-26T13:06:19","date_gmt":"2022-10-26T11:06:19","guid":{"rendered":"https:\/\/andalubox.com\/producto-andaluz\/spanish-pack-3-wuerzige-minibar\/"},"modified":"2026-01-29T16:40:21","modified_gmt":"2026-01-29T15:40:21","slug":"espanola-pack-3-mini-bar-spicers","status":"publish","type":"product","link":"https:\/\/andalubox.com\/de\/producto-andaluz\/espanola-pack-3-mini-bar-spicers\/","title":{"rendered":"La Espa\u00f1ola Valientes Oliven gef\u00fcllt mit Chilischoten, Packung 3x50g"},"content":{"rendered":"<p>La Espa\u00f1ola Valientes Oliven gef\u00fcllt mit Chilist\u00fcckchen, Packung 3x50g.<br>La Espa\u00f1ola Valientes Oliven sind gr\u00fcne Manzanilla-Oliven, die mit Chilist\u00fcckchen gef\u00fcllt sind und f\u00fcr diejenigen bestimmt sind, die einen w\u00fcrzigen und kr\u00e4ftigen Geschmack suchen. Diese Oliven aus der Reihe &#8220;Valientes&#8221; wurden f\u00fcr ihre verbesserte Rezeptur, die die feste Textur der Oliven mit dem w\u00fcrzigen Kick der Chili kombiniert, mit dem Siegel Geschmack des Jahres 2021 ausgezeichnet. Sie sind ideal als Aperitif, in Salaten oder als Beilage zu Cocktails und Gerichten, die einen pikanten Kick ben\u00f6tigen.<br>Eigenschaften:Zutaten: Gr\u00fcne Manzanilla-Oliven, Salz, Pfefferf\u00fcllung 6% (Paprika, Stabilisator: Xanthan), Cayenne, Geschmacksverst\u00e4rker (E-621, E-635), S\u00e4uerungsmittel (Zitronens\u00e4ure), Antioxidationsmittel (Ascorbins\u00e4ure), Stabilisator (Calciumchlorid), Aromen. Pasteurisiertes Produkt, glutenfrei.<br>Gewicht: Packung mit 3 Dosen zu je 50 g (150 g Gesamtgewicht, abgetropftes Nettogewicht).<br>Aufbewahrung: Bei Raumtemperatur in einem luftdichten Beh\u00e4lter aufbewahren. Nach dem \u00d6ffnen mit so viel Fl\u00fcssigkeit wie m\u00f6glich im K\u00fchlschrank aufbewahren und innerhalb von 7 Tagen verbrauchen.<br>Geschmack und Verwendung: Scharfer Geschmack mit Chilist\u00fcckchen, perfekt f\u00fcr Vorspeisen, Salate oder um Ihren Gerichten eine gewagte Note zu verleihen. F\u00fcr einen intensiveren Geschmack am besten kalt servieren.<br>Glutenfrei: Geeignet f\u00fcr glutenfreie Di\u00e4ten.     <\/p>\n<p>Wenn Sie gewagtere Geschmacksrichtungen m\u00f6gen und immer zu sehr scharfen Gerichten Ja sagen, dann sind VALIENTES, mit Chilist\u00fccken gef\u00fcllte Oliven, genau das Richtige f\u00fcr Sie. Diese Produktfamilie wurde mit dem Siegel FLAVOUR OF THE YEAR 2021 ausgezeichnet.<\/p>","protected":false},"excerpt":{"rendered":"<p>La Espa\u00f1ola Valientes Oliven gef\u00fcllt mit Chilischoten, Packung 3x50g f\u00fcr den Export nach Europa.<\/p>\n","protected":false},"featured_media":6990,"comment_status":"closed","ping_status":"closed","template":"","meta":{"site-sidebar-layout":"default","site-content-layout":"default","ast-site-content-layout":"default","site-content-style":"default","site-sidebar-style":"default","ast-global-header-display":"","ast-banner-title-visibility":"","ast-main-header-display":"","ast-hfb-above-header-display":"","ast-hfb-below-header-display":"","ast-hfb-mobile-header-display":"","site-post-title":"","ast-breadcrumbs-content":"","ast-featured-img":"","footer-sml-layout":"","ast-disable-related-posts":"","theme-transparent-header-meta":"default","adv-header-id-meta":"","stick-header-meta":"","header-above-stick-meta":"","header-main-stick-meta":"","header-below-stick-meta":"","astra-migrate-meta-layouts":"default","ast-page-background-enabled":"default","ast-page-background-meta":{"desktop":{"background-color":"var(--ast-global-color-4)","background-image":"","background-repeat":"repeat","background-position":"center center","background-size":"auto","background-attachment":"scroll","background-type":"","background-media":"","overlay-type":"","overlay-color":"","overlay-opacity":"","overlay-gradient":""},"tablet":{"background-color":"","background-image":"","background-repeat":"repeat","background-position":"center center","background-size":"auto","background-attachment":"scroll","background-type":"","background-media":"","overlay-type":"","overlay-color":"","overlay-opacity":"","overlay-gradient":""},"mobile":{"background-color":"","background-image":"","background-repeat":"repeat","background-position":"center center","background-size":"auto","background-attachment":"scroll","background-type":"","background-media":"","overlay-type":"","overlay-color":"","overlay-opacity":"","overlay-gradient":""}},"ast-content-background-meta":{"desktop":{"background-color":"var(--ast-global-color-5)","background-image":"","background-repeat":"repeat","background-position":"center center","background-size":"auto","background-attachment":"scroll","background-type":"","background-media":"","overlay-type":"","overlay-color":"","overlay-opacity":"","overlay-gradient":""},"tablet":{"background-color":"var(--ast-global-color-5)","background-image":"","background-repeat":"repeat","background-position":"center center","background-size":"auto","background-attachment":"scroll","background-type":"","background-media":"","overlay-type":"","overlay-color":"","overlay-opacity":"","overlay-gradient":""},"mobile":{"background-color":"var(--ast-global-color-5)","background-image":"","background-repeat":"repeat","background-position":"center center","background-size":"auto","background-attachment":"scroll","background-type":"","background-media":"","overlay-type":"","overlay-color":"","overlay-opacity":"","overlay-gradient":""}}},"product_brand":[1119],"product_cat":[],"product_tag":[],"class_list":{"0":"post-8085","1":"product","2":"type-product","3":"status-publish","4":"has-post-thumbnail","6":"product_brand-la-espanola","7":"desktop-align-left","8":"tablet-align-left","9":"mobile-align-left","11":"first","12":"outofstock","13":"taxable","14":"shipping-taxable","15":"purchasable","16":"product-type-simple"},"_links":{"self":[{"href":"https:\/\/andalubox.com\/de\/wp-json\/wp\/v2\/product\/8085","targetHints":{"allow":["GET"]}}],"collection":[{"href":"https:\/\/andalubox.com\/de\/wp-json\/wp\/v2\/product"}],"about":[{"href":"https:\/\/andalubox.com\/de\/wp-json\/wp\/v2\/types\/product"}],"replies":[{"embeddable":true,"href":"https:\/\/andalubox.com\/de\/wp-json\/wp\/v2\/comments?post=8085"}],"wp:featuredmedia":[{"embeddable":true,"href":"https:\/\/andalubox.com\/de\/wp-json\/wp\/v2\/media\/6990"}],"wp:attachment":[{"href":"https:\/\/andalubox.com\/de\/wp-json\/wp\/v2\/media?parent=8085"}],"wp:term":[{"taxonomy":"product_brand","embeddable":true,"href":"https:\/\/andalubox.com\/de\/wp-json\/wp\/v2\/product_brand?post=8085"},{"taxonomy":"product_cat","embeddable":true,"href":"https:\/\/andalubox.com\/de\/wp-json\/wp\/v2\/product_cat?post=8085"},{"taxonomy":"product_tag","embeddable":true,"href":"https:\/\/andalubox.com\/de\/wp-json\/wp\/v2\/product_tag?post=8085"}],"curies":[{"name":"wp","href":"https:\/\/api.w.org\/{rel}","templated":true}]}}