{"id":8073,"date":"2022-10-26T13:06:12","date_gmt":"2022-10-26T11:06:12","guid":{"rendered":"https:\/\/andalubox.com\/producto-andaluz\/gebratene-tomaten-aus-los-palacios-365gr\/"},"modified":"2026-01-29T16:29:38","modified_gmt":"2026-01-29T15:29:38","slug":"tomaten-gebraten-von-den-palasten-365gr","status":"publish","type":"product","link":"https:\/\/andalubox.com\/de\/producto-andaluz\/tomaten-gebraten-von-den-palasten-365gr\/","title":{"rendered":"Tomate Frito de Los Palacios 365g"},"content":{"rendered":"<p>Tomate Frito de Los Palacios 365g<\/p>\n<p>Tierra Palaciega Tomate Frito ist eine handwerklich hergestellte, frittierte Tomatensauce aus Los Palacios y Villafranca, Sevilla, Spanien, die f\u00fcr ihre hohe Qualit\u00e4t und traditionelle Zubereitung bekannt ist. Sie wird aus nat\u00fcrlich gereiften Tomaten hergestellt, die auf den firmeneigenen Feldern von Hand gepfl\u00fcckt werden, was einen optimalen Geschmack garantiert. Das Rezept, das auf einem traditionellen Familienrezept basiert, verwendet frisches Gem\u00fcse aus der Region, natives Oliven\u00f6l extra (3,3-4%), Zwiebeln, Pfeffer und Salz, und einige Versionen enthalten etwas Zucker. Die Sauce wird drei bis dreieinhalb Stunden lang gek\u00f6chelt, wobei 1,35 kg frische Tomaten zu einem 365 g-Glas verarbeitet werden. Das Ergebnis ist ein dickfl\u00fcssiges und schmackhaftes Produkt, das frei von k\u00fcnstlichen Konservierungsstoffen, Farbstoffen, Gluten und Laktose ist und sich daher auch f\u00fcr Veganer eignet.    <\/p>\n<p>Es gibt auch eine zuckerfreie Version mit 267 g Tomaten pro 100 g des Produkts.<\/p>\n<p>Die Sauce hat die Aufmerksamkeit von K\u00f6chen wie Mart\u00edn Berasategui und David de Jorge auf sich gezogen, die empfohlen haben, den \u00d6lgehalt zu reduzieren, um eine ges\u00fcndere Sauce zu erhalten. Sie ist vielseitig einsetzbar f\u00fcr Rezepte wie Risotto, Pizza oder Pasta und tr\u00e4gt das Los Palacios Tomato Collective Brand und die Global Gap Zertifizierung f\u00fcr nachhaltige Landwirtschaft. <\/p>","protected":false},"excerpt":{"rendered":"<p>Tomato Frito de Los Palacios 365g, Sendungen nach ganz Europa.<\/p>\n","protected":false},"featured_media":7029,"comment_status":"closed","ping_status":"closed","template":"","meta":{"site-sidebar-layout":"default","site-content-layout":"default","ast-site-content-layout":"default","site-content-style":"default","site-sidebar-style":"default","ast-global-header-display":"","ast-banner-title-visibility":"","ast-main-header-display":"","ast-hfb-above-header-display":"","ast-hfb-below-header-display":"","ast-hfb-mobile-header-display":"","site-post-title":"","ast-breadcrumbs-content":"","ast-featured-img":"","footer-sml-layout":"","ast-disable-related-posts":"","theme-transparent-header-meta":"default","adv-header-id-meta":"","stick-header-meta":"","header-above-stick-meta":"","header-main-stick-meta":"","header-below-stick-meta":"","astra-migrate-meta-layouts":"default","ast-page-background-enabled":"default","ast-page-background-meta":{"desktop":{"background-color":"var(--ast-global-color-4)","background-image":"","background-repeat":"repeat","background-position":"center center","background-size":"auto","background-attachment":"scroll","background-type":"","background-media":"","overlay-type":"","overlay-color":"","overlay-opacity":"","overlay-gradient":""},"tablet":{"background-color":"","background-image":"","background-repeat":"repeat","background-position":"center center","background-size":"auto","background-attachment":"scroll","background-type":"","background-media":"","overlay-type":"","overlay-color":"","overlay-opacity":"","overlay-gradient":""},"mobile":{"background-color":"","background-image":"","background-repeat":"repeat","background-position":"center center","background-size":"auto","background-attachment":"scroll","background-type":"","background-media":"","overlay-type":"","overlay-color":"","overlay-opacity":"","overlay-gradient":""}},"ast-content-background-meta":{"desktop":{"background-color":"var(--ast-global-color-5)","background-image":"","background-repeat":"repeat","background-position":"center center","background-size":"auto","background-attachment":"scroll","background-type":"","background-media":"","overlay-type":"","overlay-color":"","overlay-opacity":"","overlay-gradient":""},"tablet":{"background-color":"var(--ast-global-color-5)","background-image":"","background-repeat":"repeat","background-position":"center center","background-size":"auto","background-attachment":"scroll","background-type":"","background-media":"","overlay-type":"","overlay-color":"","overlay-opacity":"","overlay-gradient":""},"mobile":{"background-color":"var(--ast-global-color-5)","background-image":"","background-repeat":"repeat","background-position":"center center","background-size":"auto","background-attachment":"scroll","background-type":"","background-media":"","overlay-type":"","overlay-color":"","overlay-opacity":"","overlay-gradient":""}}},"product_brand":[1285],"product_cat":[15],"product_tag":[],"class_list":{"0":"post-8073","1":"product","2":"type-product","3":"status-publish","4":"has-post-thumbnail","6":"product_brand-los-palacios","7":"product_cat-sin-categorizar","8":"desktop-align-left","9":"tablet-align-left","10":"mobile-align-left","12":"first","13":"instock","14":"taxable","15":"shipping-taxable","16":"purchasable","17":"product-type-simple"},"_links":{"self":[{"href":"https:\/\/andalubox.com\/de\/wp-json\/wp\/v2\/product\/8073","targetHints":{"allow":["GET"]}}],"collection":[{"href":"https:\/\/andalubox.com\/de\/wp-json\/wp\/v2\/product"}],"about":[{"href":"https:\/\/andalubox.com\/de\/wp-json\/wp\/v2\/types\/product"}],"replies":[{"embeddable":true,"href":"https:\/\/andalubox.com\/de\/wp-json\/wp\/v2\/comments?post=8073"}],"wp:featuredmedia":[{"embeddable":true,"href":"https:\/\/andalubox.com\/de\/wp-json\/wp\/v2\/media\/7029"}],"wp:attachment":[{"href":"https:\/\/andalubox.com\/de\/wp-json\/wp\/v2\/media?parent=8073"}],"wp:term":[{"taxonomy":"product_brand","embeddable":true,"href":"https:\/\/andalubox.com\/de\/wp-json\/wp\/v2\/product_brand?post=8073"},{"taxonomy":"product_cat","embeddable":true,"href":"https:\/\/andalubox.com\/de\/wp-json\/wp\/v2\/product_cat?post=8073"},{"taxonomy":"product_tag","embeddable":true,"href":"https:\/\/andalubox.com\/de\/wp-json\/wp\/v2\/product_tag?post=8073"}],"curies":[{"name":"wp","href":"https:\/\/api.w.org\/{rel}","templated":true}]}}