{"id":8042,"date":"2022-10-26T13:06:11","date_gmt":"2022-10-26T11:06:11","guid":{"rendered":"https:\/\/andalubox.com\/producto-andaluz\/campo-rico-bio-spinat-mit-kichererbsen-250gr\/"},"modified":"2025-06-12T20:31:54","modified_gmt":"2025-06-12T18:31:54","slug":"feldreicher-bio-spinat-mit-kichererbsen-250gr","status":"publish","type":"product","link":"https:\/\/andalubox.com\/de\/producto-andaluz\/feldreicher-bio-spinat-mit-kichererbsen-250gr\/","title":{"rendered":"Campo Rico Bio Spinat mit Kichererbsen, 250g"},"content":{"rendered":"<p>Warum lieben wir diese Delikatesse aus Spinat und Kichererbsen so sehr?<\/p>\n<p>Weil es eine gesunde und schnelle Alternative ist, wenn wir nach Hause kommen und nichts Gesundes zu essen haben.<\/p>\n<p>Wir m\u00f6gen es auch, weil es eine gute M\u00f6glichkeit ist, es mit zur Arbeit zu nehmen. Man erhitzt sie in der Mikrowelle und schon kann man sie genie\u00dfen. Eine vollst\u00e4ndige und k\u00f6stliche Mahlzeit. Das, was wir gesundes Fast Food nennen.<\/p>\n<p>Ein Gericht der Mittelmeerdi\u00e4t, das in nur 2 Minuten zubereitet ist.<\/p>\n<p>Es ist ein Produkt, das f\u00fcr Z\u00f6liakiebetroffene und Veganer geeignet ist.<\/p>\n<p><strong>Zutaten:<\/strong> Spinat*, Kichererbsen*, Sonnenblumen\u00f6l*, Knoblauch*, natives Oliven\u00f6l extra*, Essig*, Salz, Kreuzk\u00fcmmel*, Paprika*, schwarzer Pfeffer*, Lorbeerblatt* und Zitronens\u00e4ure. * Aus dem \u00f6kologischen Landbau.<\/p>","protected":false},"excerpt":{"rendered":"<div class=\"woocommerce-product-details__short-description\">\n<p>Dieses k\u00f6stliche und vollst\u00e4ndige Gericht ist ein Muss in unserer Speisekammer: Kichererbsen und Spinat. H\u00fclsenfr\u00fcchte sind eines der vollst\u00e4ndigsten Lebensmittel, und wenn sie aus biologischem Anbau stammen, sind sie besser f\u00fcr Ihre Gesundheit.<\/p>\n<p>Genie\u00dfen Sie eine k\u00f6stliche und s\u00e4ttigende Mahlzeit zu Hause oder bei der Arbeit. In der Mikrowelle ist er in nur zwei Minuten fertig.<\/p>\n<\/div>\n","protected":false},"featured_media":14666,"template":"","meta":{"site-sidebar-layout":"default","site-content-layout":"default","ast-site-content-layout":"default","site-content-style":"default","site-sidebar-style":"default","ast-global-header-display":"","ast-banner-title-visibility":"","ast-main-header-display":"","ast-hfb-above-header-display":"","ast-hfb-below-header-display":"","ast-hfb-mobile-header-display":"","site-post-title":"","ast-breadcrumbs-content":"","ast-featured-img":"","footer-sml-layout":"","ast-disable-related-posts":"","theme-transparent-header-meta":"default","adv-header-id-meta":"","stick-header-meta":"","header-above-stick-meta":"","header-main-stick-meta":"","header-below-stick-meta":"","astra-migrate-meta-layouts":"default","ast-page-background-enabled":"default","ast-page-background-meta":{"desktop":{"background-color":"var(--ast-global-color-4)","background-image":"","background-repeat":"repeat","background-position":"center center","background-size":"auto","background-attachment":"scroll","background-type":"","background-media":"","overlay-type":"","overlay-color":"","overlay-opacity":"","overlay-gradient":""},"tablet":{"background-color":"","background-image":"","background-repeat":"repeat","background-position":"center center","background-size":"auto","background-attachment":"scroll","background-type":"","background-media":"","overlay-type":"","overlay-color":"","overlay-opacity":"","overlay-gradient":""},"mobile":{"background-color":"","background-image":"","background-repeat":"repeat","background-position":"center center","background-size":"auto","background-attachment":"scroll","background-type":"","background-media":"","overlay-type":"","overlay-color":"","overlay-opacity":"","overlay-gradient":""}},"ast-content-background-meta":{"desktop":{"background-color":"var(--ast-global-color-5)","background-image":"","background-repeat":"repeat","background-position":"center center","background-size":"auto","background-attachment":"scroll","background-type":"","background-media":"","overlay-type":"","overlay-color":"","overlay-opacity":"","overlay-gradient":""},"tablet":{"background-color":"var(--ast-global-color-5)","background-image":"","background-repeat":"repeat","background-position":"center center","background-size":"auto","background-attachment":"scroll","background-type":"","background-media":"","overlay-type":"","overlay-color":"","overlay-opacity":"","overlay-gradient":""},"mobile":{"background-color":"var(--ast-global-color-5)","background-image":"","background-repeat":"repeat","background-position":"center center","background-size":"auto","background-attachment":"scroll","background-type":"","background-media":"","overlay-type":"","overlay-color":"","overlay-opacity":"","overlay-gradient":""}}},"product_brand":[],"product_cat":[1609],"product_tag":[120],"class_list":{"0":"post-8042","1":"product","2":"type-product","3":"status-publish","4":"has-post-thumbnail","6":"product_cat-huelsenfruechte-fertiggerichte","7":"product_tag-sevilla-de","8":"desktop-align-left","9":"tablet-align-left","10":"mobile-align-left","12":"first","13":"outofstock","14":"taxable","15":"shipping-taxable","16":"purchasable","17":"product-type-simple"},"_links":{"self":[{"href":"https:\/\/andalubox.com\/de\/wp-json\/wp\/v2\/product\/8042","targetHints":{"allow":["GET"]}}],"collection":[{"href":"https:\/\/andalubox.com\/de\/wp-json\/wp\/v2\/product"}],"about":[{"href":"https:\/\/andalubox.com\/de\/wp-json\/wp\/v2\/types\/product"}],"wp:featuredmedia":[{"embeddable":true,"href":"https:\/\/andalubox.com\/de\/wp-json\/wp\/v2\/media\/14666"}],"wp:attachment":[{"href":"https:\/\/andalubox.com\/de\/wp-json\/wp\/v2\/media?parent=8042"}],"wp:term":[{"taxonomy":"product_brand","embeddable":true,"href":"https:\/\/andalubox.com\/de\/wp-json\/wp\/v2\/product_brand?post=8042"},{"taxonomy":"product_cat","embeddable":true,"href":"https:\/\/andalubox.com\/de\/wp-json\/wp\/v2\/product_cat?post=8042"},{"taxonomy":"product_tag","embeddable":true,"href":"https:\/\/andalubox.com\/de\/wp-json\/wp\/v2\/product_tag?post=8042"}],"curies":[{"name":"wp","href":"https:\/\/api.w.org\/{rel}","templated":true}]}}