{"id":8037,"date":"2022-10-26T13:05:49","date_gmt":"2022-10-26T11:05:49","guid":{"rendered":"https:\/\/andalubox.com\/producto-andaluz\/jolca-oliven-gefuellt-mit-wermut-de-jerez-150gr\/"},"modified":"2026-01-29T16:25:37","modified_gmt":"2026-01-29T15:25:37","slug":"jolca-oliven-gefullt-von-wermut-sherry-150-gr","status":"publish","type":"product","link":"https:\/\/andalubox.com\/de\/producto-andaluz\/jolca-oliven-gefullt-von-wermut-sherry-150-gr\/","title":{"rendered":"Jolca Olivenexplosion Vermut de Jerez Gran Selecci\u00f3n, 350g"},"content":{"rendered":"<p>Jolca Oliven Explosi\u00f3n Vermut de Jerez Gran Selecci\u00f3n, 350g.<\/p>\n<p>Jolca Wermut gef\u00fcllte Oliven. Jolca, ein bahnbrechendes Olivenunternehmen mit Sitz in H\u00faevar del Aljarafe, Sevilla, bringt im Jahr 2021 die weltweit ersten mit Wermut gef\u00fcllten Oliven als Teil seines Premiumsortiments Artes de Jolca auf den Markt. Diese Oliven mit dem Namen &#8216;Explosi\u00f3n Vermut de Jerez&#8217; sollen die wachsende Beliebtheit von Wermut als Aperitif erg\u00e4nzen, da der inl\u00e4ndische Wermutkonsum in Spanien zwischen Mai 2019 und Mai 2020 um 17% steigen wird. Details zum Produkt:   <\/p>\n<ul>\n\t<li>Typ: Gr\u00fcne Oliven der Sorte Manzanilla Fina (Gran Selecci\u00f3n), handverlesen f\u00fcr ihre feste Textur und hervorragende Qualit\u00e4t.<\/li>\n\t<li>F\u00fcllung: 6% Wermutpaste mit der Herkunftsbezeichnung (D.O.) Jerez, die einen authentischen und intensiven Wermutgeschmack mit einem leicht s\u00fc\u00dfen und krautigen Profil bietet.<\/li>\n\t<li>Zutaten: Wasser, gr\u00fcne Oliven (Sorte Manzanilla Fina), Wermutf\u00fcllung (6%, enth\u00e4lt Wermut, Aromen, Stabilisator: Natriumalginat), Salz, Geschmacksverst\u00e4rker (Mononatriumglutamat), S\u00e4uerungsmittel (Zitronens\u00e4ure, Milchs\u00e4ure), Gew\u00fcrze, Antioxidationsmittel (Ascorbins\u00e4ure). Enth\u00e4lt Sulfite.<\/li>\n\t<li>Verpackung: Nettogewicht: 350 g (brutto), 150 g (abgetropft).<\/li>\n<\/ul>\n<p>&nbsp;<\/p>","protected":false},"excerpt":{"rendered":"<p>Jolca Aceitunas Explosi\u00f3n Vermut de Jerez Gran Selecci\u00f3n, 350g f\u00fcr den Export nach Europa.<\/p>\n","protected":false},"featured_media":6978,"comment_status":"closed","ping_status":"closed","template":"","meta":{"site-sidebar-layout":"default","site-content-layout":"default","ast-site-content-layout":"default","site-content-style":"default","site-sidebar-style":"default","ast-global-header-display":"","ast-banner-title-visibility":"","ast-main-header-display":"","ast-hfb-above-header-display":"","ast-hfb-below-header-display":"","ast-hfb-mobile-header-display":"","site-post-title":"","ast-breadcrumbs-content":"","ast-featured-img":"","footer-sml-layout":"","ast-disable-related-posts":"","theme-transparent-header-meta":"default","adv-header-id-meta":"","stick-header-meta":"","header-above-stick-meta":"","header-main-stick-meta":"","header-below-stick-meta":"","astra-migrate-meta-layouts":"default","ast-page-background-enabled":"default","ast-page-background-meta":{"desktop":{"background-color":"var(--ast-global-color-4)","background-image":"","background-repeat":"repeat","background-position":"center center","background-size":"auto","background-attachment":"scroll","background-type":"","background-media":"","overlay-type":"","overlay-color":"","overlay-opacity":"","overlay-gradient":""},"tablet":{"background-color":"","background-image":"","background-repeat":"repeat","background-position":"center center","background-size":"auto","background-attachment":"scroll","background-type":"","background-media":"","overlay-type":"","overlay-color":"","overlay-opacity":"","overlay-gradient":""},"mobile":{"background-color":"","background-image":"","background-repeat":"repeat","background-position":"center center","background-size":"auto","background-attachment":"scroll","background-type":"","background-media":"","overlay-type":"","overlay-color":"","overlay-opacity":"","overlay-gradient":""}},"ast-content-background-meta":{"desktop":{"background-color":"var(--ast-global-color-5)","background-image":"","background-repeat":"repeat","background-position":"center center","background-size":"auto","background-attachment":"scroll","background-type":"","background-media":"","overlay-type":"","overlay-color":"","overlay-opacity":"","overlay-gradient":""},"tablet":{"background-color":"var(--ast-global-color-5)","background-image":"","background-repeat":"repeat","background-position":"center center","background-size":"auto","background-attachment":"scroll","background-type":"","background-media":"","overlay-type":"","overlay-color":"","overlay-opacity":"","overlay-gradient":""},"mobile":{"background-color":"var(--ast-global-color-5)","background-image":"","background-repeat":"repeat","background-position":"center center","background-size":"auto","background-attachment":"scroll","background-type":"","background-media":"","overlay-type":"","overlay-color":"","overlay-opacity":"","overlay-gradient":""}}},"product_brand":[1462],"product_cat":[],"product_tag":[],"class_list":{"0":"post-8037","1":"product","2":"type-product","3":"status-publish","4":"has-post-thumbnail","6":"product_brand-jolca","7":"desktop-align-left","8":"tablet-align-left","9":"mobile-align-left","11":"first","12":"outofstock","13":"taxable","14":"shipping-taxable","15":"purchasable","16":"product-type-simple"},"_links":{"self":[{"href":"https:\/\/andalubox.com\/de\/wp-json\/wp\/v2\/product\/8037","targetHints":{"allow":["GET"]}}],"collection":[{"href":"https:\/\/andalubox.com\/de\/wp-json\/wp\/v2\/product"}],"about":[{"href":"https:\/\/andalubox.com\/de\/wp-json\/wp\/v2\/types\/product"}],"replies":[{"embeddable":true,"href":"https:\/\/andalubox.com\/de\/wp-json\/wp\/v2\/comments?post=8037"}],"wp:featuredmedia":[{"embeddable":true,"href":"https:\/\/andalubox.com\/de\/wp-json\/wp\/v2\/media\/6978"}],"wp:attachment":[{"href":"https:\/\/andalubox.com\/de\/wp-json\/wp\/v2\/media?parent=8037"}],"wp:term":[{"taxonomy":"product_brand","embeddable":true,"href":"https:\/\/andalubox.com\/de\/wp-json\/wp\/v2\/product_brand?post=8037"},{"taxonomy":"product_cat","embeddable":true,"href":"https:\/\/andalubox.com\/de\/wp-json\/wp\/v2\/product_cat?post=8037"},{"taxonomy":"product_tag","embeddable":true,"href":"https:\/\/andalubox.com\/de\/wp-json\/wp\/v2\/product_tag?post=8037"}],"curies":[{"name":"wp","href":"https:\/\/api.w.org\/{rel}","templated":true}]}}