{"id":8024,"date":"2022-10-26T13:05:48","date_gmt":"2022-10-26T11:05:48","guid":{"rendered":"https:\/\/andalubox.com\/producto-andaluz\/la-espanola-natives-olivenoel-extra-mit-basilikum-250ml\/"},"modified":"2026-01-23T10:25:23","modified_gmt":"2026-01-23T09:25:23","slug":"la-espanola-aceite-oliva-virgen-extra-con-basil-250-ml","status":"publish","type":"product","link":"https:\/\/andalubox.com\/de\/producto-andaluz\/la-espanola-aceite-oliva-virgen-extra-con-basil-250-ml\/","title":{"rendered":"La Espa\u00f1ola Natives Oliven\u00f6l Extra mit Basilikum 250 ml"},"content":{"rendered":"<p>La Espa\u00f1ola Natives Oliven\u00f6l Extra mit Basilikum 250 ml<\/p>\n<p>La Espa\u00f1ola <b>Natives Oliven\u00f6l Extra mit Basilikum<\/b> ist ein ideales W\u00fcrzmittel, um Ihren Gerichten eine mediterrane Note zu verleihen. Es wird in einer 250ml-Glasflasche geliefert und wurde entwickelt, um den Geschmack Ihrer Speisen zu verbessern. <\/p>\n<p>&nbsp;<\/p>\n<h3>Produktmerkmale<\/h3>\n<p>&nbsp;<\/p>\n<ul>\n\t<li>\n<p><b>Hauptzutaten:<\/b> Es wird mit hochwertigem nativem Oliven\u00f6l extra und einem Aufguss mit nat\u00fcrlichem Basilikumaroma hergestellt, das ihm seinen charakteristischen Geschmack verleiht.<\/p>\n<\/li>\n\t<li>\n<p><b>Geschmacksprofil:<\/b> Dieses \u00d6l kombiniert den fruchtigen und leicht bitteren Geschmack des nativen Oliven\u00f6ls extra mit dem frischen und krautigen Aroma des Basilikums und bietet einen ausgewogenen Geschmack.<\/p>\n<\/li>\n\t<li>\n<p><b>Verwendung in der K\u00fcche:<\/b> Er eignet sich perfekt f\u00fcr den rohen Verzehr, da so seine aromatischen Eigenschaften erhalten bleiben. Einige Vorschl\u00e4ge f\u00fcr die Verwendung sind: <\/p>\n<ul>\n\t<li>\n<p><b>Salate:<\/b> Ideal zum Anrichten von Tomaten- und Mozzarella-Salaten oder anderen frischen Salaten.<\/p>\n<\/li>\n\t<li>\n<p><b>Pasta und Pizza:<\/b> Ein paar Tropfen auf frisch zubereitete Pasta, Risotto oder hausgemachte Pizza werten das Gericht sofort auf.<\/p>\n<\/li>\n\t<li>\n<p><b>Gem\u00fcse:<\/b> Hervorragend zum Marinieren oder zum Betr\u00e4ufeln von gegrilltem oder gebratenem Gem\u00fcse.<\/p>\n<\/li>\n\t<li>\n<p><b>Saucen:<\/b> Kann als Basis f\u00fcr Vinaigretten oder leichte Pestos verwendet werden.<\/p>\n<\/li>\n<\/ul>\n<\/li>\n<\/ul>\n<p>&nbsp;<\/p>\n<h3>N\u00e4hrwertangaben (pro 100 ml)<\/h3>\n<p>&nbsp;<\/p>\n<ul>\n\t<li>\n<p><b>Energiewert:<\/b> 822 kcal \/ 3381 kJ<\/p>\n<\/li>\n\t<li>\n<p><b>Fett:<\/b> 91 g<\/p>\n<ul>\n\t<li>\n<p><b>davon ges\u00e4ttigt:<\/b> 12 g<\/p>\n<\/li>\n<\/ul>\n<\/li>\n\t<li>\n<p><b>Kohlenhydrate:<\/b> 0 g<\/p>\n<ul>\n\t<li>\n<p><b>Davon Zucker:<\/b> 0 g<\/p>\n<\/li>\n<\/ul>\n<\/li>\n\t<li>\n<p><b>Eiwei\u00df:<\/b> 0 g<\/p>\n<\/li>\n\t<li>\n<p><b>Salz:<\/b> 0 g<\/p>\n<\/li>\n<\/ul>\n<p>Dieses \u00d6l von La Espa\u00f1ola ist ein hervorragender Verb\u00fcndeter in der K\u00fcche f\u00fcr alle, die ihren Rezepten eine frische und aromatische Note verleihen m\u00f6chten, ohne st\u00e4ndig frische Kr\u00e4uter verwenden zu m\u00fcssen.<\/p>","protected":false},"excerpt":{"rendered":"<p>La Espa\u00f1ola Natives Oliven\u00f6l Extra mit Basilikum 250 ml, Versand nach ganz EUROPA.<\/p>\n","protected":false},"featured_media":6966,"comment_status":"closed","ping_status":"closed","template":"","meta":{"site-sidebar-layout":"default","site-content-layout":"default","ast-site-content-layout":"default","site-content-style":"default","site-sidebar-style":"default","ast-global-header-display":"","ast-banner-title-visibility":"","ast-main-header-display":"","ast-hfb-above-header-display":"","ast-hfb-below-header-display":"","ast-hfb-mobile-header-display":"","site-post-title":"","ast-breadcrumbs-content":"","ast-featured-img":"","footer-sml-layout":"","ast-disable-related-posts":"","theme-transparent-header-meta":"default","adv-header-id-meta":"","stick-header-meta":"","header-above-stick-meta":"","header-main-stick-meta":"","header-below-stick-meta":"","astra-migrate-meta-layouts":"default","ast-page-background-enabled":"default","ast-page-background-meta":{"desktop":{"background-color":"var(--ast-global-color-4)","background-image":"","background-repeat":"repeat","background-position":"center center","background-size":"auto","background-attachment":"scroll","background-type":"","background-media":"","overlay-type":"","overlay-color":"","overlay-opacity":"","overlay-gradient":""},"tablet":{"background-color":"","background-image":"","background-repeat":"repeat","background-position":"center center","background-size":"auto","background-attachment":"scroll","background-type":"","background-media":"","overlay-type":"","overlay-color":"","overlay-opacity":"","overlay-gradient":""},"mobile":{"background-color":"","background-image":"","background-repeat":"repeat","background-position":"center center","background-size":"auto","background-attachment":"scroll","background-type":"","background-media":"","overlay-type":"","overlay-color":"","overlay-opacity":"","overlay-gradient":""}},"ast-content-background-meta":{"desktop":{"background-color":"var(--ast-global-color-5)","background-image":"","background-repeat":"repeat","background-position":"center center","background-size":"auto","background-attachment":"scroll","background-type":"","background-media":"","overlay-type":"","overlay-color":"","overlay-opacity":"","overlay-gradient":""},"tablet":{"background-color":"var(--ast-global-color-5)","background-image":"","background-repeat":"repeat","background-position":"center center","background-size":"auto","background-attachment":"scroll","background-type":"","background-media":"","overlay-type":"","overlay-color":"","overlay-opacity":"","overlay-gradient":""},"mobile":{"background-color":"var(--ast-global-color-5)","background-image":"","background-repeat":"repeat","background-position":"center center","background-size":"auto","background-attachment":"scroll","background-type":"","background-media":"","overlay-type":"","overlay-color":"","overlay-opacity":"","overlay-gradient":""}}},"product_brand":[1119],"product_cat":[456],"product_tag":[],"class_list":{"0":"post-8024","1":"product","2":"type-product","3":"status-publish","4":"has-post-thumbnail","6":"product_brand-la-espanola","7":"product_cat-cava-espumosos","8":"desktop-align-left","9":"tablet-align-left","10":"mobile-align-left","12":"first","13":"instock","14":"taxable","15":"shipping-taxable","16":"purchasable","17":"product-type-simple"},"_links":{"self":[{"href":"https:\/\/andalubox.com\/de\/wp-json\/wp\/v2\/product\/8024","targetHints":{"allow":["GET"]}}],"collection":[{"href":"https:\/\/andalubox.com\/de\/wp-json\/wp\/v2\/product"}],"about":[{"href":"https:\/\/andalubox.com\/de\/wp-json\/wp\/v2\/types\/product"}],"replies":[{"embeddable":true,"href":"https:\/\/andalubox.com\/de\/wp-json\/wp\/v2\/comments?post=8024"}],"wp:featuredmedia":[{"embeddable":true,"href":"https:\/\/andalubox.com\/de\/wp-json\/wp\/v2\/media\/6966"}],"wp:attachment":[{"href":"https:\/\/andalubox.com\/de\/wp-json\/wp\/v2\/media?parent=8024"}],"wp:term":[{"taxonomy":"product_brand","embeddable":true,"href":"https:\/\/andalubox.com\/de\/wp-json\/wp\/v2\/product_brand?post=8024"},{"taxonomy":"product_cat","embeddable":true,"href":"https:\/\/andalubox.com\/de\/wp-json\/wp\/v2\/product_cat?post=8024"},{"taxonomy":"product_tag","embeddable":true,"href":"https:\/\/andalubox.com\/de\/wp-json\/wp\/v2\/product_tag?post=8024"}],"curies":[{"name":"wp","href":"https:\/\/api.w.org\/{rel}","templated":true}]}}