{"id":8001,"date":"2022-10-26T13:05:43","date_gmt":"2022-10-26T11:05:43","guid":{"rendered":"https:\/\/andalubox.com\/producto-andaluz\/herpac-pate-von-mojama-125gr\/"},"modified":"2025-06-12T23:52:12","modified_gmt":"2025-06-12T21:52:12","slug":"herpac-pate-de-mojama-125gr","status":"publish","type":"product","link":"https:\/\/andalubox.com\/de\/producto-andaluz\/herpac-pate-de-mojama-125gr\/","title":{"rendered":"Herpac Mojama Pastete, 125g"},"content":{"rendered":"<p>In dieser k\u00f6stlichen hausgemachten Pastete k\u00f6nnen Sie den Geschmack von Mojama genie\u00dfen. F\u00fcr die Zubereitung braten wir zun\u00e4chst die Zwiebel zusammen mit dem Speck und dem \u00d6l an.<\/p>\n<p>Sobald sie weich sind, Milch, Wasser, gehackten Mojama, Fisch, Gew\u00fcrze und Salz hinzuf\u00fcgen und 30 Minuten kochen lassen. Schlie\u00dflich wird alles in einen Beh\u00e4lter gegossen und in Gl\u00e4ser abgef\u00fcllt, die dann autoklaviert werden, um die Keimfreiheit des Produkts zu gew\u00e4hrleisten.<\/p>\n<p>Die Mojama-Pastete wird dem Kunden in 105-Gramm-Gl\u00e4sern angeboten. Sobald das Glas ge\u00f6ffnet ist, kann es zu jeder Tageszeit direkt auf einen leckeren Toast gestrichen werden.<\/p>\n<p>Die Mojamapastete sollte an einem k\u00fchlen, trockenen und vor der Sonne gesch\u00fctzten Ort aufbewahrt werden. Nach dem \u00d6ffnen sollte er gek\u00fchlt bei einer Temperatur zwischen 0\u00ba und 4\u00baC aufbewahrt und innerhalb von 3-4 Tagen verbraucht werden. Kurzum, ein Produkt von h\u00f6chster Qualit\u00e4t und exquisitem Geschmack f\u00fcr den Gaumen.<\/p>","protected":false},"excerpt":{"rendered":"<p>Nat\u00fcrliche Mojamapastete, handgemacht von Herpac, Barbate. Verwendung von Zutaten h\u00f6chster Qualit\u00e4t.<\/p>\n","protected":false},"featured_media":6897,"template":"","meta":{"site-sidebar-layout":"default","site-content-layout":"default","ast-site-content-layout":"default","site-content-style":"default","site-sidebar-style":"default","ast-global-header-display":"","ast-banner-title-visibility":"","ast-main-header-display":"","ast-hfb-above-header-display":"","ast-hfb-below-header-display":"","ast-hfb-mobile-header-display":"","site-post-title":"","ast-breadcrumbs-content":"","ast-featured-img":"","footer-sml-layout":"","ast-disable-related-posts":"","theme-transparent-header-meta":"default","adv-header-id-meta":"","stick-header-meta":"","header-above-stick-meta":"","header-main-stick-meta":"","header-below-stick-meta":"","astra-migrate-meta-layouts":"default","ast-page-background-enabled":"default","ast-page-background-meta":{"desktop":{"background-color":"var(--ast-global-color-4)","background-image":"","background-repeat":"repeat","background-position":"center center","background-size":"auto","background-attachment":"scroll","background-type":"","background-media":"","overlay-type":"","overlay-color":"","overlay-opacity":"","overlay-gradient":""},"tablet":{"background-color":"","background-image":"","background-repeat":"repeat","background-position":"center center","background-size":"auto","background-attachment":"scroll","background-type":"","background-media":"","overlay-type":"","overlay-color":"","overlay-opacity":"","overlay-gradient":""},"mobile":{"background-color":"","background-image":"","background-repeat":"repeat","background-position":"center center","background-size":"auto","background-attachment":"scroll","background-type":"","background-media":"","overlay-type":"","overlay-color":"","overlay-opacity":"","overlay-gradient":""}},"ast-content-background-meta":{"desktop":{"background-color":"var(--ast-global-color-5)","background-image":"","background-repeat":"repeat","background-position":"center center","background-size":"auto","background-attachment":"scroll","background-type":"","background-media":"","overlay-type":"","overlay-color":"","overlay-opacity":"","overlay-gradient":""},"tablet":{"background-color":"var(--ast-global-color-5)","background-image":"","background-repeat":"repeat","background-position":"center center","background-size":"auto","background-attachment":"scroll","background-type":"","background-media":"","overlay-type":"","overlay-color":"","overlay-opacity":"","overlay-gradient":""},"mobile":{"background-color":"var(--ast-global-color-5)","background-image":"","background-repeat":"repeat","background-position":"center center","background-size":"auto","background-attachment":"scroll","background-type":"","background-media":"","overlay-type":"","overlay-color":"","overlay-opacity":"","overlay-gradient":""}}},"product_brand":[1495],"product_cat":[15],"product_tag":[120],"class_list":{"0":"post-8001","1":"product","2":"type-product","3":"status-publish","4":"has-post-thumbnail","6":"product_brand-herpac","7":"product_cat-sin-categorizar","8":"product_tag-sevilla-de","9":"desktop-align-left","10":"tablet-align-left","11":"mobile-align-left","13":"first","14":"outofstock","15":"taxable","16":"shipping-taxable","17":"purchasable","18":"product-type-simple"},"_links":{"self":[{"href":"https:\/\/andalubox.com\/de\/wp-json\/wp\/v2\/product\/8001","targetHints":{"allow":["GET"]}}],"collection":[{"href":"https:\/\/andalubox.com\/de\/wp-json\/wp\/v2\/product"}],"about":[{"href":"https:\/\/andalubox.com\/de\/wp-json\/wp\/v2\/types\/product"}],"wp:featuredmedia":[{"embeddable":true,"href":"https:\/\/andalubox.com\/de\/wp-json\/wp\/v2\/media\/6897"}],"wp:attachment":[{"href":"https:\/\/andalubox.com\/de\/wp-json\/wp\/v2\/media?parent=8001"}],"wp:term":[{"taxonomy":"product_brand","embeddable":true,"href":"https:\/\/andalubox.com\/de\/wp-json\/wp\/v2\/product_brand?post=8001"},{"taxonomy":"product_cat","embeddable":true,"href":"https:\/\/andalubox.com\/de\/wp-json\/wp\/v2\/product_cat?post=8001"},{"taxonomy":"product_tag","embeddable":true,"href":"https:\/\/andalubox.com\/de\/wp-json\/wp\/v2\/product_tag?post=8001"}],"curies":[{"name":"wp","href":"https:\/\/api.w.org\/{rel}","templated":true}]}}