{"id":7997,"date":"2022-10-26T13:05:33","date_gmt":"2022-10-26T11:05:33","guid":{"rendered":"https:\/\/andalubox.com\/producto-andaluz\/heiliger-dienstag-kastanienlikoer-70cl\/"},"modified":"2025-08-23T17:48:18","modified_gmt":"2025-08-23T15:48:18","slug":"dienstag-heiliger-likor-von-kastanien-70cl","status":"publish","type":"product","link":"https:\/\/andalubox.com\/de\/producto-andaluz\/dienstag-heiliger-likor-von-kastanien-70cl\/","title":{"rendered":"Heiliger Dienstag Kastanien Lik\u00f6r 70cl"},"content":{"rendered":"<p>Heiliger Dienstag Kastanien Lik\u00f6r 70cl<\/p>\n<p>Der Kastanienlik\u00f6r von Destiler\u00edas Martes Santo ist ein traditioneller Kastanienlik\u00f6r, der in Higuera de la Sierra, im Naturpark Sierra de Aracena y Picos de Aroche in Huelva, Spanien, hergestellt wird.<\/p>\n<p>Er wird von einer 1870 gegr\u00fcndeten Brennerei in Familienbesitz hergestellt, die wilde Kastanien aus der Region in zweifach destilliertem Martes Santo-Branntwein mazeriert und dabei traditionelle Methoden wie mit Steineichenholz beheizte Kupferbrennblasen verwendet.<\/p>\n<p>Der Lik\u00f6r hat einen Alkoholgehalt von 20 %, wird in einer 70-cl-Flasche geliefert und enth\u00e4lt ganze Kastanien, die ihm einen unverwechselbaren, s\u00fc\u00dfen und cremigen Geschmack verleihen, der das kulinarische Erbe der Region widerspiegelt. Er ist bekannt f\u00fcr seinen einzigartigen, reichhaltigen Geschmack und seine Verbindung mit den ethnographischen Traditionen der Sierra de Aracena. <\/p>\n<p>Der Kastanienlik\u00f6r wird mit einer Auswahl der besten Rohstoffe (nat\u00fcrliche Fr\u00fcchte, aromatische Pflanzen und die besten Alkohole) hergestellt.<\/p>\n<p>Hergestellt und abgef\u00fcllt von Destiler\u00edas Martes Santo S.L., gegr\u00fcndet 1870.<\/p>\n<p><br><br><br>Glasflasche Cont. 70 cl. Alc. 20% Vol. 75 gr. Frucht 95 cl Lik\u00f6r  <\/p>","protected":false},"excerpt":{"rendered":"<p>Holy Tuesday Chestnut Liqueur 70cl wird nach ganz Europa geliefert.<\/p>\n","protected":false},"featured_media":6864,"comment_status":"closed","ping_status":"closed","template":"","meta":{"site-sidebar-layout":"default","site-content-layout":"default","ast-site-content-layout":"default","site-content-style":"default","site-sidebar-style":"default","ast-global-header-display":"","ast-banner-title-visibility":"","ast-main-header-display":"","ast-hfb-above-header-display":"","ast-hfb-below-header-display":"","ast-hfb-mobile-header-display":"","site-post-title":"","ast-breadcrumbs-content":"","ast-featured-img":"","footer-sml-layout":"","ast-disable-related-posts":"","theme-transparent-header-meta":"default","adv-header-id-meta":"","stick-header-meta":"","header-above-stick-meta":"","header-main-stick-meta":"","header-below-stick-meta":"","astra-migrate-meta-layouts":"default","ast-page-background-enabled":"default","ast-page-background-meta":{"desktop":{"background-color":"var(--ast-global-color-4)","background-image":"","background-repeat":"repeat","background-position":"center center","background-size":"auto","background-attachment":"scroll","background-type":"","background-media":"","overlay-type":"","overlay-color":"","overlay-opacity":"","overlay-gradient":""},"tablet":{"background-color":"","background-image":"","background-repeat":"repeat","background-position":"center center","background-size":"auto","background-attachment":"scroll","background-type":"","background-media":"","overlay-type":"","overlay-color":"","overlay-opacity":"","overlay-gradient":""},"mobile":{"background-color":"","background-image":"","background-repeat":"repeat","background-position":"center center","background-size":"auto","background-attachment":"scroll","background-type":"","background-media":"","overlay-type":"","overlay-color":"","overlay-opacity":"","overlay-gradient":""}},"ast-content-background-meta":{"desktop":{"background-color":"var(--ast-global-color-5)","background-image":"","background-repeat":"repeat","background-position":"center center","background-size":"auto","background-attachment":"scroll","background-type":"","background-media":"","overlay-type":"","overlay-color":"","overlay-opacity":"","overlay-gradient":""},"tablet":{"background-color":"var(--ast-global-color-5)","background-image":"","background-repeat":"repeat","background-position":"center center","background-size":"auto","background-attachment":"scroll","background-type":"","background-media":"","overlay-type":"","overlay-color":"","overlay-opacity":"","overlay-gradient":""},"mobile":{"background-color":"var(--ast-global-color-5)","background-image":"","background-repeat":"repeat","background-position":"center center","background-size":"auto","background-attachment":"scroll","background-type":"","background-media":"","overlay-type":"","overlay-color":"","overlay-opacity":"","overlay-gradient":""}}},"product_brand":[1174],"product_cat":[41,1548],"product_tag":[126],"class_list":{"0":"post-7997","1":"product","2":"type-product","3":"status-publish","4":"has-post-thumbnail","6":"product_brand-martes-santo","7":"product_cat-conservas-de-carne","8":"product_cat-cremas-y-licores-dulces","9":"product_tag-huelva-de","10":"desktop-align-left","11":"tablet-align-left","12":"mobile-align-left","14":"first","15":"instock","16":"taxable","17":"shipping-taxable","18":"purchasable","19":"product-type-simple"},"_links":{"self":[{"href":"https:\/\/andalubox.com\/de\/wp-json\/wp\/v2\/product\/7997","targetHints":{"allow":["GET"]}}],"collection":[{"href":"https:\/\/andalubox.com\/de\/wp-json\/wp\/v2\/product"}],"about":[{"href":"https:\/\/andalubox.com\/de\/wp-json\/wp\/v2\/types\/product"}],"replies":[{"embeddable":true,"href":"https:\/\/andalubox.com\/de\/wp-json\/wp\/v2\/comments?post=7997"}],"wp:featuredmedia":[{"embeddable":true,"href":"https:\/\/andalubox.com\/de\/wp-json\/wp\/v2\/media\/6864"}],"wp:attachment":[{"href":"https:\/\/andalubox.com\/de\/wp-json\/wp\/v2\/media?parent=7997"}],"wp:term":[{"taxonomy":"product_brand","embeddable":true,"href":"https:\/\/andalubox.com\/de\/wp-json\/wp\/v2\/product_brand?post=7997"},{"taxonomy":"product_cat","embeddable":true,"href":"https:\/\/andalubox.com\/de\/wp-json\/wp\/v2\/product_cat?post=7997"},{"taxonomy":"product_tag","embeddable":true,"href":"https:\/\/andalubox.com\/de\/wp-json\/wp\/v2\/product_tag?post=7997"}],"curies":[{"name":"wp","href":"https:\/\/api.w.org\/{rel}","templated":true}]}}