{"id":7971,"date":"2022-10-26T13:05:41","date_gmt":"2022-10-26T11:05:41","guid":{"rendered":"https:\/\/andalubox.com\/producto-andaluz\/malvaloca-licor-de-mostachon-de-utrera\/"},"modified":"2025-06-18T18:37:29","modified_gmt":"2025-06-18T16:37:29","slug":"malvaloca-licor-de-mostachon-de-utrera","status":"publish","type":"product","link":"https:\/\/andalubox.com\/de\/producto-andaluz\/malvaloca-licor-de-mostachon-de-utrera\/","title":{"rendered":"Malvaloca Lik\u00f6r aus Mostach\u00f3n de Utrera, 70cl"},"content":{"rendered":"<p>Tradition und aus Utrera<br>Karamell, Honig und Karamell<br>Aromatisch<br>Die R\u00f6stung des Rohrzuckers<br>S\u00fc\u00dfer Geschmack<br>Nat\u00fcrlich und appetitlich<br>Originell<br>Sehr kalt servieren<br>Alkohol: 20\u00ba Volumen: 70cl.<\/p>","protected":false},"excerpt":{"rendered":"<p>  Dieser Lik\u00f6r basiert auf einem Wodka aus Getreidealkohol mit mehreren Destillationen, denen die charakteristischen Aromen des Mostach\u00f3n wie Zimt, Honig und ger\u00f6steter Rohrzucker hinzugef\u00fcgt wurden.<\/p>\n","protected":false},"featured_media":6891,"comment_status":"closed","ping_status":"closed","template":"","meta":{"site-sidebar-layout":"default","site-content-layout":"default","ast-site-content-layout":"default","site-content-style":"default","site-sidebar-style":"default","ast-global-header-display":"","ast-banner-title-visibility":"","ast-main-header-display":"","ast-hfb-above-header-display":"","ast-hfb-below-header-display":"","ast-hfb-mobile-header-display":"","site-post-title":"","ast-breadcrumbs-content":"","ast-featured-img":"","footer-sml-layout":"","ast-disable-related-posts":"","theme-transparent-header-meta":"default","adv-header-id-meta":"","stick-header-meta":"","header-above-stick-meta":"","header-main-stick-meta":"","header-below-stick-meta":"","astra-migrate-meta-layouts":"default","ast-page-background-enabled":"default","ast-page-background-meta":{"desktop":{"background-color":"var(--ast-global-color-4)","background-image":"","background-repeat":"repeat","background-position":"center center","background-size":"auto","background-attachment":"scroll","background-type":"","background-media":"","overlay-type":"","overlay-color":"","overlay-opacity":"","overlay-gradient":""},"tablet":{"background-color":"","background-image":"","background-repeat":"repeat","background-position":"center center","background-size":"auto","background-attachment":"scroll","background-type":"","background-media":"","overlay-type":"","overlay-color":"","overlay-opacity":"","overlay-gradient":""},"mobile":{"background-color":"","background-image":"","background-repeat":"repeat","background-position":"center center","background-size":"auto","background-attachment":"scroll","background-type":"","background-media":"","overlay-type":"","overlay-color":"","overlay-opacity":"","overlay-gradient":""}},"ast-content-background-meta":{"desktop":{"background-color":"var(--ast-global-color-5)","background-image":"","background-repeat":"repeat","background-position":"center center","background-size":"auto","background-attachment":"scroll","background-type":"","background-media":"","overlay-type":"","overlay-color":"","overlay-opacity":"","overlay-gradient":""},"tablet":{"background-color":"var(--ast-global-color-5)","background-image":"","background-repeat":"repeat","background-position":"center center","background-size":"auto","background-attachment":"scroll","background-type":"","background-media":"","overlay-type":"","overlay-color":"","overlay-opacity":"","overlay-gradient":""},"mobile":{"background-color":"var(--ast-global-color-5)","background-image":"","background-repeat":"repeat","background-position":"center center","background-size":"auto","background-attachment":"scroll","background-type":"","background-media":"","overlay-type":"","overlay-color":"","overlay-opacity":"","overlay-gradient":""}}},"product_brand":[1494],"product_cat":[],"product_tag":[],"class_list":{"0":"post-7971","1":"product","2":"type-product","3":"status-publish","4":"has-post-thumbnail","6":"product_brand-malavaloca","7":"desktop-align-left","8":"tablet-align-left","9":"mobile-align-left","11":"first","12":"outofstock","13":"taxable","14":"shipping-taxable","15":"purchasable","16":"product-type-simple"},"_links":{"self":[{"href":"https:\/\/andalubox.com\/de\/wp-json\/wp\/v2\/product\/7971","targetHints":{"allow":["GET"]}}],"collection":[{"href":"https:\/\/andalubox.com\/de\/wp-json\/wp\/v2\/product"}],"about":[{"href":"https:\/\/andalubox.com\/de\/wp-json\/wp\/v2\/types\/product"}],"replies":[{"embeddable":true,"href":"https:\/\/andalubox.com\/de\/wp-json\/wp\/v2\/comments?post=7971"}],"wp:featuredmedia":[{"embeddable":true,"href":"https:\/\/andalubox.com\/de\/wp-json\/wp\/v2\/media\/6891"}],"wp:attachment":[{"href":"https:\/\/andalubox.com\/de\/wp-json\/wp\/v2\/media?parent=7971"}],"wp:term":[{"taxonomy":"product_brand","embeddable":true,"href":"https:\/\/andalubox.com\/de\/wp-json\/wp\/v2\/product_brand?post=7971"},{"taxonomy":"product_cat","embeddable":true,"href":"https:\/\/andalubox.com\/de\/wp-json\/wp\/v2\/product_cat?post=7971"},{"taxonomy":"product_tag","embeddable":true,"href":"https:\/\/andalubox.com\/de\/wp-json\/wp\/v2\/product_tag?post=7971"}],"curies":[{"name":"wp","href":"https:\/\/api.w.org\/{rel}","templated":true}]}}