{"id":7884,"date":"2022-10-26T13:05:01","date_gmt":"2022-10-26T11:05:01","guid":{"rendered":"https:\/\/andalubox.com\/producto-andaluz\/supermex-runde-chips-glutenfrei-500gr\/"},"modified":"2025-07-21T18:01:49","modified_gmt":"2025-07-21T16:01:49","slug":"supermex-round-glutenfrei-500-gr","status":"publish","type":"product","link":"https:\/\/andalubox.com\/de\/producto-andaluz\/supermex-round-glutenfrei-500-gr\/","title":{"rendered":"Super Mex Nachos Fritos (totopos) Rund Glutenfrei, 500 g"},"content":{"rendered":"<p><strong>Super Mex Nachos Fritos (totopos) Rund Glutenfrei, 500 g<\/strong><\/p>\n<p>Super-Mex Foods ist ein 1997 von den Br\u00fcdern Bruce und Robert Stockwell gegr\u00fcndetes Familienunternehmen, das sich der Herstellung und dem Vertrieb von mexikanischen und Tex-Mex-Produkten widmet und seinen Sitz in El Puerto de Santa Mar\u00eda hat. Ihr Hauptprodukt sind Nachos (Tortilla-Chips oder Totopos), die zu 100% nat\u00fcrlich nach dem traditionellen aztekischen Verfahren des Nixtamal-Kochens hergestellt, mit Vulkangestein gemahlen, in Sonnenblumen\u00f6l frittiert und mit Meersalz aus der Bucht von Cadiz gew\u00fcrzt werden. Au\u00dferdem produziert und vertreibt das Unternehmen Weizentortillas, So\u00dfen, Chilis, Gew\u00fcrze und Fertiggerichte f\u00fcr den Einzelhandel und den Horeca-Kanal.<br>Das Unternehmen begann 1986 in Rota mit dem Restaurant Casa Texas Mexico, das haupts\u00e4chlich Kunden aus der amerikanischen Milit\u00e4rbasis bediente, und entwickelte sich aufgrund des Mangels an mexikanischen Zutaten in Spanien zu einem Hersteller. Im Jahr 2013 er\u00f6ffnete das Unternehmen eine neue Fabrik in El Puerto de Santa Mar\u00eda, die f\u00fcnfmal so gro\u00df ist wie die urspr\u00fcngliche und in die 2 Millionen Euro investiert wurden, ausgestattet mit moderner Technologie und einem Labor f\u00fcr die Qualit\u00e4tskontrolle. Derzeit besch\u00e4ftigt das Unternehmen etwa 35 Mitarbeiter, produziert 24.000 Kilo Nachos pro Woche und exportiert in L\u00e4nder wie das Vereinigte K\u00f6nigreich, Griechenland, die Schweiz, Schweden, Italien, Malta, Zypern, Deutschland und Portugal.<br>Super-Mex hat Auszeichnungen wie den Europ\u00e4ischen Preis f\u00fcr die beste berufliche Laufbahn, den Andaluc\u00eda Excelente 2022 Award f\u00fcr Produktqualit\u00e4t und den Nationalen Preis f\u00fcr Lebensmittelqualit\u00e4t El Suplemento 2017 erhalten. Das Unternehmen zeichnet sich auch durch sein soziales Engagement aus, da es seit der Pandemie Spenden an die Food Bank leistet.     <\/p>\n<p><strong>Zutaten:<\/strong> Gelber Mais, Sonnenblumen\u00f6l mit hohem Olivengehalt, Salz.<\/p>\n<p><strong>Allergene:<\/strong> Kann Spuren von Milch und Milchprodukten (einschlie\u00dflich Laktose) enthalten.<\/p>","protected":false},"excerpt":{"rendered":"<p>Super Mex Nachos Fritos (totopos) Rund Glutenfrei, 500 gr. Verkauf f\u00fcr ganz Spanien und Europa. 6,86\u20ac\/Kilo.<br \/>Die originalen dreieckigen Super Mex Mais-Chips, ideal zum Naschen mit Guacamole, Dips, Nacho-K\u00e4se, gebratenen Bohnen oder Cheddar-K\u00e4se.   Glutenfrei.<\/p>\n","protected":false},"featured_media":6843,"comment_status":"closed","ping_status":"closed","template":"","meta":{"site-sidebar-layout":"default","site-content-layout":"default","ast-site-content-layout":"default","site-content-style":"default","site-sidebar-style":"default","ast-global-header-display":"","ast-banner-title-visibility":"","ast-main-header-display":"","ast-hfb-above-header-display":"","ast-hfb-below-header-display":"","ast-hfb-mobile-header-display":"","site-post-title":"","ast-breadcrumbs-content":"","ast-featured-img":"","footer-sml-layout":"","ast-disable-related-posts":"","theme-transparent-header-meta":"default","adv-header-id-meta":"","stick-header-meta":"","header-above-stick-meta":"","header-main-stick-meta":"","header-below-stick-meta":"","astra-migrate-meta-layouts":"default","ast-page-background-enabled":"default","ast-page-background-meta":{"desktop":{"background-color":"var(--ast-global-color-4)","background-image":"","background-repeat":"repeat","background-position":"center center","background-size":"auto","background-attachment":"scroll","background-type":"","background-media":"","overlay-type":"","overlay-color":"","overlay-opacity":"","overlay-gradient":""},"tablet":{"background-color":"","background-image":"","background-repeat":"repeat","background-position":"center center","background-size":"auto","background-attachment":"scroll","background-type":"","background-media":"","overlay-type":"","overlay-color":"","overlay-opacity":"","overlay-gradient":""},"mobile":{"background-color":"","background-image":"","background-repeat":"repeat","background-position":"center center","background-size":"auto","background-attachment":"scroll","background-type":"","background-media":"","overlay-type":"","overlay-color":"","overlay-opacity":"","overlay-gradient":""}},"ast-content-background-meta":{"desktop":{"background-color":"var(--ast-global-color-5)","background-image":"","background-repeat":"repeat","background-position":"center center","background-size":"auto","background-attachment":"scroll","background-type":"","background-media":"","overlay-type":"","overlay-color":"","overlay-opacity":"","overlay-gradient":""},"tablet":{"background-color":"var(--ast-global-color-5)","background-image":"","background-repeat":"repeat","background-position":"center center","background-size":"auto","background-attachment":"scroll","background-type":"","background-media":"","overlay-type":"","overlay-color":"","overlay-opacity":"","overlay-gradient":""},"mobile":{"background-color":"var(--ast-global-color-5)","background-image":"","background-repeat":"repeat","background-position":"center center","background-size":"auto","background-attachment":"scroll","background-type":"","background-media":"","overlay-type":"","overlay-color":"","overlay-opacity":"","overlay-gradient":""}}},"product_brand":[1488],"product_cat":[],"product_tag":[110],"class_list":{"0":"post-7884","1":"product","2":"type-product","3":"status-publish","4":"has-post-thumbnail","6":"product_brand-super-mex","7":"product_tag-cadiz-de","8":"desktop-align-left","9":"tablet-align-left","10":"mobile-align-left","12":"first","13":"outofstock","14":"taxable","15":"shipping-taxable","16":"purchasable","17":"product-type-simple"},"_links":{"self":[{"href":"https:\/\/andalubox.com\/de\/wp-json\/wp\/v2\/product\/7884","targetHints":{"allow":["GET"]}}],"collection":[{"href":"https:\/\/andalubox.com\/de\/wp-json\/wp\/v2\/product"}],"about":[{"href":"https:\/\/andalubox.com\/de\/wp-json\/wp\/v2\/types\/product"}],"replies":[{"embeddable":true,"href":"https:\/\/andalubox.com\/de\/wp-json\/wp\/v2\/comments?post=7884"}],"wp:featuredmedia":[{"embeddable":true,"href":"https:\/\/andalubox.com\/de\/wp-json\/wp\/v2\/media\/6843"}],"wp:attachment":[{"href":"https:\/\/andalubox.com\/de\/wp-json\/wp\/v2\/media?parent=7884"}],"wp:term":[{"taxonomy":"product_brand","embeddable":true,"href":"https:\/\/andalubox.com\/de\/wp-json\/wp\/v2\/product_brand?post=7884"},{"taxonomy":"product_cat","embeddable":true,"href":"https:\/\/andalubox.com\/de\/wp-json\/wp\/v2\/product_cat?post=7884"},{"taxonomy":"product_tag","embeddable":true,"href":"https:\/\/andalubox.com\/de\/wp-json\/wp\/v2\/product_tag?post=7884"}],"curies":[{"name":"wp","href":"https:\/\/api.w.org\/{rel}","templated":true}]}}