{"id":7870,"date":"2022-10-26T13:05:00","date_gmt":"2022-10-26T11:05:00","guid":{"rendered":"https:\/\/andalubox.com\/producto-andaluz\/casa-verita-taquitos-de-jamon-iberico-90gr\/"},"modified":"2025-06-30T22:12:56","modified_gmt":"2025-06-30T20:12:56","slug":"casa-verita-taquitos-de-jamon-iberico-90gr","status":"publish","type":"product","link":"https:\/\/andalubox.com\/de\/producto-andaluz\/casa-verita-taquitos-de-jamon-iberico-90gr\/","title":{"rendered":"Casa Verita Iberischer Schinken Taquitos aus Andalusien (90gr)"},"content":{"rendered":"Casa Verita Taquitos de Jam\u00f3n Ib\u00e9rico de Andaluc\u00eda ca. 90gr\nTaquitos de Jam\u00f3n Ib\u00e9rico sind ein k\u00f6stliches spanisch inspiriertes Gericht.\nCasa Verita, ein etabliertes spanisches Unternehmen, das sich auf hochwertige iberische Schinken, Wurstwaren und andere Gourmetprodukte spezialisiert hat. Im Folgenden finden Sie einen kurzen \u00dcberblick auf der Grundlage relevanter Informationen: Allgemeine Beschreibung von Casa Verita: Standort: Arahal, Sevilla, Spanien (Calle Cruz 6, 41600). \nGeschichte: Das 1967 von Manuel Vera gegr\u00fcndete Unternehmen begann als traditioneller Nachbarschaftsladen. Im Jahr 2005 wurde es in &#8220;Casa Verita Artesanos del Jam\u00f3n&#8221; umbenannt und konzentriert sich auf handwerklich geschnittenen und vakuumverpackten Schinken. \n\n","protected":false},"excerpt":{"rendered":"<p>Casa Verita Taquitos de Jam\u00f3n Ib\u00e9rico de Andaluc\u00eda ca. 90gr<br \/>\nAndalubox exportiert Casa Verita Produkte in ganz Europa.<\/p>\n<p>Vakuumverpackte iberische Schinkenw\u00fcrfel der Marke Casa Verita, die ihren Geschmack bewahren.<\/p>\n","protected":false},"featured_media":6816,"template":"","meta":{"site-sidebar-layout":"default","site-content-layout":"default","ast-site-content-layout":"default","site-content-style":"default","site-sidebar-style":"default","ast-global-header-display":"","ast-banner-title-visibility":"","ast-main-header-display":"","ast-hfb-above-header-display":"","ast-hfb-below-header-display":"","ast-hfb-mobile-header-display":"","site-post-title":"","ast-breadcrumbs-content":"","ast-featured-img":"","footer-sml-layout":"","ast-disable-related-posts":"","theme-transparent-header-meta":"default","adv-header-id-meta":"","stick-header-meta":"","header-above-stick-meta":"","header-main-stick-meta":"","header-below-stick-meta":"","astra-migrate-meta-layouts":"default","ast-page-background-enabled":"default","ast-page-background-meta":{"desktop":{"background-color":"var(--ast-global-color-4)","background-image":"","background-repeat":"repeat","background-position":"center center","background-size":"auto","background-attachment":"scroll","background-type":"","background-media":"","overlay-type":"","overlay-color":"","overlay-opacity":"","overlay-gradient":""},"tablet":{"background-color":"","background-image":"","background-repeat":"repeat","background-position":"center center","background-size":"auto","background-attachment":"scroll","background-type":"","background-media":"","overlay-type":"","overlay-color":"","overlay-opacity":"","overlay-gradient":""},"mobile":{"background-color":"","background-image":"","background-repeat":"repeat","background-position":"center center","background-size":"auto","background-attachment":"scroll","background-type":"","background-media":"","overlay-type":"","overlay-color":"","overlay-opacity":"","overlay-gradient":""}},"ast-content-background-meta":{"desktop":{"background-color":"var(--ast-global-color-5)","background-image":"","background-repeat":"repeat","background-position":"center center","background-size":"auto","background-attachment":"scroll","background-type":"","background-media":"","overlay-type":"","overlay-color":"","overlay-opacity":"","overlay-gradient":""},"tablet":{"background-color":"var(--ast-global-color-5)","background-image":"","background-repeat":"repeat","background-position":"center center","background-size":"auto","background-attachment":"scroll","background-type":"","background-media":"","overlay-type":"","overlay-color":"","overlay-opacity":"","overlay-gradient":""},"mobile":{"background-color":"var(--ast-global-color-5)","background-image":"","background-repeat":"repeat","background-position":"center center","background-size":"auto","background-attachment":"scroll","background-type":"","background-media":"","overlay-type":"","overlay-color":"","overlay-opacity":"","overlay-gradient":""}}},"product_brand":[1394],"product_cat":[349],"product_tag":[120],"class_list":{"0":"post-7870","1":"product","2":"type-product","3":"status-publish","4":"has-post-thumbnail","6":"product_brand-casa-verita","7":"product_cat-iberische-produkte","8":"product_tag-sevilla-de","9":"desktop-align-left","10":"tablet-align-left","11":"mobile-align-left","13":"first","14":"instock","15":"taxable","16":"shipping-taxable","17":"purchasable","18":"product-type-simple"},"_links":{"self":[{"href":"https:\/\/andalubox.com\/de\/wp-json\/wp\/v2\/product\/7870","targetHints":{"allow":["GET"]}}],"collection":[{"href":"https:\/\/andalubox.com\/de\/wp-json\/wp\/v2\/product"}],"about":[{"href":"https:\/\/andalubox.com\/de\/wp-json\/wp\/v2\/types\/product"}],"wp:featuredmedia":[{"embeddable":true,"href":"https:\/\/andalubox.com\/de\/wp-json\/wp\/v2\/media\/6816"}],"wp:attachment":[{"href":"https:\/\/andalubox.com\/de\/wp-json\/wp\/v2\/media?parent=7870"}],"wp:term":[{"taxonomy":"product_brand","embeddable":true,"href":"https:\/\/andalubox.com\/de\/wp-json\/wp\/v2\/product_brand?post=7870"},{"taxonomy":"product_cat","embeddable":true,"href":"https:\/\/andalubox.com\/de\/wp-json\/wp\/v2\/product_cat?post=7870"},{"taxonomy":"product_tag","embeddable":true,"href":"https:\/\/andalubox.com\/de\/wp-json\/wp\/v2\/product_tag?post=7870"}],"curies":[{"name":"wp","href":"https:\/\/api.w.org\/{rel}","templated":true}]}}