{"id":7862,"date":"2022-10-26T13:04:38","date_gmt":"2022-10-26T11:04:38","guid":{"rendered":"https:\/\/andalubox.com\/producto-andaluz\/jerez-essig-reserva-25-375ml\/"},"modified":"2025-09-02T22:45:12","modified_gmt":"2025-09-02T20:45:12","slug":"sherry-essig-reserve-25-375ml","status":"publish","type":"product","link":"https:\/\/andalubox.com\/de\/producto-andaluz\/sherry-essig-reserve-25-375ml\/","title":{"rendered":"Jerez Essig Reserva 25, 375ml"},"content":{"rendered":"<p>Vinagre de Jerez Reserva 25, 375ml<br>Vinagre de Jerez Reserva 25 ist ein hochwertiger Sherry-Essig mit gesch\u00fctzter Ursprungsbezeichnung (g.U.) aus der Region Jerez, Spanien, der typischerweise aus Palomino Fino-Trauben hergestellt wird. Er reift mindestens 25 Jahre lang in F\u00e4ssern aus amerikanischer Eiche nach dem traditionellen Soleras- und Criaderas-System, was ihm eine intensive Mahagonifarbe, reiche Aromen von Vanille, Trockenfr\u00fcchten und altem Holz sowie einen komplexen, intensiven Geschmack mit einer milden, leicht fruchtigen S\u00e4ure (etwa 8\u00b0 Essigs\u00e4ure) verleiht. Dieser Essig, der in der Regel von renommierten Weing\u00fctern wie P\u00e1ez Morilla oder Barbadillo hergestellt wird, eignet sich dank seines w\u00fcrzigen und aromatischen Profils ideal f\u00fcr die Gourmetk\u00fcche und verfeinert Dressings, Marinaden, Reduktionen, Salate und sogar asiatische Gerichte. Sein kr\u00e4ftiger und ausgewogener Geschmack macht ihn zu einem beliebten Begleiter von Gerichten wie Suppen, Wild oder Desserts.<br>Lagern Sie ihn an einem k\u00fchlen, trockenen Ort, gesch\u00fctzt vor direktem Licht.<br>Andalubox ist ein Sherry-Essig.   <\/p>","protected":false},"excerpt":{"rendered":"<p>Vinagre de Jerez Reserva 25, 375ml<br \/>Andalubox exportiert Vinagre de Jerez in ganz Europa.<br \/>Auch in den Andalubox-L\u00e4den in Sevilla erh\u00e4ltlich.<\/p>\n","protected":false},"featured_media":6786,"comment_status":"closed","ping_status":"closed","template":"","meta":{"site-sidebar-layout":"default","site-content-layout":"","ast-site-content-layout":"default","site-content-style":"default","site-sidebar-style":"default","ast-global-header-display":"","ast-banner-title-visibility":"","ast-main-header-display":"","ast-hfb-above-header-display":"","ast-hfb-below-header-display":"","ast-hfb-mobile-header-display":"","site-post-title":"","ast-breadcrumbs-content":"","ast-featured-img":"","footer-sml-layout":"","ast-disable-related-posts":"","theme-transparent-header-meta":"default","adv-header-id-meta":"","stick-header-meta":"","header-above-stick-meta":"","header-main-stick-meta":"","header-below-stick-meta":"","astra-migrate-meta-layouts":"default","ast-page-background-enabled":"default","ast-page-background-meta":{"desktop":{"background-color":"var(--ast-global-color-4)","background-image":"","background-repeat":"repeat","background-position":"center center","background-size":"auto","background-attachment":"scroll","background-type":"","background-media":"","overlay-type":"","overlay-color":"","overlay-opacity":"","overlay-gradient":""},"tablet":{"background-color":"","background-image":"","background-repeat":"repeat","background-position":"center center","background-size":"auto","background-attachment":"scroll","background-type":"","background-media":"","overlay-type":"","overlay-color":"","overlay-opacity":"","overlay-gradient":""},"mobile":{"background-color":"","background-image":"","background-repeat":"repeat","background-position":"center center","background-size":"auto","background-attachment":"scroll","background-type":"","background-media":"","overlay-type":"","overlay-color":"","overlay-opacity":"","overlay-gradient":""}},"ast-content-background-meta":{"desktop":{"background-color":"var(--ast-global-color-5)","background-image":"","background-repeat":"repeat","background-position":"center center","background-size":"auto","background-attachment":"scroll","background-type":"","background-media":"","overlay-type":"","overlay-color":"","overlay-opacity":"","overlay-gradient":""},"tablet":{"background-color":"var(--ast-global-color-5)","background-image":"","background-repeat":"repeat","background-position":"center center","background-size":"auto","background-attachment":"scroll","background-type":"","background-media":"","overlay-type":"","overlay-color":"","overlay-opacity":"","overlay-gradient":""},"mobile":{"background-color":"var(--ast-global-color-5)","background-image":"","background-repeat":"repeat","background-position":"center center","background-size":"auto","background-attachment":"scroll","background-type":"","background-media":"","overlay-type":"","overlay-color":"","overlay-opacity":"","overlay-gradient":""}}},"product_brand":[1299],"product_cat":[348],"product_tag":[110],"class_list":{"0":"post-7862","1":"product","2":"type-product","3":"status-publish","4":"has-post-thumbnail","6":"product_brand-bodegas-paez-morilla","7":"product_cat-essig","8":"product_tag-cadiz-de","9":"desktop-align-left","10":"tablet-align-left","11":"mobile-align-left","13":"first","14":"instock","15":"taxable","16":"shipping-taxable","17":"purchasable","18":"product-type-simple"},"_links":{"self":[{"href":"https:\/\/andalubox.com\/de\/wp-json\/wp\/v2\/product\/7862","targetHints":{"allow":["GET"]}}],"collection":[{"href":"https:\/\/andalubox.com\/de\/wp-json\/wp\/v2\/product"}],"about":[{"href":"https:\/\/andalubox.com\/de\/wp-json\/wp\/v2\/types\/product"}],"replies":[{"embeddable":true,"href":"https:\/\/andalubox.com\/de\/wp-json\/wp\/v2\/comments?post=7862"}],"wp:featuredmedia":[{"embeddable":true,"href":"https:\/\/andalubox.com\/de\/wp-json\/wp\/v2\/media\/6786"}],"wp:attachment":[{"href":"https:\/\/andalubox.com\/de\/wp-json\/wp\/v2\/media?parent=7862"}],"wp:term":[{"taxonomy":"product_brand","embeddable":true,"href":"https:\/\/andalubox.com\/de\/wp-json\/wp\/v2\/product_brand?post=7862"},{"taxonomy":"product_cat","embeddable":true,"href":"https:\/\/andalubox.com\/de\/wp-json\/wp\/v2\/product_cat?post=7862"},{"taxonomy":"product_tag","embeddable":true,"href":"https:\/\/andalubox.com\/de\/wp-json\/wp\/v2\/product_tag?post=7862"}],"curies":[{"name":"wp","href":"https:\/\/api.w.org\/{rel}","templated":true}]}}