{"id":7836,"date":"2022-10-26T13:05:00","date_gmt":"2022-10-26T11:05:00","guid":{"rendered":"https:\/\/andalubox.com\/producto-andaluz\/der-pfefferminz-balsamico-essig-eintopf-250ml\/"},"modified":"2025-09-06T08:54:52","modified_gmt":"2025-09-06T06:54:52","slug":"el-guiso-essig-balsamico-de-yerbabuena-250ml","status":"publish","type":"product","link":"https:\/\/andalubox.com\/de\/producto-andaluz\/el-guiso-essig-balsamico-de-yerbabuena-250ml\/","title":{"rendered":"El Guiso Balsamico-Essig Pfefferminz-Essig P.D.O. Montilla-Morilles 250ml"},"content":{"rendered":"<p>El Guiso Balsamico-Essig Pfefferminz-Essig P.D.O. Montilla-Morilles 250ml.<\/p>\n<p>El Guiso Vinagre Bals\u00e1mico de Hierbabuena D.O.P. Montilla-Moriles, 250 ml, ist eine Gourmet-Reduktion aus Balsamico-Essig mit Minzgeschmack, ideal zum Verfeinern von Salaten und verschiedenen Gerichten. Der Balsamico de Hierbabuena D.O.P. Montilla-Moriles wird von El Guiso hergestellt, einer renommierten spanischen Marke, die seit 1979 hochwertige handwerkliche Produkte vertreibt. Er ist mit dem G\u00fctesiegel P.D.O. Montilla-Moriles ausgezeichnet, das die Authentizit\u00e4t und Qualit\u00e4t der Region Montilla-Moriles in C\u00f3rdoba, Spanien, garantiert. <\/p>\n<p>MEDITERRANE ERN\u00c4HRUNG.<\/p>\n<p>Details:<\/p>\n<ul>\n\t<li>Zutaten: Balsamico-Essig, St\u00e4rke, Pfefferminzaroma, Farbstoff E-141, Konservierungsmittel E-224. Enth\u00e4lt Sulfite. Glutenfrei.<\/li>\n\t<li>N\u00e4hrwertangaben (pro 100 g): Energie: 610 kJ \/ 143 kcal<\/li>\n\t<li>Fett: 0 g (ges\u00e4ttigt: 0 g)<\/li>\n\t<li>Kohlenhydrate: 32 g (Zucker: 29 g)<\/li>\n\t<li>Eiwei\u00df: 1 g<\/li>\n\t<li>Salz: 0,06 g<\/li>\n<\/ul>\n<p>Verwendung: Perfekt f\u00fcr Salate, Dressings oder als Geschmacksverst\u00e4rker f\u00fcr Gourmetgerichte.<\/p>\n<p><br>Die Pfefferminze verleiht dem Produkt eine erfrischende, minzige Note. Das Produkt wird f\u00fcr seine antioxidativen und verdauungsf\u00f6rdernden Eigenschaften gelobt, die auf den nat\u00fcrlichen Vorz\u00fcgen des Krauts beruhen.<\/p>","protected":false},"excerpt":{"rendered":"<p>El Guiso Balsamico-Essig Pfefferminz-Essig P.D.O. Montilla-Morilles 250ml<\/p>\n","protected":false},"featured_media":6798,"template":"","meta":{"site-sidebar-layout":"default","site-content-layout":"default","ast-site-content-layout":"default","site-content-style":"default","site-sidebar-style":"default","ast-global-header-display":"","ast-banner-title-visibility":"","ast-main-header-display":"","ast-hfb-above-header-display":"","ast-hfb-below-header-display":"","ast-hfb-mobile-header-display":"","site-post-title":"","ast-breadcrumbs-content":"","ast-featured-img":"","footer-sml-layout":"","ast-disable-related-posts":"","theme-transparent-header-meta":"default","adv-header-id-meta":"","stick-header-meta":"","header-above-stick-meta":"","header-main-stick-meta":"","header-below-stick-meta":"","astra-migrate-meta-layouts":"default","ast-page-background-enabled":"default","ast-page-background-meta":{"desktop":{"background-color":"var(--ast-global-color-4)","background-image":"","background-repeat":"repeat","background-position":"center center","background-size":"auto","background-attachment":"scroll","background-type":"","background-media":"","overlay-type":"","overlay-color":"","overlay-opacity":"","overlay-gradient":""},"tablet":{"background-color":"","background-image":"","background-repeat":"repeat","background-position":"center center","background-size":"auto","background-attachment":"scroll","background-type":"","background-media":"","overlay-type":"","overlay-color":"","overlay-opacity":"","overlay-gradient":""},"mobile":{"background-color":"","background-image":"","background-repeat":"repeat","background-position":"center center","background-size":"auto","background-attachment":"scroll","background-type":"","background-media":"","overlay-type":"","overlay-color":"","overlay-opacity":"","overlay-gradient":""}},"ast-content-background-meta":{"desktop":{"background-color":"var(--ast-global-color-5)","background-image":"","background-repeat":"repeat","background-position":"center center","background-size":"auto","background-attachment":"scroll","background-type":"","background-media":"","overlay-type":"","overlay-color":"","overlay-opacity":"","overlay-gradient":""},"tablet":{"background-color":"var(--ast-global-color-5)","background-image":"","background-repeat":"repeat","background-position":"center center","background-size":"auto","background-attachment":"scroll","background-type":"","background-media":"","overlay-type":"","overlay-color":"","overlay-opacity":"","overlay-gradient":""},"mobile":{"background-color":"var(--ast-global-color-5)","background-image":"","background-repeat":"repeat","background-position":"center center","background-size":"auto","background-attachment":"scroll","background-type":"","background-media":"","overlay-type":"","overlay-color":"","overlay-opacity":"","overlay-gradient":""}}},"product_brand":[],"product_cat":[348],"product_tag":[],"class_list":{"0":"post-7836","1":"product","2":"type-product","3":"status-publish","4":"has-post-thumbnail","6":"product_cat-essig","7":"desktop-align-left","8":"tablet-align-left","9":"mobile-align-left","11":"first","12":"instock","13":"taxable","14":"shipping-taxable","15":"purchasable","16":"product-type-simple"},"_links":{"self":[{"href":"https:\/\/andalubox.com\/de\/wp-json\/wp\/v2\/product\/7836","targetHints":{"allow":["GET"]}}],"collection":[{"href":"https:\/\/andalubox.com\/de\/wp-json\/wp\/v2\/product"}],"about":[{"href":"https:\/\/andalubox.com\/de\/wp-json\/wp\/v2\/types\/product"}],"wp:featuredmedia":[{"embeddable":true,"href":"https:\/\/andalubox.com\/de\/wp-json\/wp\/v2\/media\/6798"}],"wp:attachment":[{"href":"https:\/\/andalubox.com\/de\/wp-json\/wp\/v2\/media?parent=7836"}],"wp:term":[{"taxonomy":"product_brand","embeddable":true,"href":"https:\/\/andalubox.com\/de\/wp-json\/wp\/v2\/product_brand?post=7836"},{"taxonomy":"product_cat","embeddable":true,"href":"https:\/\/andalubox.com\/de\/wp-json\/wp\/v2\/product_cat?post=7836"},{"taxonomy":"product_tag","embeddable":true,"href":"https:\/\/andalubox.com\/de\/wp-json\/wp\/v2\/product_tag?post=7836"}],"curies":[{"name":"wp","href":"https:\/\/api.w.org\/{rel}","templated":true}]}}