{"id":7834,"date":"2022-10-26T13:04:38","date_gmt":"2022-10-26T11:04:38","guid":{"rendered":"https:\/\/andalubox.com\/producto-andaluz\/el-guiso-vinagre-de-montilla-morilles-balsamico-al-pedro-ximenez-250ml\/"},"modified":"2025-09-06T09:25:48","modified_gmt":"2025-09-06T07:25:48","slug":"el-guiso-essig-balsamico-al-pedro-ximenez-montilla-morilles-250ml","status":"publish","type":"product","link":"https:\/\/andalubox.com\/de\/producto-andaluz\/el-guiso-essig-balsamico-al-pedro-ximenez-montilla-morilles-250ml\/","title":{"rendered":"El Guiso Balsamico-Essig-Reduktion mit PX 250 ML"},"content":{"rendered":"<p>El Guiso Balsamico-Essig-Reduktion mit PX 250 ML.<\/p>\n<p>D.O.P. MONTILLA MORILES.<\/p>\n<p>MEDITERRANE ERN\u00c4HRUNG.<\/p>\n<p>Guiso Reducci\u00f3n de Vinagre Bals\u00e1mico al Pedro Xim\u00e9nez 250 ml ist eine Balsamico-Essig-Reduktion aus Pedro Xim\u00e9nez Wein, handgefertigt von Rodriguez Chiachio SL in Cabra, Spanien.<\/p>\n<p>Er wird durch langsames Reduzieren von hochwertigem, in amerikanischen Eichenf\u00e4ssern gereiftem Balsamico-Essig mit 8% nat\u00fcrlichem Traubenmostsirup (Arrope) hergestellt, um einen unverwechselbaren R\u00f6stgeschmack zu erhalten.<\/p>\n<p>Das Produkt hat eine dichte und aromatische Textur, ideal zum Verfeinern von Speisen.  <\/p>\n<ul>\n\t<li>Zutaten: Pedro Xim\u00e9nez Balsamico-Essig, Traubenmostsirup, St\u00e4rke, Karamell (E-150d) und Konservierungsmittel (E-224). Enth\u00e4lt Sulfite. Glutenfrei. N\u00e4hrwertangaben (pro 100 g): Energie: 702 kJ \/ 165 kcal<\/li>\n\t<li>Fett: 0 g (ges\u00e4ttigt: 0 g)<\/li>\n\t<li>Kohlenhydrate: 38 g (Zucker: 35 g)<\/li>\n\t<li>Eiwei\u00df: 1.1 g<\/li>\n\t<li>Salz: 0,17 g<\/li>\n<\/ul>\n<p>Verwendung: Perfekt zum Anrichten von Salaten, gef\u00fcllten Eiern, gegrilltem oder ged\u00fcnstetem Gem\u00fcse, K\u00e4se, G\u00e4nseleber, Obst oder zur Dekoration von Gerichten.<br>Verpackung: 250 ml PET-Flasche mit Spender.<br>Aufbewahrung: K\u00fchl und trocken lagern.<\/p>\n<p>Diese Reduktion zeichnet sich im Vergleich zu billigeren Saucen mit Verdickungsmitteln durch ihre hervorragende Qualit\u00e4t aus, da sie nach einem traditionellen Reduktionsverfahren hergestellt wird, das ihr einen einzigartigen Geschmack und eine einzigartige Textur verleiht.<\/p>","protected":false},"excerpt":{"rendered":"<p>El Guiso Balsamico-Essig Reduktion mit PX 250 ML. Versand nach ganz Europa. <\/p>\n","protected":false},"featured_media":6792,"template":"","meta":{"site-sidebar-layout":"default","site-content-layout":"","ast-site-content-layout":"default","site-content-style":"default","site-sidebar-style":"default","ast-global-header-display":"","ast-banner-title-visibility":"","ast-main-header-display":"","ast-hfb-above-header-display":"","ast-hfb-below-header-display":"","ast-hfb-mobile-header-display":"","site-post-title":"","ast-breadcrumbs-content":"","ast-featured-img":"","footer-sml-layout":"","ast-disable-related-posts":"","theme-transparent-header-meta":"default","adv-header-id-meta":"","stick-header-meta":"","header-above-stick-meta":"","header-main-stick-meta":"","header-below-stick-meta":"","astra-migrate-meta-layouts":"default","ast-page-background-enabled":"default","ast-page-background-meta":{"desktop":{"background-color":"var(--ast-global-color-4)","background-image":"","background-repeat":"repeat","background-position":"center center","background-size":"auto","background-attachment":"scroll","background-type":"","background-media":"","overlay-type":"","overlay-color":"","overlay-opacity":"","overlay-gradient":""},"tablet":{"background-color":"","background-image":"","background-repeat":"repeat","background-position":"center center","background-size":"auto","background-attachment":"scroll","background-type":"","background-media":"","overlay-type":"","overlay-color":"","overlay-opacity":"","overlay-gradient":""},"mobile":{"background-color":"","background-image":"","background-repeat":"repeat","background-position":"center center","background-size":"auto","background-attachment":"scroll","background-type":"","background-media":"","overlay-type":"","overlay-color":"","overlay-opacity":"","overlay-gradient":""}},"ast-content-background-meta":{"desktop":{"background-color":"var(--ast-global-color-5)","background-image":"","background-repeat":"repeat","background-position":"center center","background-size":"auto","background-attachment":"scroll","background-type":"","background-media":"","overlay-type":"","overlay-color":"","overlay-opacity":"","overlay-gradient":""},"tablet":{"background-color":"var(--ast-global-color-5)","background-image":"","background-repeat":"repeat","background-position":"center center","background-size":"auto","background-attachment":"scroll","background-type":"","background-media":"","overlay-type":"","overlay-color":"","overlay-opacity":"","overlay-gradient":""},"mobile":{"background-color":"var(--ast-global-color-5)","background-image":"","background-repeat":"repeat","background-position":"center center","background-size":"auto","background-attachment":"scroll","background-type":"","background-media":"","overlay-type":"","overlay-color":"","overlay-opacity":"","overlay-gradient":""}}},"product_brand":[],"product_cat":[348,358],"product_tag":[109],"class_list":{"0":"post-7834","1":"product","2":"type-product","3":"status-publish","4":"has-post-thumbnail","6":"product_cat-essig","7":"product_cat-nachrichten","8":"product_tag-cordoba-de","9":"desktop-align-left","10":"tablet-align-left","11":"mobile-align-left","13":"first","14":"instock","15":"taxable","16":"shipping-taxable","17":"purchasable","18":"product-type-simple"},"_links":{"self":[{"href":"https:\/\/andalubox.com\/de\/wp-json\/wp\/v2\/product\/7834","targetHints":{"allow":["GET"]}}],"collection":[{"href":"https:\/\/andalubox.com\/de\/wp-json\/wp\/v2\/product"}],"about":[{"href":"https:\/\/andalubox.com\/de\/wp-json\/wp\/v2\/types\/product"}],"wp:featuredmedia":[{"embeddable":true,"href":"https:\/\/andalubox.com\/de\/wp-json\/wp\/v2\/media\/6792"}],"wp:attachment":[{"href":"https:\/\/andalubox.com\/de\/wp-json\/wp\/v2\/media?parent=7834"}],"wp:term":[{"taxonomy":"product_brand","embeddable":true,"href":"https:\/\/andalubox.com\/de\/wp-json\/wp\/v2\/product_brand?post=7834"},{"taxonomy":"product_cat","embeddable":true,"href":"https:\/\/andalubox.com\/de\/wp-json\/wp\/v2\/product_cat?post=7834"},{"taxonomy":"product_tag","embeddable":true,"href":"https:\/\/andalubox.com\/de\/wp-json\/wp\/v2\/product_tag?post=7834"}],"curies":[{"name":"wp","href":"https:\/\/api.w.org\/{rel}","templated":true}]}}