{"id":7828,"date":"2022-10-26T13:04:37","date_gmt":"2022-10-26T11:04:37","guid":{"rendered":"https:\/\/andalubox.com\/producto-andaluz\/pata-negra-toro-roble-75cl\/"},"modified":"2026-01-28T11:12:04","modified_gmt":"2026-01-28T10:12:04","slug":"pata-negra-toro-roble-75cl","status":"publish","type":"product","link":"https:\/\/andalubox.com\/de\/producto-andaluz\/pata-negra-toro-roble-75cl\/","title":{"rendered":"Pata Negra Toro Espa\u00f1ol Eiche 75 CL"},"content":{"rendered":"<div class=\"vc_column_container col-md-6\">\n<div class=\"wpb_wrapper vc_column-inner\">\n<div class=\"wpb_text_column wpb_content_element \">\n<div class=\"wpb_wrapper\">\n<p>Pata Negra Toro Espa\u00f1ol Eiche 75 CL<\/p>\n<p>Der Tempranillo oder Tinta de Toro, der in diesem Gebiet w\u00e4chst, ist eine Rebsorte, die an die rauen klimatischen Bedingungen von Toro und die kargen B\u00f6den angepasst ist und dicke Schalen entwickelt, die sehr strukturierte Weine ergeben. Die G\u00e4rung der Trauben erfolgt in Edelstahltanks bei kontrollierter Temperatur und kurzer Mazeration, um einen geschmeidigen Wein zu erhalten. Anschlie\u00dfend wird er einer malolaktischen G\u00e4rung unterzogen und f\u00fcr 4 Monate in ausgew\u00e4hlten Eichenf\u00e4ssern gelagert, um ihm Finesse und runde Tannine zu verleihen.<\/p>\n<\/div>\n<\/div>\n<\/div>\n<\/div>\n<div class=\"vc_column_container col-md-6\">\n<div class=\"wpb_wrapper vc_column-inner\">\n<div class=\"wpb_text_column wpb_content_element \">\n<div class=\"wpb_wrapper\">\n<p><strong>Verkostungsnotizen:<\/strong><\/p>\n<p>Tief kirschrote Farbe, sehr bedeckt, mit violettem Rand. Gro\u00dfartiges und intensives Bouquet, deutlich sortentypisch, rote und schwarze Waldfr\u00fcchte, sortentypische balsamische Noten, elegante Gew\u00fcrzt\u00f6ne. Komplex. elegant und intensiv. Am Gaumen zeigt er, was die Nase andeutete: ein komplexer, langer und sehr nachhaltiger Wein. Ausgewogen, geschliffen und mit weichen, eleganten Tanninen. Anhaltender und komplexer Nachgeschmack.<\/p>\n<p><strong>Paarung:<\/strong><\/p>\n<p>Die Pata Negra Toro Roble ist ideal f\u00fcr Grillgerichte, rotes Fleisch, mexikanische und italienische Gerichte.<\/p>\n<p>Diese Ausgabe der iberischen Fauna ist von 3 der charakteristischsten Tierarten unseres Landes inspiriert, in diesem Fall repr\u00e4sentiert der iberische Luchs die DO Mancha.<\/p>\n<\/div>\n<\/div>\n<\/div>\n<\/div>","protected":false},"excerpt":{"rendered":"<p>Pata Negra Toro Espa\u00f1ol Roble 75 CL, Sendungen nach ALL EUROPE.<\/p>\n","protected":false},"featured_media":6768,"comment_status":"closed","ping_status":"closed","template":"","meta":{"site-sidebar-layout":"default","site-content-layout":"default","ast-site-content-layout":"default","site-content-style":"default","site-sidebar-style":"default","ast-global-header-display":"","ast-banner-title-visibility":"","ast-main-header-display":"","ast-hfb-above-header-display":"","ast-hfb-below-header-display":"","ast-hfb-mobile-header-display":"","site-post-title":"","ast-breadcrumbs-content":"","ast-featured-img":"","footer-sml-layout":"","ast-disable-related-posts":"","theme-transparent-header-meta":"default","adv-header-id-meta":"","stick-header-meta":"","header-above-stick-meta":"","header-main-stick-meta":"","header-below-stick-meta":"","astra-migrate-meta-layouts":"default","ast-page-background-enabled":"default","ast-page-background-meta":{"desktop":{"background-color":"var(--ast-global-color-4)","background-image":"","background-repeat":"repeat","background-position":"center center","background-size":"auto","background-attachment":"scroll","background-type":"","background-media":"","overlay-type":"","overlay-color":"","overlay-opacity":"","overlay-gradient":""},"tablet":{"background-color":"","background-image":"","background-repeat":"repeat","background-position":"center center","background-size":"auto","background-attachment":"scroll","background-type":"","background-media":"","overlay-type":"","overlay-color":"","overlay-opacity":"","overlay-gradient":""},"mobile":{"background-color":"","background-image":"","background-repeat":"repeat","background-position":"center center","background-size":"auto","background-attachment":"scroll","background-type":"","background-media":"","overlay-type":"","overlay-color":"","overlay-opacity":"","overlay-gradient":""}},"ast-content-background-meta":{"desktop":{"background-color":"var(--ast-global-color-5)","background-image":"","background-repeat":"repeat","background-position":"center center","background-size":"auto","background-attachment":"scroll","background-type":"","background-media":"","overlay-type":"","overlay-color":"","overlay-opacity":"","overlay-gradient":""},"tablet":{"background-color":"var(--ast-global-color-5)","background-image":"","background-repeat":"repeat","background-position":"center center","background-size":"auto","background-attachment":"scroll","background-type":"","background-media":"","overlay-type":"","overlay-color":"","overlay-opacity":"","overlay-gradient":""},"mobile":{"background-color":"var(--ast-global-color-5)","background-image":"","background-repeat":"repeat","background-position":"center center","background-size":"auto","background-attachment":"scroll","background-type":"","background-media":"","overlay-type":"","overlay-color":"","overlay-opacity":"","overlay-gradient":""}}},"product_brand":[1315],"product_cat":[343],"product_tag":[],"class_list":{"0":"post-7828","1":"product","2":"type-product","3":"status-publish","4":"has-post-thumbnail","6":"product_brand-pata-negra","7":"product_cat-rotwein","8":"desktop-align-left","9":"tablet-align-left","10":"mobile-align-left","12":"first","13":"instock","14":"taxable","15":"shipping-taxable","16":"purchasable","17":"product-type-simple"},"_links":{"self":[{"href":"https:\/\/andalubox.com\/de\/wp-json\/wp\/v2\/product\/7828","targetHints":{"allow":["GET"]}}],"collection":[{"href":"https:\/\/andalubox.com\/de\/wp-json\/wp\/v2\/product"}],"about":[{"href":"https:\/\/andalubox.com\/de\/wp-json\/wp\/v2\/types\/product"}],"replies":[{"embeddable":true,"href":"https:\/\/andalubox.com\/de\/wp-json\/wp\/v2\/comments?post=7828"}],"wp:featuredmedia":[{"embeddable":true,"href":"https:\/\/andalubox.com\/de\/wp-json\/wp\/v2\/media\/6768"}],"wp:attachment":[{"href":"https:\/\/andalubox.com\/de\/wp-json\/wp\/v2\/media?parent=7828"}],"wp:term":[{"taxonomy":"product_brand","embeddable":true,"href":"https:\/\/andalubox.com\/de\/wp-json\/wp\/v2\/product_brand?post=7828"},{"taxonomy":"product_cat","embeddable":true,"href":"https:\/\/andalubox.com\/de\/wp-json\/wp\/v2\/product_cat?post=7828"},{"taxonomy":"product_tag","embeddable":true,"href":"https:\/\/andalubox.com\/de\/wp-json\/wp\/v2\/product_tag?post=7828"}],"curies":[{"name":"wp","href":"https:\/\/api.w.org\/{rel}","templated":true}]}}