{"id":7809,"date":"2022-10-26T13:04:26","date_gmt":"2022-10-26T11:04:26","guid":{"rendered":"https:\/\/andalubox.com\/producto-andaluz\/barbadillo-blanc-de-blancs\/"},"modified":"2025-09-19T11:52:31","modified_gmt":"2025-09-19T09:52:31","slug":"barbadillo-blanc-de-blancs","status":"publish","type":"product","link":"https:\/\/andalubox.com\/de\/producto-andaluz\/barbadillo-blanc-de-blancs\/","title":{"rendered":"Barbadillo Blanc de Blancs Wei\u00dfwein aus C\u00e1diz 75 CL"},"content":{"rendered":"<h2>Barbadillo Blanc de Blancs Wei\u00dfwein aus C\u00e1diz 75 CL<\/h2>\n<h2><span style=\"font-family: georgia, palatino, serif;\"><strong><span style=\"font-size: 12pt;\">Die Familie Barbadillo stellt seit sieben Generationen Weine an den Ufern des Guadalquivir her. Fast zwei Jahrhunderte Forschung und Projekte sowohl im Weinberg als auch in der Kellerei haben zum Barbadillo Blanco de Blancos gef\u00fchrt. <\/span><\/strong><\/span><br><span style=\"font-family: georgia, palatino, serif;\"><strong><span style=\"font-size: 12pt;\">Barbadillo Blanco de Blancos zeigt die frischeste Seite der im S\u00fcden hergestellten Wei\u00dfweine, ohne auf die Eleganz und den Stil zu verzichten, die typisch f\u00fcr Weine aus Lehm- und Kalksteinb\u00f6den sind. Die Rebsorte Sauvignon Blanc ist der Protagonist, eine Traube, die sich an die Albariza-B\u00f6den und das warme Klima der Region angepasst hat. <\/span><\/strong><\/span><\/h2>\n<p>&nbsp;<\/p>\n<p><br><br><br><br><br>W<strong>eingut:<\/strong> Bodegas Barbadillo<strong>Bezeichnung:<\/strong> Wein aus Spanien<strong>Format:<\/strong> 75 cl.<strong>Alkoholgehalt:<\/strong> 12,5%<strong>Rebsorte:<\/strong> Sauvignon blanc, Verdejo und Moscato<strong>Serviertemperatur:<\/strong> Empfohlene Serviertemperatur zwischen 7 und 10 \u00baC.<\/p>","protected":false},"excerpt":{"rendered":"<p>Barbadillo Blanc de Blancs Wei\u00dfwein aus C\u00e1diz 75 CL<\/p>\n","protected":false},"featured_media":6675,"comment_status":"closed","ping_status":"closed","template":"","meta":{"site-sidebar-layout":"default","site-content-layout":"default","ast-site-content-layout":"default","site-content-style":"default","site-sidebar-style":"default","ast-global-header-display":"","ast-banner-title-visibility":"","ast-main-header-display":"","ast-hfb-above-header-display":"","ast-hfb-below-header-display":"","ast-hfb-mobile-header-display":"","site-post-title":"","ast-breadcrumbs-content":"","ast-featured-img":"","footer-sml-layout":"","ast-disable-related-posts":"","theme-transparent-header-meta":"default","adv-header-id-meta":"","stick-header-meta":"","header-above-stick-meta":"","header-main-stick-meta":"","header-below-stick-meta":"","astra-migrate-meta-layouts":"default","ast-page-background-enabled":"default","ast-page-background-meta":{"desktop":{"background-color":"var(--ast-global-color-4)","background-image":"","background-repeat":"repeat","background-position":"center center","background-size":"auto","background-attachment":"scroll","background-type":"","background-media":"","overlay-type":"","overlay-color":"","overlay-opacity":"","overlay-gradient":""},"tablet":{"background-color":"","background-image":"","background-repeat":"repeat","background-position":"center center","background-size":"auto","background-attachment":"scroll","background-type":"","background-media":"","overlay-type":"","overlay-color":"","overlay-opacity":"","overlay-gradient":""},"mobile":{"background-color":"","background-image":"","background-repeat":"repeat","background-position":"center center","background-size":"auto","background-attachment":"scroll","background-type":"","background-media":"","overlay-type":"","overlay-color":"","overlay-opacity":"","overlay-gradient":""}},"ast-content-background-meta":{"desktop":{"background-color":"var(--ast-global-color-5)","background-image":"","background-repeat":"repeat","background-position":"center center","background-size":"auto","background-attachment":"scroll","background-type":"","background-media":"","overlay-type":"","overlay-color":"","overlay-opacity":"","overlay-gradient":""},"tablet":{"background-color":"var(--ast-global-color-5)","background-image":"","background-repeat":"repeat","background-position":"center center","background-size":"auto","background-attachment":"scroll","background-type":"","background-media":"","overlay-type":"","overlay-color":"","overlay-opacity":"","overlay-gradient":""},"mobile":{"background-color":"var(--ast-global-color-5)","background-image":"","background-repeat":"repeat","background-position":"center center","background-size":"auto","background-attachment":"scroll","background-type":"","background-media":"","overlay-type":"","overlay-color":"","overlay-opacity":"","overlay-gradient":""}}},"product_brand":[1314],"product_cat":[342],"product_tag":[120],"class_list":{"0":"post-7809","1":"product","2":"type-product","3":"status-publish","4":"has-post-thumbnail","6":"product_brand-bodegas-barbadillo","7":"product_cat-weiswein","8":"product_tag-sevilla-de","9":"desktop-align-left","10":"tablet-align-left","11":"mobile-align-left","13":"first","14":"instock","15":"taxable","16":"shipping-taxable","17":"purchasable","18":"product-type-simple"},"_links":{"self":[{"href":"https:\/\/andalubox.com\/de\/wp-json\/wp\/v2\/product\/7809","targetHints":{"allow":["GET"]}}],"collection":[{"href":"https:\/\/andalubox.com\/de\/wp-json\/wp\/v2\/product"}],"about":[{"href":"https:\/\/andalubox.com\/de\/wp-json\/wp\/v2\/types\/product"}],"replies":[{"embeddable":true,"href":"https:\/\/andalubox.com\/de\/wp-json\/wp\/v2\/comments?post=7809"}],"wp:featuredmedia":[{"embeddable":true,"href":"https:\/\/andalubox.com\/de\/wp-json\/wp\/v2\/media\/6675"}],"wp:attachment":[{"href":"https:\/\/andalubox.com\/de\/wp-json\/wp\/v2\/media?parent=7809"}],"wp:term":[{"taxonomy":"product_brand","embeddable":true,"href":"https:\/\/andalubox.com\/de\/wp-json\/wp\/v2\/product_brand?post=7809"},{"taxonomy":"product_cat","embeddable":true,"href":"https:\/\/andalubox.com\/de\/wp-json\/wp\/v2\/product_cat?post=7809"},{"taxonomy":"product_tag","embeddable":true,"href":"https:\/\/andalubox.com\/de\/wp-json\/wp\/v2\/product_tag?post=7809"}],"curies":[{"name":"wp","href":"https:\/\/api.w.org\/{rel}","templated":true}]}}