{"id":7779,"date":"2022-10-26T13:04:36","date_gmt":"2022-10-26T11:04:36","guid":{"rendered":"https:\/\/andalubox.com\/producto-andaluz\/talento-tinto-almeria-75cl\/"},"modified":"2025-09-05T12:04:52","modified_gmt":"2025-09-05T10:04:52","slug":"talento-tinto-almeria-75cl","status":"publish","type":"product","link":"https:\/\/andalubox.com\/de\/producto-andaluz\/talento-tinto-almeria-75cl\/","title":{"rendered":"Talento Syrah Rotwein Tempranillo de Almer\u00eda Jahrgang 2020 75cl"},"content":{"rendered":"<h2>BESCHREIBUNG<\/h2>\n<p>Talento Syrah-Tempranillo 2019<br>Junger Rotwein Talento young coupage mit halbkohlensaurer Mazeration.<\/p>\n<p><strong>ERSCHEINUNG, NASE UND GESCHMACK<\/strong><br>Ein junger Rotwein mit einer hohen Robe, violetter Farbe mit kirschroten R\u00e4ndern. In der Nase zeigen sich Aromen von roten und schwarzen Fr\u00fcchten wie Heidelbeere, Pflaume und Kirsche, mit Noten von wei\u00dfem Pfeffer und Dill. Am Gaumen ist er fruchtig, leicht zu trinken und hat eine gute S\u00e4ure.<\/p>\n<p>Serviertemperatur 13-16 Grad 14\u00ba.<\/p>\n<p><strong>PAIRING<\/strong><br>Wir schlagen eine Paarung mit lokalen Produkten wie gereiftem K\u00e4se aus der Alpujarra und rotem Fleisch mit gro\u00dfem Geschmack vor.<\/p>\n<p>Unsere Weinkellerei hat ihren Namen von der Gemeinde, in der sie sich befindet: Fuente Victoria. Mit etwas mehr als 200 Einwohnern geh\u00f6rt es zur Region Alpujarra in Almer\u00eda: ein Tal mit einer langen Tradition des Weinanbaus, das auf der spanischen Weinkarte jedoch unbekannt ist. Wir verf\u00fcgen \u00fcber die modernste Weinbautechnologie und haben den Wunsch, den Weinen von Laujar den Platz einzur\u00e4umen, der ihnen geb\u00fchrt.<\/p>","protected":false},"excerpt":{"rendered":"<p>Junger Rotwein Talento aus den Rebsorten Tempranillo und Syrah von der Bodega Fuente Victoria. g.g.A. Laujar &#8211; Alpujarra.<\/p>\n","protected":false},"featured_media":6732,"template":"","meta":{"site-sidebar-layout":"default","site-content-layout":"default","ast-site-content-layout":"default","site-content-style":"default","site-sidebar-style":"default","ast-global-header-display":"","ast-banner-title-visibility":"","ast-main-header-display":"","ast-hfb-above-header-display":"","ast-hfb-below-header-display":"","ast-hfb-mobile-header-display":"","site-post-title":"","ast-breadcrumbs-content":"","ast-featured-img":"","footer-sml-layout":"","ast-disable-related-posts":"","theme-transparent-header-meta":"default","adv-header-id-meta":"","stick-header-meta":"","header-above-stick-meta":"","header-main-stick-meta":"","header-below-stick-meta":"","astra-migrate-meta-layouts":"default","ast-page-background-enabled":"default","ast-page-background-meta":{"desktop":{"background-color":"var(--ast-global-color-4)","background-image":"","background-repeat":"repeat","background-position":"center center","background-size":"auto","background-attachment":"scroll","background-type":"","background-media":"","overlay-type":"","overlay-color":"","overlay-opacity":"","overlay-gradient":""},"tablet":{"background-color":"","background-image":"","background-repeat":"repeat","background-position":"center center","background-size":"auto","background-attachment":"scroll","background-type":"","background-media":"","overlay-type":"","overlay-color":"","overlay-opacity":"","overlay-gradient":""},"mobile":{"background-color":"","background-image":"","background-repeat":"repeat","background-position":"center center","background-size":"auto","background-attachment":"scroll","background-type":"","background-media":"","overlay-type":"","overlay-color":"","overlay-opacity":"","overlay-gradient":""}},"ast-content-background-meta":{"desktop":{"background-color":"var(--ast-global-color-5)","background-image":"","background-repeat":"repeat","background-position":"center center","background-size":"auto","background-attachment":"scroll","background-type":"","background-media":"","overlay-type":"","overlay-color":"","overlay-opacity":"","overlay-gradient":""},"tablet":{"background-color":"var(--ast-global-color-5)","background-image":"","background-repeat":"repeat","background-position":"center center","background-size":"auto","background-attachment":"scroll","background-type":"","background-media":"","overlay-type":"","overlay-color":"","overlay-opacity":"","overlay-gradient":""},"mobile":{"background-color":"var(--ast-global-color-5)","background-image":"","background-repeat":"repeat","background-position":"center center","background-size":"auto","background-attachment":"scroll","background-type":"","background-media":"","overlay-type":"","overlay-color":"","overlay-opacity":"","overlay-gradient":""}}},"product_brand":[1482],"product_cat":[343],"product_tag":[187],"class_list":{"0":"post-7779","1":"product","2":"type-product","3":"status-publish","4":"has-post-thumbnail","6":"product_brand-bodegas-seleccion-de-vinos-de-fondon","7":"product_cat-rotwein","8":"product_tag-almeria-de","9":"desktop-align-left","10":"tablet-align-left","11":"mobile-align-left","13":"first","14":"instock","15":"taxable","16":"shipping-taxable","17":"purchasable","18":"product-type-simple"},"_links":{"self":[{"href":"https:\/\/andalubox.com\/de\/wp-json\/wp\/v2\/product\/7779","targetHints":{"allow":["GET"]}}],"collection":[{"href":"https:\/\/andalubox.com\/de\/wp-json\/wp\/v2\/product"}],"about":[{"href":"https:\/\/andalubox.com\/de\/wp-json\/wp\/v2\/types\/product"}],"wp:featuredmedia":[{"embeddable":true,"href":"https:\/\/andalubox.com\/de\/wp-json\/wp\/v2\/media\/6732"}],"wp:attachment":[{"href":"https:\/\/andalubox.com\/de\/wp-json\/wp\/v2\/media?parent=7779"}],"wp:term":[{"taxonomy":"product_brand","embeddable":true,"href":"https:\/\/andalubox.com\/de\/wp-json\/wp\/v2\/product_brand?post=7779"},{"taxonomy":"product_cat","embeddable":true,"href":"https:\/\/andalubox.com\/de\/wp-json\/wp\/v2\/product_cat?post=7779"},{"taxonomy":"product_tag","embeddable":true,"href":"https:\/\/andalubox.com\/de\/wp-json\/wp\/v2\/product_tag?post=7779"}],"curies":[{"name":"wp","href":"https:\/\/api.w.org\/{rel}","templated":true}]}}