{"id":7708,"date":"2022-10-26T13:03:49","date_gmt":"2022-10-26T11:03:49","guid":{"rendered":"https:\/\/andalubox.com\/producto-andaluz\/exotic-rives-rote-fruechte-zimt-70cl\/"},"modified":"2025-06-27T11:47:34","modified_gmt":"2025-06-27T09:47:34","slug":"rives-exotica-fruits-redscanela-70cl","status":"publish","type":"product","link":"https:\/\/andalubox.com\/de\/producto-andaluz\/rives-exotica-fruits-redscanela-70cl\/","title":{"rendered":"Rives Exotische Rote Fr\u00fcchte und Zimt El Puerto de Santa Mar\u00eda 70cl"},"content":{"rendered":"<p>Wenn Sie einen guten Premium-Gin m\u00f6gen, sind Sie bei uns genau richtig. Rives Exotica Sweet Spirit ist die neue Rives-Erfahrung unter den aromatischen Gins.<\/p>\n<p>Handgefertigt und mit <strong>roten Fr\u00fcchten, Veilchen und einem Hauch von Zimt<\/strong> aromatisiert, hat dieser Gin eine besondere Note, weich und s\u00fc\u00df und nat\u00fcrlich exotisch, wie sein Name schon sagt, was ihn von den anderen unterscheidet. Wer es schmeckt, wird es lieben<\/p>\n<h2>Verkostungsnotizen. Sehen, Riechen und Schmecken<\/h2>\n<p>Das erste, was an Rives Exotica ins Auge f\u00e4llt, ist der intensive und zarte blaue Flakon, der eine <strong>reine und kristalline<\/strong> Fl\u00fcssigkeit enth\u00e4lt.<\/p>\n<p>Im Glas serviert und bel\u00fcftet, <strong>verstr\u00f6mt<\/strong> er <strong>sehr verf\u00fchrerische<\/strong> Aromen von <strong>roten Fr\u00fcchten und Blumen.<\/strong><\/p>\n<p>Am Gaumen schlie\u00dflich ist er <strong>weich, blumig und s\u00fc\u00df<\/strong>.<\/p>","protected":false},"excerpt":{"rendered":"<p>Ein handwerklich hergestellter Premium-Gin mit roten Fr\u00fcchten, Zimtinfusion und einem Hauch von Veilchen, die ihm s\u00fc\u00dfe und exotische Nuancen verleihen, die ihn von anderen unterscheiden.<\/p>\n","protected":false},"featured_media":6618,"comment_status":"closed","ping_status":"closed","template":"","meta":{"site-sidebar-layout":"default","site-content-layout":"default","ast-site-content-layout":"default","site-content-style":"default","site-sidebar-style":"default","ast-global-header-display":"","ast-banner-title-visibility":"","ast-main-header-display":"","ast-hfb-above-header-display":"","ast-hfb-below-header-display":"","ast-hfb-mobile-header-display":"","site-post-title":"","ast-breadcrumbs-content":"","ast-featured-img":"","footer-sml-layout":"","ast-disable-related-posts":"","theme-transparent-header-meta":"default","adv-header-id-meta":"","stick-header-meta":"","header-above-stick-meta":"","header-main-stick-meta":"","header-below-stick-meta":"","astra-migrate-meta-layouts":"default","ast-page-background-enabled":"default","ast-page-background-meta":{"desktop":{"background-color":"var(--ast-global-color-4)","background-image":"","background-repeat":"repeat","background-position":"center center","background-size":"auto","background-attachment":"scroll","background-type":"","background-media":"","overlay-type":"","overlay-color":"","overlay-opacity":"","overlay-gradient":""},"tablet":{"background-color":"","background-image":"","background-repeat":"repeat","background-position":"center center","background-size":"auto","background-attachment":"scroll","background-type":"","background-media":"","overlay-type":"","overlay-color":"","overlay-opacity":"","overlay-gradient":""},"mobile":{"background-color":"","background-image":"","background-repeat":"repeat","background-position":"center center","background-size":"auto","background-attachment":"scroll","background-type":"","background-media":"","overlay-type":"","overlay-color":"","overlay-opacity":"","overlay-gradient":""}},"ast-content-background-meta":{"desktop":{"background-color":"var(--ast-global-color-5)","background-image":"","background-repeat":"repeat","background-position":"center center","background-size":"auto","background-attachment":"scroll","background-type":"","background-media":"","overlay-type":"","overlay-color":"","overlay-opacity":"","overlay-gradient":""},"tablet":{"background-color":"var(--ast-global-color-5)","background-image":"","background-repeat":"repeat","background-position":"center center","background-size":"auto","background-attachment":"scroll","background-type":"","background-media":"","overlay-type":"","overlay-color":"","overlay-opacity":"","overlay-gradient":""},"mobile":{"background-color":"var(--ast-global-color-5)","background-image":"","background-repeat":"repeat","background-position":"center center","background-size":"auto","background-attachment":"scroll","background-type":"","background-media":"","overlay-type":"","overlay-color":"","overlay-opacity":"","overlay-gradient":""}}},"product_brand":[1333],"product_cat":[41],"product_tag":[],"class_list":{"0":"post-7708","1":"product","2":"type-product","3":"status-publish","4":"has-post-thumbnail","6":"product_brand-rives","7":"product_cat-conservas-de-carne","8":"desktop-align-left","9":"tablet-align-left","10":"mobile-align-left","12":"first","13":"instock","14":"taxable","15":"shipping-taxable","16":"purchasable","17":"product-type-simple"},"_links":{"self":[{"href":"https:\/\/andalubox.com\/de\/wp-json\/wp\/v2\/product\/7708","targetHints":{"allow":["GET"]}}],"collection":[{"href":"https:\/\/andalubox.com\/de\/wp-json\/wp\/v2\/product"}],"about":[{"href":"https:\/\/andalubox.com\/de\/wp-json\/wp\/v2\/types\/product"}],"replies":[{"embeddable":true,"href":"https:\/\/andalubox.com\/de\/wp-json\/wp\/v2\/comments?post=7708"}],"wp:featuredmedia":[{"embeddable":true,"href":"https:\/\/andalubox.com\/de\/wp-json\/wp\/v2\/media\/6618"}],"wp:attachment":[{"href":"https:\/\/andalubox.com\/de\/wp-json\/wp\/v2\/media?parent=7708"}],"wp:term":[{"taxonomy":"product_brand","embeddable":true,"href":"https:\/\/andalubox.com\/de\/wp-json\/wp\/v2\/product_brand?post=7708"},{"taxonomy":"product_cat","embeddable":true,"href":"https:\/\/andalubox.com\/de\/wp-json\/wp\/v2\/product_cat?post=7708"},{"taxonomy":"product_tag","embeddable":true,"href":"https:\/\/andalubox.com\/de\/wp-json\/wp\/v2\/product_tag?post=7708"}],"curies":[{"name":"wp","href":"https:\/\/api.w.org\/{rel}","templated":true}]}}