{"id":7705,"date":"2022-10-26T13:03:48","date_gmt":"2022-10-26T11:03:48","guid":{"rendered":"https:\/\/andalubox.com\/producto-andaluz\/rum-shrimps-von-der-insel-gealtert-70cl\/"},"modified":"2025-06-19T19:49:18","modified_gmt":"2025-06-19T17:49:18","slug":"rum-garnelen-der-insel-annex-70cl","status":"publish","type":"product","link":"https:\/\/andalubox.com\/de\/producto-andaluz\/rum-garnelen-der-insel-annex-70cl\/","title":{"rendered":"Camar\u00f3n De La Isla A\u00f1ejo Ron Especial de C\u00e1diz, 70cl"},"content":{"rendered":"<div class=\"elementor-element elementor-element-2279614 elementor-widget elementor-widget-wd_title\" data-id=\"2279614\" data-element_type=\"widget\" data-widget_type=\"wd_title.default\">\n<div class=\"elementor-widget-container\">\n<div class=\"title-wrapper woodmart-title-color-default woodmart-title-style-default woodmart-title-size-small text-left\">\n<div class=\"liner-continer\">\n<p>Eine Kombination aus Geschmack und Kunst. <strong>Ron Camar\u00f3n<\/strong> wurde im Herzen von <strong>San Fernando, C\u00e1diz<\/strong>, geboren und entstammt dem andalusischen Gef\u00fchl und der Kunst von Camar\u00f3n de la Isla. Er war in der Lage, Grenzen zu \u00fcberschreiten und seine Gesangskunst in alle Ecken der Welt zu tragen und die Flamenco-Kunst und -Kultur bekannt zu machen. Hergestellt in einer der \u00e4ltesten und traditionsreichsten Destillerien Spaniens. Zu Ehren des Liedermachers Jos\u00e9 Monje Cruz, k\u00fcnstlerisch bekannt als <strong>Camar\u00f3n de la Isla<\/strong> oder einfach Camar\u00f3n, war ein spanischer Zigeuner-Flamenco-S\u00e4nger, der als der beste zeitgen\u00f6ssische Flamenco-S\u00e4nger und eine der wichtigsten Figuren des Flamenco gilt.<\/p>\n<p>&nbsp;<\/p>\n<h2 class=\"woodmart-title-container title\">Shrimp-Rum, kunstvoll hergestellter Rum<\/h2>\n<\/div>\n<\/div>\n<\/div>\n<\/div>\n<section class=\"elementor-section elementor-inner-section elementor-element elementor-element-1235670 elementor-section-boxed elementor-section-height-default elementor-section-height-default wd-section-disabled\" data-id=\"1235670\" data-element_type=\"section\">\n<div class=\"elementor-container elementor-column-gap-default\">\n<div class=\"elementor-row\">\n<div class=\"elementor-column elementor-col-50 elementor-inner-column elementor-element elementor-element-2939343\" data-id=\"2939343\" data-element_type=\"column\">\n<div class=\"elementor-column-wrap elementor-element-populated\">\n<div class=\"elementor-widget-wrap\">\n<div class=\"elementor-element elementor-element-3769150 elementor-widget elementor-widget-wd_list\" data-id=\"3769150\" data-element_type=\"widget\" data-widget_type=\"wd_list.default\">\n<div class=\"elementor-widget-container\">\n<div class=\"woodmart-list color-scheme- woodmart-text-size-default woodmart-list-type-icon woodmart-list-style-default\">\n<p>Einzelheiten zum Produkt. Andalubox empfiehlt einen verantwortungsvollen Konsum.<\/p>\n<ul>\n\t<li class=\"elementor-repeater-item-999217\"><span class=\"list-content\"><strong>Rumsorte:<\/strong> Tostado Dorado<\/span><\/li>\n\t<li class=\"elementor-repeater-item-2578872\"><span class=\"list-content\"><strong>Herkunft:<\/strong> San Fernando (C\u00e1diz)<\/span><\/li>\n\t<li class=\"elementor-repeater-item-4865737\"><span class=\"list-content\"><strong>Alkoholgehalt: <\/strong>38% Vol.<\/span><\/li>\n\t<li class=\"elementor-repeater-item-2310935\"><span class=\"list-content\"><strong>Fassungsverm\u00f6gen:<\/strong> 70cl<\/span><\/li>\n\t<li class=\"elementor-repeater-item-081d6cf\"><span class=\"list-content\"><strong>Geschmack:<\/strong> Cremiger Geschmack mit leichten Karamell-Noten<\/span><\/li>\n\t<li class=\"elementor-repeater-item-081d6cf\"><span class=\"list-content\"><strong>Format<\/strong>: Glasflasche<\/span><\/li>\n\t<li class=\"elementor-repeater-item-081d6cf\"><span class=\"list-content\"><strong>Gewicht<\/strong>: 1.2KG<\/span><\/li>\n\t<li class=\"elementor-repeater-item-081d6cf\"><span class=\"list-content\"><strong>Abmessungen<\/strong>: ca. 6,7cm x 29cm x 6,5cm.<\/span><\/li>\n\t<li class=\"elementor-repeater-item-081d6cf\"><span class=\"list-content\"><strong>Degustationsnotiz<\/strong>: Reiner, brillanter Bernstein<\/span><\/li>\n\t<li class=\"elementor-repeater-item-081d6cf\"><span class=\"list-content\"><strong>Aroma<\/strong>: Leicht holzig mit subtilen Noten von Schokolade<\/span><\/li>\n<\/ul>\n<\/div>\n<\/div>\n<\/div>\n<\/div>\n<\/div>\n<\/div>\n<div class=\"elementor-column elementor-col-50 elementor-top-column elementor-element elementor-element-1546750\" data-id=\"1546750\" data-element_type=\"column\">\n<div class=\"elementor-column-wrap elementor-element-populated\">\n<div class=\"elementor-widget-wrap\">\n<div class=\"elementor-element elementor-element-6149497 elementor-widget elementor-widget-wd_list\" data-id=\"6149497\" data-element_type=\"widget\" data-widget_type=\"wd_list.default\">\n<div class=\"elementor-widget-container\">\n<div class=\"woodmart-list color-scheme- woodmart-text-size-default woodmart-list-type-icon woodmart-list-style-default\"> <\/div>\n<\/div>\n<\/div>\n<\/div>\n<\/div>\n<\/div>\n<\/div>\n<\/div>\n<\/section>","protected":false},"excerpt":{"rendered":"<p>Andalubox empfiehlt den Ron camar\u00f3n, der direkt aus dem Herzen von San Fernando in C\u00e1diz kommt. Genie\u00dfen Sie einen cremigen Geschmack mit leichten Karamell- und Schokoladennoten und einem Hauch von Holz.<\/p>\n","protected":false},"featured_media":9226,"comment_status":"closed","ping_status":"closed","template":"","meta":{"site-sidebar-layout":"default","site-content-layout":"default","ast-site-content-layout":"default","site-content-style":"default","site-sidebar-style":"default","ast-global-header-display":"","ast-banner-title-visibility":"","ast-main-header-display":"","ast-hfb-above-header-display":"","ast-hfb-below-header-display":"","ast-hfb-mobile-header-display":"","site-post-title":"","ast-breadcrumbs-content":"","ast-featured-img":"","footer-sml-layout":"","ast-disable-related-posts":"","theme-transparent-header-meta":"default","adv-header-id-meta":"","stick-header-meta":"","header-above-stick-meta":"","header-main-stick-meta":"","header-below-stick-meta":"","astra-migrate-meta-layouts":"default","ast-page-background-enabled":"default","ast-page-background-meta":{"desktop":{"background-color":"var(--ast-global-color-4)","background-image":"","background-repeat":"repeat","background-position":"center center","background-size":"auto","background-attachment":"scroll","background-type":"","background-media":"","overlay-type":"","overlay-color":"","overlay-opacity":"","overlay-gradient":""},"tablet":{"background-color":"","background-image":"","background-repeat":"repeat","background-position":"center center","background-size":"auto","background-attachment":"scroll","background-type":"","background-media":"","overlay-type":"","overlay-color":"","overlay-opacity":"","overlay-gradient":""},"mobile":{"background-color":"","background-image":"","background-repeat":"repeat","background-position":"center center","background-size":"auto","background-attachment":"scroll","background-type":"","background-media":"","overlay-type":"","overlay-color":"","overlay-opacity":"","overlay-gradient":""}},"ast-content-background-meta":{"desktop":{"background-color":"var(--ast-global-color-5)","background-image":"","background-repeat":"repeat","background-position":"center center","background-size":"auto","background-attachment":"scroll","background-type":"","background-media":"","overlay-type":"","overlay-color":"","overlay-opacity":"","overlay-gradient":""},"tablet":{"background-color":"var(--ast-global-color-5)","background-image":"","background-repeat":"repeat","background-position":"center center","background-size":"auto","background-attachment":"scroll","background-type":"","background-media":"","overlay-type":"","overlay-color":"","overlay-opacity":"","overlay-gradient":""},"mobile":{"background-color":"var(--ast-global-color-5)","background-image":"","background-repeat":"repeat","background-position":"center center","background-size":"auto","background-attachment":"scroll","background-type":"","background-media":"","overlay-type":"","overlay-color":"","overlay-opacity":"","overlay-gradient":""}}},"product_brand":[1505],"product_cat":[41],"product_tag":[],"class_list":{"0":"post-7705","1":"product","2":"type-product","3":"status-publish","4":"has-post-thumbnail","6":"product_brand-camaron-de-la-isla","7":"product_cat-conservas-de-carne","8":"desktop-align-left","9":"tablet-align-left","10":"mobile-align-left","12":"first","13":"outofstock","14":"taxable","15":"shipping-taxable","16":"purchasable","17":"product-type-simple"},"_links":{"self":[{"href":"https:\/\/andalubox.com\/de\/wp-json\/wp\/v2\/product\/7705","targetHints":{"allow":["GET"]}}],"collection":[{"href":"https:\/\/andalubox.com\/de\/wp-json\/wp\/v2\/product"}],"about":[{"href":"https:\/\/andalubox.com\/de\/wp-json\/wp\/v2\/types\/product"}],"replies":[{"embeddable":true,"href":"https:\/\/andalubox.com\/de\/wp-json\/wp\/v2\/comments?post=7705"}],"wp:featuredmedia":[{"embeddable":true,"href":"https:\/\/andalubox.com\/de\/wp-json\/wp\/v2\/media\/9226"}],"wp:attachment":[{"href":"https:\/\/andalubox.com\/de\/wp-json\/wp\/v2\/media?parent=7705"}],"wp:term":[{"taxonomy":"product_brand","embeddable":true,"href":"https:\/\/andalubox.com\/de\/wp-json\/wp\/v2\/product_brand?post=7705"},{"taxonomy":"product_cat","embeddable":true,"href":"https:\/\/andalubox.com\/de\/wp-json\/wp\/v2\/product_cat?post=7705"},{"taxonomy":"product_tag","embeddable":true,"href":"https:\/\/andalubox.com\/de\/wp-json\/wp\/v2\/product_tag?post=7705"}],"curies":[{"name":"wp","href":"https:\/\/api.w.org\/{rel}","templated":true}]}}