{"id":7700,"date":"2022-10-26T13:03:49","date_gmt":"2022-10-26T11:03:49","guid":{"rendered":"https:\/\/andalubox.com\/producto-andaluz\/hollyhock-andalusischer-whisky-70cl\/"},"modified":"2025-06-27T12:12:21","modified_gmt":"2025-06-27T10:12:21","slug":"hollyhock-whisky-andalusisch-70cl","status":"publish","type":"product","link":"https:\/\/andalubox.com\/de\/producto-andaluz\/hollyhock-whisky-andalusisch-70cl\/","title":{"rendered":"HollyHock Andalusischer Whisky 70cl"},"content":{"rendered":"<ul>\n\t<li>Eine ersch\u00f6pfende Fusion: 5 Jahre alter Malt Whisky + Grain Whisky.<\/li>\n\t<li>Gereift in F\u00e4ssern aus amerikanischer Eiche, in denen zuvor Olorosos reifte.<\/li>\n\t<li>Anspruchsvoll und komplex.<\/li>\n\t<li>Elegantes, rauchiges Aroma.<\/li>\n\t<li>N\u00fcsse und Gew\u00fcrze.<\/li>\n\t<li>Honig und Vanille<\/li>\n\t<li>Holz<\/li>\n\t<li>Kraftvolles Finish<\/li>\n\t<li>Differenzierung<\/li>\n\t<li>Alkohol: 40 Proof<\/li>\n\t<li>Inhalt: 70cl<\/li>\n<\/ul>","protected":false},"excerpt":{"rendered":"<p>Ein neuartiger und origineller Whisky, eine Mischung aus Malz- und Getreidewhisky. Ein k\u00f6stliches Getr\u00e4nk, das in F\u00e4ssern aus amerikanischer Eiche von Oloroso de Jerez optimal gereift ist.<\/p>\n","protected":false},"featured_media":6633,"template":"","meta":{"site-sidebar-layout":"default","site-content-layout":"default","ast-site-content-layout":"default","site-content-style":"default","site-sidebar-style":"default","ast-global-header-display":"","ast-banner-title-visibility":"","ast-main-header-display":"","ast-hfb-above-header-display":"","ast-hfb-below-header-display":"","ast-hfb-mobile-header-display":"","site-post-title":"","ast-breadcrumbs-content":"","ast-featured-img":"","footer-sml-layout":"","ast-disable-related-posts":"","theme-transparent-header-meta":"default","adv-header-id-meta":"","stick-header-meta":"","header-above-stick-meta":"","header-main-stick-meta":"","header-below-stick-meta":"","astra-migrate-meta-layouts":"default","ast-page-background-enabled":"default","ast-page-background-meta":{"desktop":{"background-color":"var(--ast-global-color-4)","background-image":"","background-repeat":"repeat","background-position":"center center","background-size":"auto","background-attachment":"scroll","background-type":"","background-media":"","overlay-type":"","overlay-color":"","overlay-opacity":"","overlay-gradient":""},"tablet":{"background-color":"","background-image":"","background-repeat":"repeat","background-position":"center center","background-size":"auto","background-attachment":"scroll","background-type":"","background-media":"","overlay-type":"","overlay-color":"","overlay-opacity":"","overlay-gradient":""},"mobile":{"background-color":"","background-image":"","background-repeat":"repeat","background-position":"center center","background-size":"auto","background-attachment":"scroll","background-type":"","background-media":"","overlay-type":"","overlay-color":"","overlay-opacity":"","overlay-gradient":""}},"ast-content-background-meta":{"desktop":{"background-color":"var(--ast-global-color-5)","background-image":"","background-repeat":"repeat","background-position":"center center","background-size":"auto","background-attachment":"scroll","background-type":"","background-media":"","overlay-type":"","overlay-color":"","overlay-opacity":"","overlay-gradient":""},"tablet":{"background-color":"var(--ast-global-color-5)","background-image":"","background-repeat":"repeat","background-position":"center center","background-size":"auto","background-attachment":"scroll","background-type":"","background-media":"","overlay-type":"","overlay-color":"","overlay-opacity":"","overlay-gradient":""},"mobile":{"background-color":"var(--ast-global-color-5)","background-image":"","background-repeat":"repeat","background-position":"center center","background-size":"auto","background-attachment":"scroll","background-type":"","background-media":"","overlay-type":"","overlay-color":"","overlay-opacity":"","overlay-gradient":""}}},"product_brand":[1507],"product_cat":[41],"product_tag":[],"class_list":{"0":"post-7700","1":"product","2":"type-product","3":"status-publish","4":"has-post-thumbnail","6":"product_brand-hollyhock","7":"product_cat-conservas-de-carne","8":"desktop-align-left","9":"tablet-align-left","10":"mobile-align-left","12":"first","13":"instock","14":"taxable","15":"shipping-taxable","16":"purchasable","17":"product-type-simple"},"_links":{"self":[{"href":"https:\/\/andalubox.com\/de\/wp-json\/wp\/v2\/product\/7700","targetHints":{"allow":["GET"]}}],"collection":[{"href":"https:\/\/andalubox.com\/de\/wp-json\/wp\/v2\/product"}],"about":[{"href":"https:\/\/andalubox.com\/de\/wp-json\/wp\/v2\/types\/product"}],"wp:featuredmedia":[{"embeddable":true,"href":"https:\/\/andalubox.com\/de\/wp-json\/wp\/v2\/media\/6633"}],"wp:attachment":[{"href":"https:\/\/andalubox.com\/de\/wp-json\/wp\/v2\/media?parent=7700"}],"wp:term":[{"taxonomy":"product_brand","embeddable":true,"href":"https:\/\/andalubox.com\/de\/wp-json\/wp\/v2\/product_brand?post=7700"},{"taxonomy":"product_cat","embeddable":true,"href":"https:\/\/andalubox.com\/de\/wp-json\/wp\/v2\/product_cat?post=7700"},{"taxonomy":"product_tag","embeddable":true,"href":"https:\/\/andalubox.com\/de\/wp-json\/wp\/v2\/product_tag?post=7700"}],"curies":[{"name":"wp","href":"https:\/\/api.w.org\/{rel}","templated":true}]}}