{"id":7695,"date":"2022-10-26T13:03:50","date_gmt":"2022-10-26T11:03:50","guid":{"rendered":"https:\/\/andalubox.com\/producto-andaluz\/ampersand-gin-blaubeeren-70cl\/"},"modified":"2025-06-19T17:25:37","modified_gmt":"2025-06-19T15:25:37","slug":"kaufmannisches-und-gin-blaubeeren-70cl","status":"publish","type":"product","link":"https:\/\/andalubox.com\/de\/producto-andaluz\/kaufmannisches-und-gin-blaubeeren-70cl\/","title":{"rendered":"Ampersand Blueberry Gin von El Puerto de Santa Maria, 70cl"},"content":{"rendered":"<p>Er wird mit 37,5 % abgef\u00fcllt, so dass wir eine sehr frische und fruchtige Fl\u00fcssigkeit erwarten, ohne dass die Pers\u00f6nlichkeit von Ampersand verloren geht. In der Nase nehmen wir deutliche Noten von Heidelbeeren wahr, mit einem Profil von roten Beeren und Waldfr\u00fcchten. Der Geschmack ist rund und fruchtig, angenehm am Gaumen mit blumigen Nuancen und einem seidigen, frischen Abgang. Aufgrund seines s\u00fc\u00df-sauren Geschmacks eignet sich Ampersand Cranberry hervorragend zur Kombination mit Light Tonic und Cranberry Tonic, \u00fcberrascht aber auch mit anderen Softdrinks oder S\u00e4ften.<\/p>","protected":false},"excerpt":{"rendered":"<p>Ein Gin, der aus Wacholder und einer Auswahl von Blaubeeren hergestellt wird. Sein ausgepr\u00e4gter s\u00fc\u00df-saurer Geschmack verleiht ihm eine einzigartige Note und enth\u00fcllt ausgewogene frische Noten.<\/p>\n","protected":false},"featured_media":6642,"comment_status":"closed","ping_status":"closed","template":"","meta":{"site-sidebar-layout":"default","site-content-layout":"default","ast-site-content-layout":"default","site-content-style":"default","site-sidebar-style":"default","ast-global-header-display":"","ast-banner-title-visibility":"","ast-main-header-display":"","ast-hfb-above-header-display":"","ast-hfb-below-header-display":"","ast-hfb-mobile-header-display":"","site-post-title":"","ast-breadcrumbs-content":"","ast-featured-img":"","footer-sml-layout":"","ast-disable-related-posts":"","theme-transparent-header-meta":"default","adv-header-id-meta":"","stick-header-meta":"","header-above-stick-meta":"","header-main-stick-meta":"","header-below-stick-meta":"","astra-migrate-meta-layouts":"default","ast-page-background-enabled":"default","ast-page-background-meta":{"desktop":{"background-color":"var(--ast-global-color-4)","background-image":"","background-repeat":"repeat","background-position":"center center","background-size":"auto","background-attachment":"scroll","background-type":"","background-media":"","overlay-type":"","overlay-color":"","overlay-opacity":"","overlay-gradient":""},"tablet":{"background-color":"","background-image":"","background-repeat":"repeat","background-position":"center center","background-size":"auto","background-attachment":"scroll","background-type":"","background-media":"","overlay-type":"","overlay-color":"","overlay-opacity":"","overlay-gradient":""},"mobile":{"background-color":"","background-image":"","background-repeat":"repeat","background-position":"center center","background-size":"auto","background-attachment":"scroll","background-type":"","background-media":"","overlay-type":"","overlay-color":"","overlay-opacity":"","overlay-gradient":""}},"ast-content-background-meta":{"desktop":{"background-color":"var(--ast-global-color-5)","background-image":"","background-repeat":"repeat","background-position":"center center","background-size":"auto","background-attachment":"scroll","background-type":"","background-media":"","overlay-type":"","overlay-color":"","overlay-opacity":"","overlay-gradient":""},"tablet":{"background-color":"var(--ast-global-color-5)","background-image":"","background-repeat":"repeat","background-position":"center center","background-size":"auto","background-attachment":"scroll","background-type":"","background-media":"","overlay-type":"","overlay-color":"","overlay-opacity":"","overlay-gradient":""},"mobile":{"background-color":"var(--ast-global-color-5)","background-image":"","background-repeat":"repeat","background-position":"center center","background-size":"auto","background-attachment":"scroll","background-type":"","background-media":"","overlay-type":"","overlay-color":"","overlay-opacity":"","overlay-gradient":""}}},"product_brand":[1509],"product_cat":[41],"product_tag":[110],"class_list":{"0":"post-7695","1":"product","2":"type-product","3":"status-publish","4":"has-post-thumbnail","6":"product_brand-ampersand","7":"product_cat-conservas-de-carne","8":"product_tag-cadiz-de","9":"desktop-align-left","10":"tablet-align-left","11":"mobile-align-left","13":"first","14":"instock","15":"taxable","16":"shipping-taxable","17":"purchasable","18":"product-type-simple"},"_links":{"self":[{"href":"https:\/\/andalubox.com\/de\/wp-json\/wp\/v2\/product\/7695","targetHints":{"allow":["GET"]}}],"collection":[{"href":"https:\/\/andalubox.com\/de\/wp-json\/wp\/v2\/product"}],"about":[{"href":"https:\/\/andalubox.com\/de\/wp-json\/wp\/v2\/types\/product"}],"replies":[{"embeddable":true,"href":"https:\/\/andalubox.com\/de\/wp-json\/wp\/v2\/comments?post=7695"}],"wp:featuredmedia":[{"embeddable":true,"href":"https:\/\/andalubox.com\/de\/wp-json\/wp\/v2\/media\/6642"}],"wp:attachment":[{"href":"https:\/\/andalubox.com\/de\/wp-json\/wp\/v2\/media?parent=7695"}],"wp:term":[{"taxonomy":"product_brand","embeddable":true,"href":"https:\/\/andalubox.com\/de\/wp-json\/wp\/v2\/product_brand?post=7695"},{"taxonomy":"product_cat","embeddable":true,"href":"https:\/\/andalubox.com\/de\/wp-json\/wp\/v2\/product_cat?post=7695"},{"taxonomy":"product_tag","embeddable":true,"href":"https:\/\/andalubox.com\/de\/wp-json\/wp\/v2\/product_tag?post=7695"}],"curies":[{"name":"wp","href":"https:\/\/api.w.org\/{rel}","templated":true}]}}