{"id":7668,"date":"2022-10-26T13:03:49","date_gmt":"2022-10-26T11:03:49","guid":{"rendered":"https:\/\/andalubox.com\/producto-andaluz\/bocoy-von-jose-paez-whisky-maltajerez-70cl\/"},"modified":"2025-06-19T17:38:01","modified_gmt":"2025-06-19T15:38:01","slug":"bocoy-de-jose-paez-whisky-maltajerez-70cl","status":"publish","type":"product","link":"https:\/\/andalubox.com\/de\/producto-andaluz\/bocoy-de-jose-paez-whisky-maltajerez-70cl\/","title":{"rendered":"El Bocoy de Jos\u00e9 P\u00e1ez Sherry Whisky, 70cl"},"content":{"rendered":"<ul>\n\t<li><b>Aussehen: <\/b>Bernsteinfarbene Karamellfarbe.<\/li>\n\t<li><b>Geruch: <\/b>S\u00fc\u00dfer Charakter mit Noten von Toffee und Popcorn und leichten Ankl\u00e4ngen von Walnuss und frischem gr\u00fcnen Apfel.<\/li>\n\t<li><b>Gaumen: Am <\/b>Gaumen hinterl\u00e4sst er Noten von gr\u00fcnen \u00c4pfeln, Kr\u00e4uternoten, weicher Eiche und einer Prise s\u00fc\u00dfer Lakritze. F\u00fcgen Sie einen Tropfen Wasser hinzu und Sie werden neue Geschmacksrichtungen von Lein- und Mandel\u00f6l entdecken.<\/li>\n\t<li><b>Verzehr: <\/b>Pur oder mit Eis in einem breiten Glas oder mit etwas Wasser.<\/li>\n<\/ul>","protected":false},"excerpt":{"rendered":"<p>Dieser Blended Whisky wurde in Schottland geboren und reifte 12 Jahre lang in Eichenf\u00e4ssern in Gro\u00dfbritannien und ein weiteres Jahr in F\u00e4ssern, in denen fr\u00fcher Sherryweine gelagert wurden. Diese zus\u00e4tzliche Reifung erfolgt in der jahrhundertealten Bodega Dios Baco, die im Herzen von Jerez de la Frontera liegt.<\/p>\n","protected":false},"featured_media":6630,"comment_status":"closed","ping_status":"closed","template":"","meta":{"site-sidebar-layout":"default","site-content-layout":"default","ast-site-content-layout":"default","site-content-style":"default","site-sidebar-style":"default","ast-global-header-display":"","ast-banner-title-visibility":"","ast-main-header-display":"","ast-hfb-above-header-display":"","ast-hfb-below-header-display":"","ast-hfb-mobile-header-display":"","site-post-title":"","ast-breadcrumbs-content":"","ast-featured-img":"","footer-sml-layout":"","ast-disable-related-posts":"","theme-transparent-header-meta":"default","adv-header-id-meta":"","stick-header-meta":"","header-above-stick-meta":"","header-main-stick-meta":"","header-below-stick-meta":"","astra-migrate-meta-layouts":"default","ast-page-background-enabled":"default","ast-page-background-meta":{"desktop":{"background-color":"var(--ast-global-color-4)","background-image":"","background-repeat":"repeat","background-position":"center center","background-size":"auto","background-attachment":"scroll","background-type":"","background-media":"","overlay-type":"","overlay-color":"","overlay-opacity":"","overlay-gradient":""},"tablet":{"background-color":"","background-image":"","background-repeat":"repeat","background-position":"center center","background-size":"auto","background-attachment":"scroll","background-type":"","background-media":"","overlay-type":"","overlay-color":"","overlay-opacity":"","overlay-gradient":""},"mobile":{"background-color":"","background-image":"","background-repeat":"repeat","background-position":"center center","background-size":"auto","background-attachment":"scroll","background-type":"","background-media":"","overlay-type":"","overlay-color":"","overlay-opacity":"","overlay-gradient":""}},"ast-content-background-meta":{"desktop":{"background-color":"var(--ast-global-color-5)","background-image":"","background-repeat":"repeat","background-position":"center center","background-size":"auto","background-attachment":"scroll","background-type":"","background-media":"","overlay-type":"","overlay-color":"","overlay-opacity":"","overlay-gradient":""},"tablet":{"background-color":"var(--ast-global-color-5)","background-image":"","background-repeat":"repeat","background-position":"center center","background-size":"auto","background-attachment":"scroll","background-type":"","background-media":"","overlay-type":"","overlay-color":"","overlay-opacity":"","overlay-gradient":""},"mobile":{"background-color":"var(--ast-global-color-5)","background-image":"","background-repeat":"repeat","background-position":"center center","background-size":"auto","background-attachment":"scroll","background-type":"","background-media":"","overlay-type":"","overlay-color":"","overlay-opacity":"","overlay-gradient":""}}},"product_brand":[1506],"product_cat":[41],"product_tag":[],"class_list":{"0":"post-7668","1":"product","2":"type-product","3":"status-publish","4":"has-post-thumbnail","6":"product_brand-bocoy","7":"product_cat-conservas-de-carne","8":"desktop-align-left","9":"tablet-align-left","10":"mobile-align-left","12":"first","13":"outofstock","14":"taxable","15":"shipping-taxable","16":"purchasable","17":"product-type-simple"},"_links":{"self":[{"href":"https:\/\/andalubox.com\/de\/wp-json\/wp\/v2\/product\/7668","targetHints":{"allow":["GET"]}}],"collection":[{"href":"https:\/\/andalubox.com\/de\/wp-json\/wp\/v2\/product"}],"about":[{"href":"https:\/\/andalubox.com\/de\/wp-json\/wp\/v2\/types\/product"}],"replies":[{"embeddable":true,"href":"https:\/\/andalubox.com\/de\/wp-json\/wp\/v2\/comments?post=7668"}],"wp:featuredmedia":[{"embeddable":true,"href":"https:\/\/andalubox.com\/de\/wp-json\/wp\/v2\/media\/6630"}],"wp:attachment":[{"href":"https:\/\/andalubox.com\/de\/wp-json\/wp\/v2\/media?parent=7668"}],"wp:term":[{"taxonomy":"product_brand","embeddable":true,"href":"https:\/\/andalubox.com\/de\/wp-json\/wp\/v2\/product_brand?post=7668"},{"taxonomy":"product_cat","embeddable":true,"href":"https:\/\/andalubox.com\/de\/wp-json\/wp\/v2\/product_cat?post=7668"},{"taxonomy":"product_tag","embeddable":true,"href":"https:\/\/andalubox.com\/de\/wp-json\/wp\/v2\/product_tag?post=7668"}],"curies":[{"name":"wp","href":"https:\/\/api.w.org\/{rel}","templated":true}]}}