{"id":7607,"date":"2022-10-26T13:03:24","date_gmt":"2022-10-26T11:03:24","guid":{"rendered":"https:\/\/andalubox.com\/producto-andaluz\/gruene-tomatenmarmelade-aus-los-palacios-220gr\/"},"modified":"2025-06-12T20:40:51","modified_gmt":"2025-06-12T18:40:51","slug":"tomaten-grun-tomaten-konfiture-aus-los-palacios-220g","status":"publish","type":"product","link":"https:\/\/andalubox.com\/de\/producto-andaluz\/grun-tomaten-marmelade-aus-den-palasten-220gr\/","title":{"rendered":"Los Palacios Gr\u00fcne Tomatenmarmelade, 220g"},"content":{"rendered":"<p>Die Konfit\u00fcren werden von Hand auf kleiner Flamme mit einer Kochzeit von drei bis dreieinhalb Stunden hergestellt, wobei eine langsame und angemessene Reduktion des Rohmaterials erreicht wird und nur ein Glas mit 365 g gebratener Tomate f\u00fcr jedes Kilo und dreihundertf\u00fcnfzig Gramm nat\u00fcrlicher Tomate erhalten wird.<\/p>\n<p>Der Rohstoff, aus dem wir unsere Produkte herstellen, stammt aus unserem eigenen landwirtschaftlichen Betrieb. Wir ernten Tomaten von Sorten, die den Geschmack \u00fcber die Massenproduktion stellen, und pfl\u00fccken sie von Hand, wenn sie optimal gereift sind.<\/p>\n<p>Unsere Tomaten sind rund und glatt, keine Industriesorten, so dass wir ein einzigartiges Produkt erhalten.<\/p>\n<p>Sie verf\u00fcgen \u00fcber die Marke Los Palacios Tomato Collective und die Global Gap-Zertifizierung, die gute landwirtschaftliche Praktiken, Umweltschutz und Verbraucherschutz bescheinigt und ein Qualit\u00e4tssiegel f\u00fcr unsere Produkte darstellt.<\/p>\n<p>F\u00fcr den Rest der Zutaten verwenden wir frisches Gem\u00fcse von nahe gelegenen Bauernh\u00f6fen in Los Palacios und Villafranca.<\/p>\n<p>Extra gr\u00fcne Tomatenmarmelade von Los Palacios. Glutenfrei. Laktosefrei.<br>220 g<\/p>\n<h2>Zutaten:<\/h2>\n<p>Tomate, Zucker, Zitronensaft und Zimt.<\/p>\n<h2>N\u00e4hrwertangaben (Durchschnittswerte pro 100 g):<\/h2>\n<p>Energiewert 829 kj\/198,1 kcal<br>Fett 0 g (davon ges\u00e4ttigt 0 g)<br>Kohlenhydrate 48,3 g (davon Zucker 46,4 g)<br>Eiwei\u00df 0 g<br>Salz 0 g<\/p>\n<p>Zubereitet mit 69 g Fr\u00fcchten pro 100 g Konfit\u00fcre.<br>Nach dem \u00d6ffnen im K\u00fchlschrank aufbewahren.<br>Mindestens 2 Jahre haltbar.<br><br>Glutenfrei<br>Laktosefrei<br>Ohne Konservierungsstoffe<br>Ohne Farbstoffe<br>Vegan<\/p>","protected":false},"excerpt":{"rendered":"<p>Extra gr\u00fcne Tomatenmarmelade von Los Palacios. Glutenfrei. Laktosefrei.<br \/>Die Herstellung der Produkte erfolgt streng nach dem traditionellen Rezept der Gro\u00dfmutter des Firmengr\u00fcnders, was ein einzigartiges, hausgemachtes Produkt von h\u00f6chster Qualit\u00e4t garantiert.<\/p>\n","protected":false},"featured_media":6561,"comment_status":"closed","ping_status":"closed","template":"","meta":{"site-sidebar-layout":"default","site-content-layout":"default","ast-site-content-layout":"default","site-content-style":"default","site-sidebar-style":"default","ast-global-header-display":"","ast-banner-title-visibility":"","ast-main-header-display":"","ast-hfb-above-header-display":"","ast-hfb-below-header-display":"","ast-hfb-mobile-header-display":"","site-post-title":"","ast-breadcrumbs-content":"","ast-featured-img":"","footer-sml-layout":"","ast-disable-related-posts":"","theme-transparent-header-meta":"default","adv-header-id-meta":"","stick-header-meta":"","header-above-stick-meta":"","header-main-stick-meta":"","header-below-stick-meta":"","astra-migrate-meta-layouts":"default","ast-page-background-enabled":"default","ast-page-background-meta":{"desktop":{"background-color":"var(--ast-global-color-4)","background-image":"","background-repeat":"repeat","background-position":"center center","background-size":"auto","background-attachment":"scroll","background-type":"","background-media":"","overlay-type":"","overlay-color":"","overlay-opacity":"","overlay-gradient":""},"tablet":{"background-color":"","background-image":"","background-repeat":"repeat","background-position":"center center","background-size":"auto","background-attachment":"scroll","background-type":"","background-media":"","overlay-type":"","overlay-color":"","overlay-opacity":"","overlay-gradient":""},"mobile":{"background-color":"","background-image":"","background-repeat":"repeat","background-position":"center center","background-size":"auto","background-attachment":"scroll","background-type":"","background-media":"","overlay-type":"","overlay-color":"","overlay-opacity":"","overlay-gradient":""}},"ast-content-background-meta":{"desktop":{"background-color":"var(--ast-global-color-5)","background-image":"","background-repeat":"repeat","background-position":"center center","background-size":"auto","background-attachment":"scroll","background-type":"","background-media":"","overlay-type":"","overlay-color":"","overlay-opacity":"","overlay-gradient":""},"tablet":{"background-color":"var(--ast-global-color-5)","background-image":"","background-repeat":"repeat","background-position":"center center","background-size":"auto","background-attachment":"scroll","background-type":"","background-media":"","overlay-type":"","overlay-color":"","overlay-opacity":"","overlay-gradient":""},"mobile":{"background-color":"var(--ast-global-color-5)","background-image":"","background-repeat":"repeat","background-position":"center center","background-size":"auto","background-attachment":"scroll","background-type":"","background-media":"","overlay-type":"","overlay-color":"","overlay-opacity":"","overlay-gradient":""}}},"product_brand":[],"product_cat":[1632],"product_tag":[120],"class_list":{"0":"post-7607","1":"product","2":"type-product","3":"status-publish","4":"has-post-thumbnail","6":"product_cat-mermeladas-de","7":"product_tag-sevilla-de","8":"desktop-align-left","9":"tablet-align-left","10":"mobile-align-left","12":"first","13":"instock","14":"taxable","15":"shipping-taxable","16":"purchasable","17":"product-type-simple"},"_links":{"self":[{"href":"https:\/\/andalubox.com\/de\/wp-json\/wp\/v2\/product\/7607","targetHints":{"allow":["GET"]}}],"collection":[{"href":"https:\/\/andalubox.com\/de\/wp-json\/wp\/v2\/product"}],"about":[{"href":"https:\/\/andalubox.com\/de\/wp-json\/wp\/v2\/types\/product"}],"replies":[{"embeddable":true,"href":"https:\/\/andalubox.com\/de\/wp-json\/wp\/v2\/comments?post=7607"}],"wp:featuredmedia":[{"embeddable":true,"href":"https:\/\/andalubox.com\/de\/wp-json\/wp\/v2\/media\/6561"}],"wp:attachment":[{"href":"https:\/\/andalubox.com\/de\/wp-json\/wp\/v2\/media?parent=7607"}],"wp:term":[{"taxonomy":"product_brand","embeddable":true,"href":"https:\/\/andalubox.com\/de\/wp-json\/wp\/v2\/product_brand?post=7607"},{"taxonomy":"product_cat","embeddable":true,"href":"https:\/\/andalubox.com\/de\/wp-json\/wp\/v2\/product_cat?post=7607"},{"taxonomy":"product_tag","embeddable":true,"href":"https:\/\/andalubox.com\/de\/wp-json\/wp\/v2\/product_tag?post=7607"}],"curies":[{"name":"wp","href":"https:\/\/api.w.org\/{rel}","templated":true}]}}