{"id":7584,"date":"2022-10-26T13:03:24","date_gmt":"2022-10-26T11:03:24","guid":{"rendered":"https:\/\/andalubox.com\/producto-andaluz\/el-guiso-rabo-de-toro-a-la-cordobesa-640gr\/"},"modified":"2025-06-12T20:00:16","modified_gmt":"2025-06-12T18:00:16","slug":"el-guiso-rabo-de-toro-a-la-cordobesa-640gr","status":"publish","type":"product","link":"https:\/\/andalubox.com\/de\/producto-andaluz\/el-guiso-rabo-de-toro-a-la-cordobesa-640gr\/","title":{"rendered":"El Guiso Rabo de Toro a la Cordobesa, 440g"},"content":{"rendered":"<p>Eingemachter Ochsenschwanz, gekocht nach kordanischer Art mit nativem Oliven\u00f6l extra und unter Wahrung der Tradition, die den Geschmack und das Aroma des Authentischen garantiert.<br><br>Der Ochsenschwanz aus C\u00f3rdoba zeichnet sich dadurch aus, dass er milder ist als der aus dem Norden, da das Fleisch in den meisten Rezepten \u00fcber Nacht in Wein mariniert wird, und durch die Art des verwendeten Weins, der tendenziell st\u00e4rker ist.<br><br>Ein sehr schmackhaftes Gericht, das mit Kartoffeln oder einem Salat serviert werden kann. Schnell und einfach zuzubereiten, k\u00f6nnen Sie ein gro\u00dfartiges Gericht genie\u00dfen, indem Sie einfach die Dose \u00f6ffnen, erhitzen und servieren.<\/p>","protected":false},"excerpt":{"rendered":"<p>Rabo de Toro a la Cordobesa ein k\u00f6stliches Produkt, das man leicht genie\u00dfen kann, \u00f6ffnen, erhitzen, servieren und diese herrliche Delikatesse genie\u00dfen. Ein v\u00f6llig nat\u00fcrliches Produkt, ohne Konservierungsstoffe.<\/p>\n","protected":false},"featured_media":6558,"comment_status":"closed","ping_status":"closed","template":"","meta":{"site-sidebar-layout":"default","site-content-layout":"default","ast-site-content-layout":"default","site-content-style":"default","site-sidebar-style":"default","ast-global-header-display":"","ast-banner-title-visibility":"","ast-main-header-display":"","ast-hfb-above-header-display":"","ast-hfb-below-header-display":"","ast-hfb-mobile-header-display":"","site-post-title":"","ast-breadcrumbs-content":"","ast-featured-img":"","footer-sml-layout":"","ast-disable-related-posts":"","theme-transparent-header-meta":"default","adv-header-id-meta":"","stick-header-meta":"","header-above-stick-meta":"","header-main-stick-meta":"","header-below-stick-meta":"","astra-migrate-meta-layouts":"default","ast-page-background-enabled":"default","ast-page-background-meta":{"desktop":{"background-color":"var(--ast-global-color-4)","background-image":"","background-repeat":"repeat","background-position":"center center","background-size":"auto","background-attachment":"scroll","background-type":"","background-media":"","overlay-type":"","overlay-color":"","overlay-opacity":"","overlay-gradient":""},"tablet":{"background-color":"","background-image":"","background-repeat":"repeat","background-position":"center center","background-size":"auto","background-attachment":"scroll","background-type":"","background-media":"","overlay-type":"","overlay-color":"","overlay-opacity":"","overlay-gradient":""},"mobile":{"background-color":"","background-image":"","background-repeat":"repeat","background-position":"center center","background-size":"auto","background-attachment":"scroll","background-type":"","background-media":"","overlay-type":"","overlay-color":"","overlay-opacity":"","overlay-gradient":""}},"ast-content-background-meta":{"desktop":{"background-color":"var(--ast-global-color-5)","background-image":"","background-repeat":"repeat","background-position":"center center","background-size":"auto","background-attachment":"scroll","background-type":"","background-media":"","overlay-type":"","overlay-color":"","overlay-opacity":"","overlay-gradient":""},"tablet":{"background-color":"var(--ast-global-color-5)","background-image":"","background-repeat":"repeat","background-position":"center center","background-size":"auto","background-attachment":"scroll","background-type":"","background-media":"","overlay-type":"","overlay-color":"","overlay-opacity":"","overlay-gradient":""},"mobile":{"background-color":"var(--ast-global-color-5)","background-image":"","background-repeat":"repeat","background-position":"center center","background-size":"auto","background-attachment":"scroll","background-type":"","background-media":"","overlay-type":"","overlay-color":"","overlay-opacity":"","overlay-gradient":""}}},"product_brand":[],"product_cat":[336],"product_tag":[109],"class_list":{"0":"post-7584","1":"product","2":"type-product","3":"status-publish","4":"has-post-thumbnail","6":"product_cat-fleischkonserven","7":"product_tag-cordoba-de","8":"desktop-align-left","9":"tablet-align-left","10":"mobile-align-left","12":"first","13":"instock","14":"taxable","15":"shipping-taxable","16":"purchasable","17":"product-type-simple"},"_links":{"self":[{"href":"https:\/\/andalubox.com\/de\/wp-json\/wp\/v2\/product\/7584","targetHints":{"allow":["GET"]}}],"collection":[{"href":"https:\/\/andalubox.com\/de\/wp-json\/wp\/v2\/product"}],"about":[{"href":"https:\/\/andalubox.com\/de\/wp-json\/wp\/v2\/types\/product"}],"replies":[{"embeddable":true,"href":"https:\/\/andalubox.com\/de\/wp-json\/wp\/v2\/comments?post=7584"}],"wp:featuredmedia":[{"embeddable":true,"href":"https:\/\/andalubox.com\/de\/wp-json\/wp\/v2\/media\/6558"}],"wp:attachment":[{"href":"https:\/\/andalubox.com\/de\/wp-json\/wp\/v2\/media?parent=7584"}],"wp:term":[{"taxonomy":"product_brand","embeddable":true,"href":"https:\/\/andalubox.com\/de\/wp-json\/wp\/v2\/product_brand?post=7584"},{"taxonomy":"product_cat","embeddable":true,"href":"https:\/\/andalubox.com\/de\/wp-json\/wp\/v2\/product_cat?post=7584"},{"taxonomy":"product_tag","embeddable":true,"href":"https:\/\/andalubox.com\/de\/wp-json\/wp\/v2\/product_tag?post=7584"}],"curies":[{"name":"wp","href":"https:\/\/api.w.org\/{rel}","templated":true}]}}