{"id":7542,"date":"2022-10-26T13:03:00","date_gmt":"2022-10-26T11:03:00","guid":{"rendered":"https:\/\/andalubox.com\/producto-andaluz\/dona-ana-arroz-marisma-redondo-paket-1kg\/"},"modified":"2025-09-07T19:45:32","modified_gmt":"2025-09-07T17:45:32","slug":"dona-ana-arroz-marisma-redondo-paquete-1kg","status":"publish","type":"product","link":"https:\/\/andalubox.com\/de\/producto-andaluz\/dona-ana-arroz-marisma-redondo-paquete-1kg\/","title":{"rendered":"Do\u00f1a Ana Marisma Rundreis 1 kg"},"content":{"rendered":"<p>Do\u00f1a Ana Marisma Rundreis 1 kg.<\/p>\n<p>Hergestellt im Do\u00f1ana-Nationalpark.<\/p>\n<p>MEDITERRANE ERN\u00c4HRUNG.<\/p>\n<p>Do\u00f1a Ana 1 kg Parboiled-Reis ist ein vorgekochter Langkornreis, der f\u00fcr seine feste, nicht klebrige Textur bekannt ist, ideal f\u00fcr die schnelle, moderne K\u00fcche. Beim Parboiling-Verfahren wird der Reis ged\u00e4mpft, wodurch lockere, goldene K\u00f6rner entstehen, die nicht \u00fcberkochen oder verklumpen. Er ist reich an Vitaminen, Proteinen und Ballaststoffen und kann wieder aufgew\u00e4rmt werden, ohne dass er seine Konsistenz oder seinen N\u00e4hrwert verliert, so dass Mahlzeiten im Voraus zubereitet werden k\u00f6nnen.  <\/p>","protected":false},"excerpt":{"rendered":"<p>Do\u00f1a Ana Marisma Rundreis 1 kg<\/p>\n","protected":false},"featured_media":6480,"template":"","meta":{"site-sidebar-layout":"default","site-content-layout":"","ast-site-content-layout":"default","site-content-style":"default","site-sidebar-style":"default","ast-global-header-display":"","ast-banner-title-visibility":"","ast-main-header-display":"","ast-hfb-above-header-display":"","ast-hfb-below-header-display":"","ast-hfb-mobile-header-display":"","site-post-title":"","ast-breadcrumbs-content":"","ast-featured-img":"","footer-sml-layout":"","ast-disable-related-posts":"","theme-transparent-header-meta":"default","adv-header-id-meta":"","stick-header-meta":"","header-above-stick-meta":"","header-main-stick-meta":"","header-below-stick-meta":"","astra-migrate-meta-layouts":"default","ast-page-background-enabled":"default","ast-page-background-meta":{"desktop":{"background-color":"var(--ast-global-color-4)","background-image":"","background-repeat":"repeat","background-position":"center center","background-size":"auto","background-attachment":"scroll","background-type":"","background-media":"","overlay-type":"","overlay-color":"","overlay-opacity":"","overlay-gradient":""},"tablet":{"background-color":"","background-image":"","background-repeat":"repeat","background-position":"center center","background-size":"auto","background-attachment":"scroll","background-type":"","background-media":"","overlay-type":"","overlay-color":"","overlay-opacity":"","overlay-gradient":""},"mobile":{"background-color":"","background-image":"","background-repeat":"repeat","background-position":"center center","background-size":"auto","background-attachment":"scroll","background-type":"","background-media":"","overlay-type":"","overlay-color":"","overlay-opacity":"","overlay-gradient":""}},"ast-content-background-meta":{"desktop":{"background-color":"var(--ast-global-color-5)","background-image":"","background-repeat":"repeat","background-position":"center center","background-size":"auto","background-attachment":"scroll","background-type":"","background-media":"","overlay-type":"","overlay-color":"","overlay-opacity":"","overlay-gradient":""},"tablet":{"background-color":"var(--ast-global-color-5)","background-image":"","background-repeat":"repeat","background-position":"center center","background-size":"auto","background-attachment":"scroll","background-type":"","background-media":"","overlay-type":"","overlay-color":"","overlay-opacity":"","overlay-gradient":""},"mobile":{"background-color":"var(--ast-global-color-5)","background-image":"","background-repeat":"repeat","background-position":"center center","background-size":"auto","background-attachment":"scroll","background-type":"","background-media":"","overlay-type":"","overlay-color":"","overlay-opacity":"","overlay-gradient":""}}},"product_brand":[1498],"product_cat":[326],"product_tag":[120],"class_list":{"0":"post-7542","1":"product","2":"type-product","3":"status-publish","4":"has-post-thumbnail","6":"product_brand-dona-ana","7":"product_cat-dona-ana-de","8":"product_tag-sevilla-de","9":"desktop-align-left","10":"tablet-align-left","11":"mobile-align-left","13":"first","14":"instock","15":"taxable","16":"shipping-taxable","17":"purchasable","18":"product-type-simple"},"_links":{"self":[{"href":"https:\/\/andalubox.com\/de\/wp-json\/wp\/v2\/product\/7542","targetHints":{"allow":["GET"]}}],"collection":[{"href":"https:\/\/andalubox.com\/de\/wp-json\/wp\/v2\/product"}],"about":[{"href":"https:\/\/andalubox.com\/de\/wp-json\/wp\/v2\/types\/product"}],"wp:featuredmedia":[{"embeddable":true,"href":"https:\/\/andalubox.com\/de\/wp-json\/wp\/v2\/media\/6480"}],"wp:attachment":[{"href":"https:\/\/andalubox.com\/de\/wp-json\/wp\/v2\/media?parent=7542"}],"wp:term":[{"taxonomy":"product_brand","embeddable":true,"href":"https:\/\/andalubox.com\/de\/wp-json\/wp\/v2\/product_brand?post=7542"},{"taxonomy":"product_cat","embeddable":true,"href":"https:\/\/andalubox.com\/de\/wp-json\/wp\/v2\/product_cat?post=7542"},{"taxonomy":"product_tag","embeddable":true,"href":"https:\/\/andalubox.com\/de\/wp-json\/wp\/v2\/product_tag?post=7542"}],"curies":[{"name":"wp","href":"https:\/\/api.w.org\/{rel}","templated":true}]}}