{"id":7525,"date":"2022-10-26T13:03:00","date_gmt":"2022-10-26T11:03:00","guid":{"rendered":"https:\/\/andalubox.com\/producto-andaluz\/baena-linsen-pardinas-extra-schwarze-stofftasche-1-000gr\/"},"modified":"2025-08-06T19:38:40","modified_gmt":"2025-08-06T17:38:40","slug":"baena-linsen-pardinas-extra-saco-tela-negro-1000gr","status":"publish","type":"product","link":"https:\/\/andalubox.com\/de\/producto-andaluz\/baena-linsen-pardinas-extra-saco-tela-negro-1000gr\/","title":{"rendered":"Baena Linsen Pardinas Extra, 1kg Beutel, Stoffbeutel"},"content":{"rendered":"<p>Baena Lentejas Pardinas Extra, Stoffbeutel 1kg.<\/p>\n<p>Legumbres Baena ist ein spanisches Unternehmen mit Sitz in Montemayor, C\u00f3rdoba, das sich auf die Herstellung, Verpackung und Vermarktung von H\u00fclsenfr\u00fcchten und Reis, sowohl biologisch als auch konventionell, getrocknet und gekocht, spezialisiert hat.<\/p>\n<p>Ihre Produktpalette umfasst Kichererbsen (z.B. Milchkichererbse, Pedrosillano), verschiedene Bohnen (z.B. wei\u00dfe Extrabohne, Pintobohne), Linsen (z.B. Verdina, Pardina, Eston, Castellana) und ausgew\u00e4hlte Reissorten, wie Bahia-Reis und Bio-Braunreis. Sie legen Wert auf qualitativ hochwertige und r\u00fcckverfolgbare Produkte, die von der EU, dem CAAE und der JA zertifiziert sind, wobei der Schwerpunkt auf traditionellen Aromen und nachhaltigen Praktiken liegt. <\/p>\n<p>Andalubox vertreibt die Marke LEGUMBRES BAENA auf nationalen und internationalen M\u00e4rkten, insbesondere in Europa und Gibraltar.<\/p>\n<p>Die H\u00fclsenfr\u00fcchte zeichnen sich durch ihren hohen N\u00e4hrstoff-, Protein- und Ballaststoffgehalt aus und eignen sich f\u00fcr die mediterrane Ern\u00e4hrung, mit Vorteilen wie der Blutzuckerregulierung bei Diabetikern.  <\/p>\n<p>Andalubox f\u00f6rdert die MEDITERRANEAN DIET in ganz Europa.<\/p>","protected":false},"excerpt":{"rendered":"<p>Baena Lentejas Pardinas Extra, 1kg Beutel f\u00fcr den Export nach ALL EUROPE.<\/p>\n","protected":false},"featured_media":6468,"template":"","meta":{"site-sidebar-layout":"default","site-content-layout":"","ast-site-content-layout":"default","site-content-style":"default","site-sidebar-style":"default","ast-global-header-display":"","ast-banner-title-visibility":"","ast-main-header-display":"","ast-hfb-above-header-display":"","ast-hfb-below-header-display":"","ast-hfb-mobile-header-display":"","site-post-title":"","ast-breadcrumbs-content":"","ast-featured-img":"","footer-sml-layout":"","ast-disable-related-posts":"","theme-transparent-header-meta":"default","adv-header-id-meta":"","stick-header-meta":"","header-above-stick-meta":"","header-main-stick-meta":"","header-below-stick-meta":"","astra-migrate-meta-layouts":"default","ast-page-background-enabled":"default","ast-page-background-meta":{"desktop":{"background-color":"var(--ast-global-color-4)","background-image":"","background-repeat":"repeat","background-position":"center center","background-size":"auto","background-attachment":"scroll","background-type":"","background-media":"","overlay-type":"","overlay-color":"","overlay-opacity":"","overlay-gradient":""},"tablet":{"background-color":"","background-image":"","background-repeat":"repeat","background-position":"center center","background-size":"auto","background-attachment":"scroll","background-type":"","background-media":"","overlay-type":"","overlay-color":"","overlay-opacity":"","overlay-gradient":""},"mobile":{"background-color":"","background-image":"","background-repeat":"repeat","background-position":"center center","background-size":"auto","background-attachment":"scroll","background-type":"","background-media":"","overlay-type":"","overlay-color":"","overlay-opacity":"","overlay-gradient":""}},"ast-content-background-meta":{"desktop":{"background-color":"var(--ast-global-color-5)","background-image":"","background-repeat":"repeat","background-position":"center center","background-size":"auto","background-attachment":"scroll","background-type":"","background-media":"","overlay-type":"","overlay-color":"","overlay-opacity":"","overlay-gradient":""},"tablet":{"background-color":"var(--ast-global-color-5)","background-image":"","background-repeat":"repeat","background-position":"center center","background-size":"auto","background-attachment":"scroll","background-type":"","background-media":"","overlay-type":"","overlay-color":"","overlay-opacity":"","overlay-gradient":""},"mobile":{"background-color":"var(--ast-global-color-5)","background-image":"","background-repeat":"repeat","background-position":"center center","background-size":"auto","background-attachment":"scroll","background-type":"","background-media":"","overlay-type":"","overlay-color":"","overlay-opacity":"","overlay-gradient":""}}},"product_brand":[1121],"product_cat":[324],"product_tag":[109],"class_list":{"0":"post-7525","1":"product","2":"type-product","3":"status-publish","4":"has-post-thumbnail","6":"product_brand-baena","7":"product_cat-baena-de","8":"product_tag-cordoba-de","9":"desktop-align-left","10":"tablet-align-left","11":"mobile-align-left","13":"first","14":"instock","15":"taxable","16":"shipping-taxable","17":"purchasable","18":"product-type-simple"},"_links":{"self":[{"href":"https:\/\/andalubox.com\/de\/wp-json\/wp\/v2\/product\/7525","targetHints":{"allow":["GET"]}}],"collection":[{"href":"https:\/\/andalubox.com\/de\/wp-json\/wp\/v2\/product"}],"about":[{"href":"https:\/\/andalubox.com\/de\/wp-json\/wp\/v2\/types\/product"}],"wp:featuredmedia":[{"embeddable":true,"href":"https:\/\/andalubox.com\/de\/wp-json\/wp\/v2\/media\/6468"}],"wp:attachment":[{"href":"https:\/\/andalubox.com\/de\/wp-json\/wp\/v2\/media?parent=7525"}],"wp:term":[{"taxonomy":"product_brand","embeddable":true,"href":"https:\/\/andalubox.com\/de\/wp-json\/wp\/v2\/product_brand?post=7525"},{"taxonomy":"product_cat","embeddable":true,"href":"https:\/\/andalubox.com\/de\/wp-json\/wp\/v2\/product_cat?post=7525"},{"taxonomy":"product_tag","embeddable":true,"href":"https:\/\/andalubox.com\/de\/wp-json\/wp\/v2\/product_tag?post=7525"}],"curies":[{"name":"wp","href":"https:\/\/api.w.org\/{rel}","templated":true}]}}