{"id":32898,"date":"2026-04-02T11:33:05","date_gmt":"2026-04-02T09:33:05","guid":{"rendered":"https:\/\/andalubox.com\/producto-andaluz\/jack-daniels-apple-whiskey-70-cl\/"},"modified":"2026-04-04T19:02:36","modified_gmt":"2026-04-04T17:02:36","slug":"jack-daniels-apple-whiskey-70-cl","status":"publish","type":"product","link":"https:\/\/andalubox.com\/de\/producto-andaluz\/jack-daniels-apple-whiskey-70-cl\/","title":{"rendered":"JACK DANIEL&#8217;S APPLE WHISKEY 70 CL"},"content":{"rendered":"<p>JACK DANIEL&#8217;S APPLE WHISKEY 70 CL.<\/p>\r\n<p>Jack Daniel&#8217;s Tennessee Apple Whiskey 70 cl Jack Daniel&#8217;s Apple Whiskey 70 cl es uno de los whiskies aromatizados m\u00e1s populares del momento. Se trata de una mezcla perfecta entre el cl\u00e1sico Tennessee Whiskey de Jack Daniel&#8217;s y un licor de manzana verde fresca, que ofrece un sabor suave, dulce y refrescante. Destaca por sus intensas notas de manzana crujiente equilibradas con los caracter\u00edsticos toques de roble, vainilla y caramelo del whiskey original.<\/p>\r\n<ul>\r\n\t<li>Graduaci\u00f3n: 35% ABV (70 Proof)<\/li>\r\n\t<li>Capacidad: 70 cl (700 ml) \u2013 formato ideal para el mercado europeo.<\/li>\r\n\t<li>Notas de cata: Aroma y sabor intenso a manzana verde fresca, con suavidad caracter\u00edstica de Jack Daniel\u2019s, final dulce y ligeramente especiado.<\/li>\r\n\t<li>Estilo: Whiskey aromatizado \/ licor de whiskey. Muy f\u00e1cil de beber, ideal tanto para principiantes como para aficionados.<\/li>\r\n<\/ul>\r\n<p>Es perfecto para tomar solo con hielo, combinado con ginger ale, en c\u00f3cteles o mezclado con sidra de manzana. Su perfil dulce y refrescante lo convierte en una excelente opci\u00f3n para disfrutar en cualquier ocasi\u00f3n.<\/p>\r\n<p>Si buscas precio competitivo, env\u00edo r\u00e1pido y garant\u00eda de originalidad, Andalubox env\u00eda ediciones especiales de Jack Daniel&#8217;s a toda Europa.<\/p>\r\n<p>Fue lanzado en octubre de 2019. Se elabora mezclando el cl\u00e1sico Jack Daniel&#8217;s Old No. 7 Tennessee Whiskey (que se filtra con carb\u00f3n de arce y madura en barriles nuevos de roble americano) con un licor de manzana verde de alta calidad. No es un whiskey puro, sino un blend que baja su graduaci\u00f3n a 35% ABV para hacerlo m\u00e1s ligero y accesible.<\/p>\r\n<p>&nbsp;<\/p>\r\n<p>&nbsp;<\/p>\r\n<p>&nbsp;<\/p>\r\n<p>&nbsp;<\/p>","protected":false},"excerpt":{"rendered":"<p>JACK DANIEL&#8217;S APPLE WHISKEY 70 CL. Env\u00edos a <strong>TODA EUROPA<\/strong>.<\/p>\n","protected":false},"featured_media":32899,"comment_status":"open","ping_status":"closed","template":"","meta":{"site-sidebar-layout":"default","site-content-layout":"","ast-site-content-layout":"default","site-content-style":"default","site-sidebar-style":"default","ast-global-header-display":"","ast-banner-title-visibility":"","ast-main-header-display":"","ast-hfb-above-header-display":"","ast-hfb-below-header-display":"","ast-hfb-mobile-header-display":"","site-post-title":"","ast-breadcrumbs-content":"","ast-featured-img":"","footer-sml-layout":"","ast-disable-related-posts":"","theme-transparent-header-meta":"default","adv-header-id-meta":"","stick-header-meta":"","header-above-stick-meta":"","header-main-stick-meta":"","header-below-stick-meta":"","astra-migrate-meta-layouts":"set","ast-page-background-enabled":"default","ast-page-background-meta":{"desktop":{"background-color":"var(--ast-global-color-4)","background-image":"","background-repeat":"repeat","background-position":"center center","background-size":"auto","background-attachment":"scroll","background-type":"","background-media":"","overlay-type":"","overlay-color":"","overlay-opacity":"","overlay-gradient":""},"tablet":{"background-color":"","background-image":"","background-repeat":"repeat","background-position":"center center","background-size":"auto","background-attachment":"scroll","background-type":"","background-media":"","overlay-type":"","overlay-color":"","overlay-opacity":"","overlay-gradient":""},"mobile":{"background-color":"","background-image":"","background-repeat":"repeat","background-position":"center center","background-size":"auto","background-attachment":"scroll","background-type":"","background-media":"","overlay-type":"","overlay-color":"","overlay-opacity":"","overlay-gradient":""}},"ast-content-background-meta":{"desktop":{"background-color":"var(--ast-global-color-5)","background-image":"","background-repeat":"repeat","background-position":"center center","background-size":"auto","background-attachment":"scroll","background-type":"","background-media":"","overlay-type":"","overlay-color":"","overlay-opacity":"","overlay-gradient":""},"tablet":{"background-color":"var(--ast-global-color-5)","background-image":"","background-repeat":"repeat","background-position":"center center","background-size":"auto","background-attachment":"scroll","background-type":"","background-media":"","overlay-type":"","overlay-color":"","overlay-opacity":"","overlay-gradient":""},"mobile":{"background-color":"var(--ast-global-color-5)","background-image":"","background-repeat":"repeat","background-position":"center center","background-size":"auto","background-attachment":"scroll","background-type":"","background-media":"","overlay-type":"","overlay-color":"","overlay-opacity":"","overlay-gradient":""}}},"product_brand":[],"product_cat":[418,358],"product_tag":[1796,1774,1775],"class_list":{"0":"post-32898","1":"product","2":"type-product","3":"status-publish","4":"has-post-thumbnail","6":"product_cat-andalubox-exklusiv","7":"product_cat-nachrichten","8":"product_tag-jack-daniels-apple","9":"product_tag-whiskey","10":"product_tag-whisky","11":"desktop-align-left","12":"tablet-align-left","13":"mobile-align-left","15":"first","16":"instock","17":"taxable","18":"shipping-taxable","19":"purchasable","20":"product-type-simple"},"_links":{"self":[{"href":"https:\/\/andalubox.com\/de\/wp-json\/wp\/v2\/product\/32898","targetHints":{"allow":["GET"]}}],"collection":[{"href":"https:\/\/andalubox.com\/de\/wp-json\/wp\/v2\/product"}],"about":[{"href":"https:\/\/andalubox.com\/de\/wp-json\/wp\/v2\/types\/product"}],"replies":[{"embeddable":true,"href":"https:\/\/andalubox.com\/de\/wp-json\/wp\/v2\/comments?post=32898"}],"wp:featuredmedia":[{"embeddable":true,"href":"https:\/\/andalubox.com\/de\/wp-json\/wp\/v2\/media\/32899"}],"wp:attachment":[{"href":"https:\/\/andalubox.com\/de\/wp-json\/wp\/v2\/media?parent=32898"}],"wp:term":[{"taxonomy":"product_brand","embeddable":true,"href":"https:\/\/andalubox.com\/de\/wp-json\/wp\/v2\/product_brand?post=32898"},{"taxonomy":"product_cat","embeddable":true,"href":"https:\/\/andalubox.com\/de\/wp-json\/wp\/v2\/product_cat?post=32898"},{"taxonomy":"product_tag","embeddable":true,"href":"https:\/\/andalubox.com\/de\/wp-json\/wp\/v2\/product_tag?post=32898"}],"curies":[{"name":"wp","href":"https:\/\/api.w.org\/{rel}","templated":true}]}}