{"id":26411,"date":"2025-09-23T16:49:07","date_gmt":"2025-09-23T14:49:07","guid":{"rendered":"https:\/\/andalubox.com\/producto-andaluz\/balea-seehecht-fleischbaellchen-in-gruener-sosse-ro-280\/"},"modified":"2026-01-26T16:40:48","modified_gmt":"2026-01-26T15:40:48","slug":"balea-seehecht-fleischbaellchen-in-gruener-sosse-ro-280","status":"publish","type":"product","link":"https:\/\/andalubox.com\/de\/producto-andaluz\/balea-seehecht-fleischbaellchen-in-gruener-sosse-ro-280\/","title":{"rendered":"Balea Seehecht-Fleischb\u00e4llchen in Gr\u00fcner So\u00dfe RO-280"},"content":{"rendered":"<div id=\"chat-history\" class=\"chat-history-scroll-container\">\n<div id=\"b76c5ddb4db2e042\" class=\"conversation-container message-actions-hover-boundary ng-star-inserted\">\n<div class=\"response-container ng-tns-c2989923582-166 response-container-with-gpi ng-star-inserted response-container-has-multiple-responses\">\n<div class=\"presented-response-container ng-tns-c2989923582-166\">\n<div class=\"response-container-content ng-tns-c2989923582-166\">\n<div class=\"response-content ng-tns-c2989923582-166\">\n<div id=\"model-response-message-contentr_b76c5ddb4db2e042\" class=\"markdown markdown-main-panel enable-updated-hr-color\" dir=\"ltr\">\n<p><b>Balea<\/b> &#8216;s <b>Seehecht-Fleischb\u00e4llchen in gr\u00fcner So\u00dfe<\/b> ist ein Dosengericht, das die Zartheit von Seehecht mit der Frische einer traditionellen So\u00dfe kombiniert. Die Dose, Referenz <b>RO-280<\/b>, enth\u00e4lt eine betr\u00e4chtliche Portion, ideal f\u00fcr eine Mahlzeit oder zum Teilen. <\/p>\n<p>Die Salsa Verde ist ein Klassiker der spanischen K\u00fcche. Sie wird auf der Basis von Oliven\u00f6l, Knoblauch, Petersilie und Fischfond zubereitet und verleiht ihr einen frischen, kr\u00e4uterartigen Geschmack, der das zarte Fleisch der Seehecht-Fleischb\u00e4llchen perfekt erg\u00e4nzt.<\/p>\n<h3>Wesentliche Merkmale<\/h3>\n<ul>\n\t<li>\n<p><b>Hauptzutat<\/b>: Fleischb\u00e4llchen aus Seehechtfleisch, einem wei\u00dfen Fisch, der wegen seines milden Geschmacks und seiner zarten Textur sehr gesch\u00e4tzt wird.<\/p>\n<\/li>\n\t<li>\n<p><b>Sauce<\/b>: Salsa verde, eine klassische und aromatische Zubereitung mit Petersilie, Knoblauch und Oliven\u00f6l.<\/p>\n<\/li>\n\t<li>\n<p><b>Format<\/b>: Dose mit der Referenznummer RO-280, ein gro\u00dfes Format, geeignet f\u00fcr eine ganze Portion oder f\u00fcr zwei Personen als Teil einer Mahlzeit.<\/p>\n<\/li>\n\t<li>\n<p><b>Zubereitung<\/b>: Dies ist ein verzehrfertiges Gericht. Sie k\u00f6nnen es in einer Auflaufform oder in der Mikrowelle erw\u00e4rmen. <\/p>\n<\/li>\n<\/ul>\n<h3>N\u00e4hrwert<\/h3>\n<ul>\n\t<li>\n<p><b>Eiwei\u00df<\/b>: Seehecht ist eine ausgezeichnete Quelle f\u00fcr hochwertiges Eiwei\u00df.<\/p>\n<\/li>\n\t<li>\n<p><b>Fette<\/b>: Da es sich um einen wei\u00dfen Fisch handelt, ist er fettarm. Die Sauce liefert gesunde einfach unges\u00e4ttigte Fette, wenn sie mit Oliven\u00f6l zubereitet wird. <\/p>\n<\/li>\n\t<li>\n<p><b>Vitamine und Mineralien<\/b>: Liefert B-Vitamine und Mineralien wie Phosphor und Selen.<\/p>\n<\/li>\n<\/ul>\n<\/div>\n<\/div>\n<\/div>\n<\/div>\n<\/div>\n<\/div>\n<\/div>","protected":false},"excerpt":{"rendered":"<p>Balea Seehecht-Fleischb\u00e4llchen in Gr\u00fcner So\u00dfe RO-280 ALLE IN EUROPA!<\/p>\n","protected":false},"featured_media":29947,"comment_status":"open","ping_status":"closed","template":"","meta":{"site-sidebar-layout":"default","site-content-layout":"","ast-site-content-layout":"default","site-content-style":"default","site-sidebar-style":"default","ast-global-header-display":"","ast-banner-title-visibility":"","ast-main-header-display":"","ast-hfb-above-header-display":"","ast-hfb-below-header-display":"","ast-hfb-mobile-header-display":"","site-post-title":"","ast-breadcrumbs-content":"","ast-featured-img":"","footer-sml-layout":"","ast-disable-related-posts":"","theme-transparent-header-meta":"default","adv-header-id-meta":"","stick-header-meta":"","header-above-stick-meta":"","header-main-stick-meta":"","header-below-stick-meta":"","astra-migrate-meta-layouts":"default","ast-page-background-enabled":"default","ast-page-background-meta":{"desktop":{"background-color":"var(--ast-global-color-4)","background-image":"","background-repeat":"repeat","background-position":"center center","background-size":"auto","background-attachment":"scroll","background-type":"","background-media":"","overlay-type":"","overlay-color":"","overlay-opacity":"","overlay-gradient":""},"tablet":{"background-color":"","background-image":"","background-repeat":"repeat","background-position":"center center","background-size":"auto","background-attachment":"scroll","background-type":"","background-media":"","overlay-type":"","overlay-color":"","overlay-opacity":"","overlay-gradient":""},"mobile":{"background-color":"","background-image":"","background-repeat":"repeat","background-position":"center center","background-size":"auto","background-attachment":"scroll","background-type":"","background-media":"","overlay-type":"","overlay-color":"","overlay-opacity":"","overlay-gradient":""}},"ast-content-background-meta":{"desktop":{"background-color":"var(--ast-global-color-5)","background-image":"","background-repeat":"repeat","background-position":"center center","background-size":"auto","background-attachment":"scroll","background-type":"","background-media":"","overlay-type":"","overlay-color":"","overlay-opacity":"","overlay-gradient":""},"tablet":{"background-color":"var(--ast-global-color-5)","background-image":"","background-repeat":"repeat","background-position":"center center","background-size":"auto","background-attachment":"scroll","background-type":"","background-media":"","overlay-type":"","overlay-color":"","overlay-opacity":"","overlay-gradient":""},"mobile":{"background-color":"var(--ast-global-color-5)","background-image":"","background-repeat":"repeat","background-position":"center center","background-size":"auto","background-attachment":"scroll","background-type":"","background-media":"","overlay-type":"","overlay-color":"","overlay-opacity":"","overlay-gradient":""}}},"product_brand":[1134],"product_cat":[335],"product_tag":[],"class_list":{"0":"post-26411","1":"product","2":"type-product","3":"status-publish","4":"has-post-thumbnail","6":"product_brand-balea","7":"product_cat-andere","8":"desktop-align-left","9":"tablet-align-left","10":"mobile-align-left","12":"first","13":"instock","14":"taxable","15":"shipping-taxable","16":"purchasable","17":"product-type-simple"},"_links":{"self":[{"href":"https:\/\/andalubox.com\/de\/wp-json\/wp\/v2\/product\/26411","targetHints":{"allow":["GET"]}}],"collection":[{"href":"https:\/\/andalubox.com\/de\/wp-json\/wp\/v2\/product"}],"about":[{"href":"https:\/\/andalubox.com\/de\/wp-json\/wp\/v2\/types\/product"}],"replies":[{"embeddable":true,"href":"https:\/\/andalubox.com\/de\/wp-json\/wp\/v2\/comments?post=26411"}],"wp:featuredmedia":[{"embeddable":true,"href":"https:\/\/andalubox.com\/de\/wp-json\/wp\/v2\/media\/29947"}],"wp:attachment":[{"href":"https:\/\/andalubox.com\/de\/wp-json\/wp\/v2\/media?parent=26411"}],"wp:term":[{"taxonomy":"product_brand","embeddable":true,"href":"https:\/\/andalubox.com\/de\/wp-json\/wp\/v2\/product_brand?post=26411"},{"taxonomy":"product_cat","embeddable":true,"href":"https:\/\/andalubox.com\/de\/wp-json\/wp\/v2\/product_cat?post=26411"},{"taxonomy":"product_tag","embeddable":true,"href":"https:\/\/andalubox.com\/de\/wp-json\/wp\/v2\/product_tag?post=26411"}],"curies":[{"name":"wp","href":"https:\/\/api.w.org\/{rel}","templated":true}]}}