{"id":26325,"date":"2025-09-23T11:18:19","date_gmt":"2025-09-23T09:18:19","guid":{"rendered":"https:\/\/andalubox.com\/producto-andaluz\/balea-geraeucherte-sardinen-mit-lorbeerblaettern-in-olivenoel-6-8-stueck-rr-90\/"},"modified":"2026-01-26T08:47:22","modified_gmt":"2026-01-26T07:47:22","slug":"balea-geraeucherte-sardinen-mit-lorbeerblaettern-in-olivenoel-6-8-stueck-rr-90","status":"publish","type":"product","link":"https:\/\/andalubox.com\/de\/producto-andaluz\/balea-geraeucherte-sardinen-mit-lorbeerblaettern-in-olivenoel-6-8-stueck-rr-90\/","title":{"rendered":"Balea Ger\u00e4ucherte Sardinen mit Lorbeerbl\u00e4ttern in Oliven\u00f6l 6\/8 St\u00fcck RR-90"},"content":{"rendered":"<h3>Balea Ger\u00e4ucherte Sardinen mit Lorbeerbl\u00e4ttern in Oliven\u00f6l, 6\/8 St\u00fcck RR-90<\/h3>\n<p>&nbsp;<\/p>\n<p>Die <b>ger\u00e4ucherten Sardinen<\/b> von <b>Balea<\/b> sind eine Gourmetkonserve, die den klassischen Geschmack von Sardinen aufwertet. Dieses Produkt zeichnet sich durch sein nat\u00fcrliches R\u00e4ucherverfahren und die Zugabe von Lorbeerbl\u00e4ttern aus, die ihm ein sehr charakteristisches Aroma- und Geschmacksprofil verleihen. <\/p>\n<hr>\n<p>&nbsp;<\/p>\n<h4>Hauptmerkmale<\/h4>\n<p>&nbsp;<\/p>\n<ul>\n\t<li>\n<p><b>Produkt:<\/b> Sardinillas (kleine Sardinen) ger\u00e4uchert.<\/p>\n<\/li>\n\t<li>\n<p><b>Verpackung: Verpackt<\/b> in einer 90g-Dose (RR-90), ideal f\u00fcr eine oder zwei Portionen.<\/p>\n<\/li>\n\t<li>\n<p><b>Zutaten:<\/b> Sardinen, Oliven\u00f6l, Salz und Lorbeerbl\u00e4tter. Das R\u00e4uchern erfolgt auf nat\u00fcrliche Weise, und die Lorbeerbl\u00e4tter sorgen f\u00fcr aromatische Noten und eine mediterrane Note. <\/p>\n<\/li>\n\t<li>\n<p><b>St\u00fccke:<\/b> Die Dose enth\u00e4lt 6 bis 8 Sardinen, die aufgrund ihrer Gr\u00f6\u00dfe und Frische ausgew\u00e4hlt wurden.<\/p>\n<\/li>\n\t<li>\n<p><b>Geschmack und Textur:<\/b> Die ger\u00e4ucherte Sardine hat einen intensiven Geschmack, mit einem Hauch von Rauch, der sie einzigartig macht. Die Textur ist zart und saftig, und das Oliven\u00f6l konserviert sie perfekt und verleiht ihr einen fruchtigen Geschmack, der die Rauchnote ausgleicht. Die Lorbeernoten f\u00fcgen eine krautige Nuance hinzu, die das Ganze abrundet.  <\/p>\n<\/li>\n<\/ul>\n<hr>\n<p>&nbsp;<\/p>\n<h4>Speisekombinationen und kulinarische Verwendungen<\/h4>\n<p>&nbsp;<\/p>\n<p>Dieses Produkt ist eine vielseitige Zutat, die der Star einer Vorspeise oder eines aufw\u00e4ndigeren Gerichts sein kann.<\/p>\n<ul>\n\t<li>\n<p><b>Gourmet-Vorspeise:<\/b> Sie k\u00f6nnen einfach auf einem Teller mit etwas ger\u00f6stetem Brot serviert werden, um ihren einzigartigen Geschmack zu genie\u00dfen. Ein Spritzer natives Oliven\u00f6l extra und ein paar Salzflocken verst\u00e4rken den Geschmack noch mehr. <\/p>\n<\/li>\n\t<li>\n<p><b>Tapas:<\/b> Ideal f\u00fcr Canap\u00e9s, Montaditos oder Toasts mit ger\u00f6stetem rotem Pfeffer, geriebener Tomate oder Frischk\u00e4se.<\/p>\n<\/li>\n\t<li>\n<p><b>Salate:<\/b> Eine ausgezeichnete Zutat f\u00fcr Nudel-, Kartoffel- oder H\u00fclsenfr\u00fcchtesalate, denen er einen anderen und raffinierten Geschmack verleiht.<\/p>\n<\/li>\n\t<li>\n<p><b>Warme Gerichte:<\/b> Sie k\u00f6nnen verwendet werden, um Nudel- oder Reisgerichten eine besondere Note zu verleihen, oder um Pasteten zu f\u00fcllen.<\/p>\n<\/li>\n<\/ul>\n<hr>\n<p>Dieses Produkt ist perfekt f\u00fcr alle, die ein Konservenprodukt mit einer zus\u00e4tzlichen Note von Geschmack und Qualit\u00e4t suchen. Wenn Sie Sardinen in Dosen m\u00f6gen, ist diese ger\u00e4ucherte Version eine Steigerung des gastronomischen Erlebnisses. <\/p>","protected":false},"excerpt":{"rendered":"<p>Balea Sardinillas Ger\u00e4ucherte Sardinen mit Lorbeerbl\u00e4ttern in Oliven\u00f6l 6\/8 St\u00fcck RR-90 jetzt in ganz Europa erh\u00e4ltlich!<\/p>\n","protected":false},"featured_media":29929,"comment_status":"open","ping_status":"closed","template":"","meta":{"site-sidebar-layout":"default","site-content-layout":"","ast-site-content-layout":"default","site-content-style":"default","site-sidebar-style":"default","ast-global-header-display":"","ast-banner-title-visibility":"","ast-main-header-display":"","ast-hfb-above-header-display":"","ast-hfb-below-header-display":"","ast-hfb-mobile-header-display":"","site-post-title":"","ast-breadcrumbs-content":"","ast-featured-img":"","footer-sml-layout":"","ast-disable-related-posts":"","theme-transparent-header-meta":"default","adv-header-id-meta":"","stick-header-meta":"","header-above-stick-meta":"","header-main-stick-meta":"","header-below-stick-meta":"","astra-migrate-meta-layouts":"default","ast-page-background-enabled":"default","ast-page-background-meta":{"desktop":{"background-color":"var(--ast-global-color-4)","background-image":"","background-repeat":"repeat","background-position":"center center","background-size":"auto","background-attachment":"scroll","background-type":"","background-media":"","overlay-type":"","overlay-color":"","overlay-opacity":"","overlay-gradient":""},"tablet":{"background-color":"","background-image":"","background-repeat":"repeat","background-position":"center center","background-size":"auto","background-attachment":"scroll","background-type":"","background-media":"","overlay-type":"","overlay-color":"","overlay-opacity":"","overlay-gradient":""},"mobile":{"background-color":"","background-image":"","background-repeat":"repeat","background-position":"center center","background-size":"auto","background-attachment":"scroll","background-type":"","background-media":"","overlay-type":"","overlay-color":"","overlay-opacity":"","overlay-gradient":""}},"ast-content-background-meta":{"desktop":{"background-color":"var(--ast-global-color-5)","background-image":"","background-repeat":"repeat","background-position":"center center","background-size":"auto","background-attachment":"scroll","background-type":"","background-media":"","overlay-type":"","overlay-color":"","overlay-opacity":"","overlay-gradient":""},"tablet":{"background-color":"var(--ast-global-color-5)","background-image":"","background-repeat":"repeat","background-position":"center center","background-size":"auto","background-attachment":"scroll","background-type":"","background-media":"","overlay-type":"","overlay-color":"","overlay-opacity":"","overlay-gradient":""},"mobile":{"background-color":"var(--ast-global-color-5)","background-image":"","background-repeat":"repeat","background-position":"center center","background-size":"auto","background-attachment":"scroll","background-type":"","background-media":"","overlay-type":"","overlay-color":"","overlay-opacity":"","overlay-gradient":""}}},"product_brand":[],"product_cat":[333],"product_tag":[],"class_list":{"0":"post-26325","1":"product","2":"type-product","3":"status-publish","4":"has-post-thumbnail","6":"product_cat-sardinen","7":"desktop-align-left","8":"tablet-align-left","9":"mobile-align-left","11":"first","12":"instock","13":"taxable","14":"shipping-taxable","15":"purchasable","16":"product-type-simple"},"_links":{"self":[{"href":"https:\/\/andalubox.com\/de\/wp-json\/wp\/v2\/product\/26325","targetHints":{"allow":["GET"]}}],"collection":[{"href":"https:\/\/andalubox.com\/de\/wp-json\/wp\/v2\/product"}],"about":[{"href":"https:\/\/andalubox.com\/de\/wp-json\/wp\/v2\/types\/product"}],"replies":[{"embeddable":true,"href":"https:\/\/andalubox.com\/de\/wp-json\/wp\/v2\/comments?post=26325"}],"wp:featuredmedia":[{"embeddable":true,"href":"https:\/\/andalubox.com\/de\/wp-json\/wp\/v2\/media\/29929"}],"wp:attachment":[{"href":"https:\/\/andalubox.com\/de\/wp-json\/wp\/v2\/media?parent=26325"}],"wp:term":[{"taxonomy":"product_brand","embeddable":true,"href":"https:\/\/andalubox.com\/de\/wp-json\/wp\/v2\/product_brand?post=26325"},{"taxonomy":"product_cat","embeddable":true,"href":"https:\/\/andalubox.com\/de\/wp-json\/wp\/v2\/product_cat?post=26325"},{"taxonomy":"product_tag","embeddable":true,"href":"https:\/\/andalubox.com\/de\/wp-json\/wp\/v2\/product_tag?post=26325"}],"curies":[{"name":"wp","href":"https:\/\/api.w.org\/{rel}","templated":true}]}}