{"id":25903,"date":"2025-09-09T12:44:15","date_gmt":"2025-09-09T10:44:15","guid":{"rendered":"https:\/\/andalubox.com\/producto-andaluz\/chicharrones-sevillanos-de-cerdo-tarrina-250-gr\/"},"modified":"2026-01-26T19:26:22","modified_gmt":"2026-01-26T18:26:22","slug":"chicharrones-sevillanos-de-cerdo-tarrina-250-gr","status":"publish","type":"product","link":"https:\/\/andalubox.com\/de\/producto-andaluz\/chicharrones-sevillanos-de-cerdo-tarrina-250-gr\/","title":{"rendered":"Chicharrones Sevillanos de Cerdo Tarrina 250 GR"},"content":{"rendered":"<p>Chicharrones Sevillanos de Cerdo Tarrina 250 GR. Der Preis pro Kilo betr\u00e4gt 19.99\u20ac. <\/p>\n<p>GLUTENFREI und LACTOSEFREI.<\/p>\n<p>Chicharr\u00f3n frito andaluz ist ein traditionelles Gericht aus der Gastronomie Andalusiens, Spanien, das haupts\u00e4chlich aus frittierten St\u00fccken von Schweinefett und Schweinefleisch besteht. Die Grundzutaten sind: <\/p>\n<ul>\n\t<li>Schweinebauch oder Speck: Der Hauptteil, der Fett und etwas Fleisch enth\u00e4lt, wird in kleine oder mittelgro\u00dfe St\u00fccke geschnitten.<\/li>\n\t<li>Salz: Zum W\u00fcrzen des Fleisches vor dem Braten.<\/li>\n\t<li>Oliven\u00f6l (optional): In einigen Rezepten wird es in nativem Oliven\u00f6l extra gebraten, um ihm einen intensiveren Geschmack zu verleihen, obwohl traditionell das eigene Fett des Schweins, das beim Kochen schmilzt, verwendet wird.<\/li>\n\t<li>Gew\u00fcrze (optional): In einigen Varianten werden Gew\u00fcrze wie Paprika, Oregano, Knoblauch oder Pfeffer f\u00fcr zus\u00e4tzlichen Geschmack hinzugef\u00fcgt, obwohl das traditionellere Rezept normalerweise einfach ist.<\/li>\n<\/ul>","protected":false},"excerpt":{"rendered":"<p>Chicharrones Sevillanos de Cerdo Tarrina 250 GR. Jetzt Chicharrones Sevillanos f\u00fcr ganz Spanien und ganz Europa. <\/p>\n","protected":false},"featured_media":25897,"template":"","meta":{"site-sidebar-layout":"default","site-content-layout":"","ast-site-content-layout":"default","site-content-style":"default","site-sidebar-style":"default","ast-global-header-display":"","ast-banner-title-visibility":"","ast-main-header-display":"","ast-hfb-above-header-display":"","ast-hfb-below-header-display":"","ast-hfb-mobile-header-display":"","site-post-title":"","ast-breadcrumbs-content":"","ast-featured-img":"","footer-sml-layout":"","ast-disable-related-posts":"","theme-transparent-header-meta":"default","adv-header-id-meta":"","stick-header-meta":"","header-above-stick-meta":"","header-main-stick-meta":"","header-below-stick-meta":"","astra-migrate-meta-layouts":"default","ast-page-background-enabled":"default","ast-page-background-meta":{"desktop":{"background-color":"var(--ast-global-color-4)","background-image":"","background-repeat":"repeat","background-position":"center center","background-size":"auto","background-attachment":"scroll","background-type":"","background-media":"","overlay-type":"","overlay-color":"","overlay-opacity":"","overlay-gradient":""},"tablet":{"background-color":"","background-image":"","background-repeat":"repeat","background-position":"center center","background-size":"auto","background-attachment":"scroll","background-type":"","background-media":"","overlay-type":"","overlay-color":"","overlay-opacity":"","overlay-gradient":""},"mobile":{"background-color":"","background-image":"","background-repeat":"repeat","background-position":"center center","background-size":"auto","background-attachment":"scroll","background-type":"","background-media":"","overlay-type":"","overlay-color":"","overlay-opacity":"","overlay-gradient":""}},"ast-content-background-meta":{"desktop":{"background-color":"var(--ast-global-color-5)","background-image":"","background-repeat":"repeat","background-position":"center center","background-size":"auto","background-attachment":"scroll","background-type":"","background-media":"","overlay-type":"","overlay-color":"","overlay-opacity":"","overlay-gradient":""},"tablet":{"background-color":"var(--ast-global-color-5)","background-image":"","background-repeat":"repeat","background-position":"center center","background-size":"auto","background-attachment":"scroll","background-type":"","background-media":"","overlay-type":"","overlay-color":"","overlay-opacity":"","overlay-gradient":""},"mobile":{"background-color":"var(--ast-global-color-5)","background-image":"","background-repeat":"repeat","background-position":"center center","background-size":"auto","background-attachment":"scroll","background-type":"","background-media":"","overlay-type":"","overlay-color":"","overlay-opacity":"","overlay-gradient":""}}},"product_brand":[1255],"product_cat":[349],"product_tag":[],"class_list":{"0":"post-25903","1":"product","2":"type-product","3":"status-publish","4":"has-post-thumbnail","6":"product_brand-dym","7":"product_cat-iberische-produkte","8":"desktop-align-left","9":"tablet-align-left","10":"mobile-align-left","12":"first","13":"outofstock","14":"taxable","15":"shipping-taxable","16":"purchasable","17":"product-type-simple"},"_links":{"self":[{"href":"https:\/\/andalubox.com\/de\/wp-json\/wp\/v2\/product\/25903","targetHints":{"allow":["GET"]}}],"collection":[{"href":"https:\/\/andalubox.com\/de\/wp-json\/wp\/v2\/product"}],"about":[{"href":"https:\/\/andalubox.com\/de\/wp-json\/wp\/v2\/types\/product"}],"wp:featuredmedia":[{"embeddable":true,"href":"https:\/\/andalubox.com\/de\/wp-json\/wp\/v2\/media\/25897"}],"wp:attachment":[{"href":"https:\/\/andalubox.com\/de\/wp-json\/wp\/v2\/media?parent=25903"}],"wp:term":[{"taxonomy":"product_brand","embeddable":true,"href":"https:\/\/andalubox.com\/de\/wp-json\/wp\/v2\/product_brand?post=25903"},{"taxonomy":"product_cat","embeddable":true,"href":"https:\/\/andalubox.com\/de\/wp-json\/wp\/v2\/product_cat?post=25903"},{"taxonomy":"product_tag","embeddable":true,"href":"https:\/\/andalubox.com\/de\/wp-json\/wp\/v2\/product_tag?post=25903"}],"curies":[{"name":"wp","href":"https:\/\/api.w.org\/{rel}","templated":true}]}}