{"id":25798,"date":"2025-09-08T17:32:52","date_gmt":"2025-09-08T15:32:52","guid":{"rendered":"https:\/\/andalubox.com\/producto-andaluz\/ubago-filets-von-canutera-fregattenthunfisch-in-olivenoel-dose-rr-125\/"},"modified":"2025-11-11T23:42:21","modified_gmt":"2025-11-11T22:42:21","slug":"ubago-filets-von-canutera-fregattenthunfisch-in-olivenoel-dose-rr-125","status":"publish","type":"product","link":"https:\/\/andalubox.com\/de\/producto-andaluz\/ubago-filets-von-canutera-fregattenthunfisch-in-olivenoel-dose-rr-125\/","title":{"rendered":"Ubago Filets von Canutera Fregattenthunfisch in Oliven\u00f6l Dose RR 125"},"content":{"rendered":"<p>Ubago Filetes de Melva Canutera en Oliva tin RR 125. Produziert in M\u00c1LAGA.  MEDITERRANE ERN\u00c4HRUNG.<\/p>\n<p>Die Melva Canutera Filets in Oliven\u00f6l RR-125 von Ubago sind ein hochwertiges Fischkonservenprodukt von Ubago.<\/p>\n<p>Der Fregattenthunfisch ist ein Blauflossenfisch, ein Verwandter des Thunfisches, und wird f\u00fcr seinen hohen Omega-3- und Proteingehalt gesch\u00e4tzt, was ihn zu einer gesunden Wahl f\u00fcr Gerichte wie Salate, Pasta oder Vorspeisen macht.<\/p>\n<p>Geschmeidige Textur und reicher mediterraner Geschmack, verfeinert mit Oliven\u00f6l.<\/p>\n<p>N\u00e4hrwertangaben (pro 100 g abgetropftes Produkt, basierend auf \u00e4hnlichen Produkten von Ubago):<\/p>\n<ul>\n\t<li>Energie: ~185-309 kcal<\/li>\n\t<li>Fett: 8-24 g (ges\u00e4ttigt: 1,4-4 g)<\/li>\n\t<li>Kohlenhydrate: 0-0,5 g (Zucker: 0-0,5 g)<\/li>\n\t<li>Eiwei\u00df: 22-28 g<\/li>\n\t<li>Salz: 0,66-0,9 g<\/li>\n<\/ul>\n<p>Zutaten: Melva (74%), Oliven\u00f6l (25%) und Salz.<\/p>\n<p>Verpackung: Die RR-125 Dose hat ein Nettogewicht von 115 g und ein Abtropfgewicht von 85 g.<\/p>\n<p>Lagerung: An einem k\u00fchlen, trockenen Ort aufbewahren. Nach dem \u00d6ffnen im K\u00fchlschrank aufbewahren und innerhalb von 2 Tagen verbrauchen. <\/p>\n<p>Herkunft: Produziert von Ubago Group Mare S.L., Malaga, Spanien. Fisch von den Kapverden. <\/p>\n<p>&nbsp;<\/p>","protected":false},"excerpt":{"rendered":"<p>Ubago Filetes de Melva Canutera en Oliva tin RR 125. Export nach ALL EUROPE. <\/p>\n","protected":false},"featured_media":25796,"template":"","meta":{"site-sidebar-layout":"default","site-content-layout":"","ast-site-content-layout":"default","site-content-style":"default","site-sidebar-style":"default","ast-global-header-display":"","ast-banner-title-visibility":"","ast-main-header-display":"","ast-hfb-above-header-display":"","ast-hfb-below-header-display":"","ast-hfb-mobile-header-display":"","site-post-title":"","ast-breadcrumbs-content":"","ast-featured-img":"","footer-sml-layout":"","ast-disable-related-posts":"","theme-transparent-header-meta":"default","adv-header-id-meta":"","stick-header-meta":"","header-above-stick-meta":"","header-main-stick-meta":"","header-below-stick-meta":"","astra-migrate-meta-layouts":"default","ast-page-background-enabled":"default","ast-page-background-meta":{"desktop":{"background-color":"var(--ast-global-color-4)","background-image":"","background-repeat":"repeat","background-position":"center center","background-size":"auto","background-attachment":"scroll","background-type":"","background-media":"","overlay-type":"","overlay-color":"","overlay-opacity":"","overlay-gradient":""},"tablet":{"background-color":"","background-image":"","background-repeat":"repeat","background-position":"center center","background-size":"auto","background-attachment":"scroll","background-type":"","background-media":"","overlay-type":"","overlay-color":"","overlay-opacity":"","overlay-gradient":""},"mobile":{"background-color":"","background-image":"","background-repeat":"repeat","background-position":"center center","background-size":"auto","background-attachment":"scroll","background-type":"","background-media":"","overlay-type":"","overlay-color":"","overlay-opacity":"","overlay-gradient":""}},"ast-content-background-meta":{"desktop":{"background-color":"var(--ast-global-color-5)","background-image":"","background-repeat":"repeat","background-position":"center center","background-size":"auto","background-attachment":"scroll","background-type":"","background-media":"","overlay-type":"","overlay-color":"","overlay-opacity":"","overlay-gradient":""},"tablet":{"background-color":"var(--ast-global-color-5)","background-image":"","background-repeat":"repeat","background-position":"center center","background-size":"auto","background-attachment":"scroll","background-type":"","background-media":"","overlay-type":"","overlay-color":"","overlay-opacity":"","overlay-gradient":""},"mobile":{"background-color":"var(--ast-global-color-5)","background-image":"","background-repeat":"repeat","background-position":"center center","background-size":"auto","background-attachment":"scroll","background-type":"","background-media":"","overlay-type":"","overlay-color":"","overlay-opacity":"","overlay-gradient":""}}},"product_brand":[1097],"product_cat":[331],"product_tag":[],"class_list":{"0":"post-25798","1":"product","2":"type-product","3":"status-publish","4":"has-post-thumbnail","6":"product_brand-ubago","7":"product_cat-fregatte-almadraba-thunfisch","8":"desktop-align-left","9":"tablet-align-left","10":"mobile-align-left","12":"first","13":"instock","14":"taxable","15":"shipping-taxable","16":"purchasable","17":"product-type-simple"},"_links":{"self":[{"href":"https:\/\/andalubox.com\/de\/wp-json\/wp\/v2\/product\/25798","targetHints":{"allow":["GET"]}}],"collection":[{"href":"https:\/\/andalubox.com\/de\/wp-json\/wp\/v2\/product"}],"about":[{"href":"https:\/\/andalubox.com\/de\/wp-json\/wp\/v2\/types\/product"}],"wp:featuredmedia":[{"embeddable":true,"href":"https:\/\/andalubox.com\/de\/wp-json\/wp\/v2\/media\/25796"}],"wp:attachment":[{"href":"https:\/\/andalubox.com\/de\/wp-json\/wp\/v2\/media?parent=25798"}],"wp:term":[{"taxonomy":"product_brand","embeddable":true,"href":"https:\/\/andalubox.com\/de\/wp-json\/wp\/v2\/product_brand?post=25798"},{"taxonomy":"product_cat","embeddable":true,"href":"https:\/\/andalubox.com\/de\/wp-json\/wp\/v2\/product_cat?post=25798"},{"taxonomy":"product_tag","embeddable":true,"href":"https:\/\/andalubox.com\/de\/wp-json\/wp\/v2\/product_tag?post=25798"}],"curies":[{"name":"wp","href":"https:\/\/api.w.org\/{rel}","templated":true}]}}