{"id":25740,"date":"2025-09-05T23:23:32","date_gmt":"2025-09-05T21:23:32","guid":{"rendered":"https:\/\/andalubox.com\/producto-andaluz\/el-guiso-kochwein-mit-niedrigem-alkoholgehalt-75-cl\/"},"modified":"2025-09-05T23:23:32","modified_gmt":"2025-09-05T21:23:32","slug":"el-guiso-kochwein-mit-niedrigem-alkoholgehalt-75-cl","status":"publish","type":"product","link":"https:\/\/andalubox.com\/de\/producto-andaluz\/el-guiso-kochwein-mit-niedrigem-alkoholgehalt-75-cl\/","title":{"rendered":"El Guiso Kochwein mit niedrigem Alkoholgehalt 75 Cl"},"content":{"rendered":"<p>El Guiso Vino Cocina Bajo Alcohol 75 Cl. DOP MONTILLA-MORILES. <\/p>\n<p>Guiso Vino Cocina Bajo en Alcohol ist ein Kochwein mit niedrigem Alkoholgehalt (11% vol.), der von Bodegas Rodr\u00edguez Chiachio in Cabra, C\u00f3rdoba, Spanien, innerhalb der DO Montilla-Moriles hergestellt wird.<\/p>\n<p>Es handelt sich um einen 100%igen Pedro Xim\u00e9nez-Wei\u00dfwein, der nach der traditionellen oxidativen Reifemethode von Criaderas y Soleras hergestellt wird. Er ist ideal, um kulinarische Gerichte mit seinem authentischen Aroma und Geschmack zu verfeinern.<\/p>\n<p>N\u00e4hrwertangaben pro 100 ml: 266 kJ (64 kcal), 0 g Fett, 0,15 g Kohlenhydrate (Zucker), 0 g Eiwei\u00df, 0 g Salz, enth\u00e4lt Sulfite. Empfohlen f\u00fcr die traditionelle K\u00fcche und sollte k\u00fchl und nicht gek\u00fchlt aufbewahrt werden. <\/p>","protected":false},"excerpt":{"rendered":"<p>El Guiso Vino Cocina Bajo Alcohol 75 Cl. Wird nach ganz Europa geliefert. <\/p>\n","protected":false},"featured_media":25739,"comment_status":"open","ping_status":"closed","template":"","meta":{"site-sidebar-layout":"default","site-content-layout":"","ast-site-content-layout":"default","site-content-style":"default","site-sidebar-style":"default","ast-global-header-display":"","ast-banner-title-visibility":"","ast-main-header-display":"","ast-hfb-above-header-display":"","ast-hfb-below-header-display":"","ast-hfb-mobile-header-display":"","site-post-title":"","ast-breadcrumbs-content":"","ast-featured-img":"","footer-sml-layout":"","ast-disable-related-posts":"","theme-transparent-header-meta":"default","adv-header-id-meta":"","stick-header-meta":"","header-above-stick-meta":"","header-main-stick-meta":"","header-below-stick-meta":"","astra-migrate-meta-layouts":"default","ast-page-background-enabled":"default","ast-page-background-meta":{"desktop":{"background-color":"var(--ast-global-color-4)","background-image":"","background-repeat":"repeat","background-position":"center center","background-size":"auto","background-attachment":"scroll","background-type":"","background-media":"","overlay-type":"","overlay-color":"","overlay-opacity":"","overlay-gradient":""},"tablet":{"background-color":"","background-image":"","background-repeat":"repeat","background-position":"center center","background-size":"auto","background-attachment":"scroll","background-type":"","background-media":"","overlay-type":"","overlay-color":"","overlay-opacity":"","overlay-gradient":""},"mobile":{"background-color":"","background-image":"","background-repeat":"repeat","background-position":"center center","background-size":"auto","background-attachment":"scroll","background-type":"","background-media":"","overlay-type":"","overlay-color":"","overlay-opacity":"","overlay-gradient":""}},"ast-content-background-meta":{"desktop":{"background-color":"var(--ast-global-color-5)","background-image":"","background-repeat":"repeat","background-position":"center center","background-size":"auto","background-attachment":"scroll","background-type":"","background-media":"","overlay-type":"","overlay-color":"","overlay-opacity":"","overlay-gradient":""},"tablet":{"background-color":"var(--ast-global-color-5)","background-image":"","background-repeat":"repeat","background-position":"center center","background-size":"auto","background-attachment":"scroll","background-type":"","background-media":"","overlay-type":"","overlay-color":"","overlay-opacity":"","overlay-gradient":""},"mobile":{"background-color":"var(--ast-global-color-5)","background-image":"","background-repeat":"repeat","background-position":"center center","background-size":"auto","background-attachment":"scroll","background-type":"","background-media":"","overlay-type":"","overlay-color":"","overlay-opacity":"","overlay-gradient":""}}},"product_brand":[1130],"product_cat":[345],"product_tag":[],"class_list":{"0":"post-25740","1":"product","2":"type-product","3":"status-publish","4":"has-post-thumbnail","6":"product_brand-el-guiso","7":"product_cat-weine-zum-kochen","8":"desktop-align-left","9":"tablet-align-left","10":"mobile-align-left","12":"first","13":"instock","14":"taxable","15":"shipping-taxable","16":"purchasable","17":"product-type-simple"},"_links":{"self":[{"href":"https:\/\/andalubox.com\/de\/wp-json\/wp\/v2\/product\/25740","targetHints":{"allow":["GET"]}}],"collection":[{"href":"https:\/\/andalubox.com\/de\/wp-json\/wp\/v2\/product"}],"about":[{"href":"https:\/\/andalubox.com\/de\/wp-json\/wp\/v2\/types\/product"}],"replies":[{"embeddable":true,"href":"https:\/\/andalubox.com\/de\/wp-json\/wp\/v2\/comments?post=25740"}],"wp:featuredmedia":[{"embeddable":true,"href":"https:\/\/andalubox.com\/de\/wp-json\/wp\/v2\/media\/25739"}],"wp:attachment":[{"href":"https:\/\/andalubox.com\/de\/wp-json\/wp\/v2\/media?parent=25740"}],"wp:term":[{"taxonomy":"product_brand","embeddable":true,"href":"https:\/\/andalubox.com\/de\/wp-json\/wp\/v2\/product_brand?post=25740"},{"taxonomy":"product_cat","embeddable":true,"href":"https:\/\/andalubox.com\/de\/wp-json\/wp\/v2\/product_cat?post=25740"},{"taxonomy":"product_tag","embeddable":true,"href":"https:\/\/andalubox.com\/de\/wp-json\/wp\/v2\/product_tag?post=25740"}],"curies":[{"name":"wp","href":"https:\/\/api.w.org\/{rel}","templated":true}]}}