{"id":25695,"date":"2025-09-02T23:35:35","date_gmt":"2025-09-02T21:35:35","guid":{"rendered":"https:\/\/andalubox.com\/producto-andaluz\/nave-trinidad-manzanilla-de-sanlucar-75-cl\/"},"modified":"2025-09-07T22:26:08","modified_gmt":"2025-09-07T20:26:08","slug":"nave-trinidad-manzanilla-de-sanlucar-75-cl","status":"publish","type":"product","link":"https:\/\/andalubox.com\/de\/producto-andaluz\/nave-trinidad-manzanilla-de-sanlucar-75-cl\/","title":{"rendered":"Nave Trinidad Manzanilla de Sanl\u00facar 75 CL"},"content":{"rendered":"<p>Nave Trinidad Manzanilla de Sanl\u00facar 75 CL.<\/p>\n<p>Nave Trinidad Manzanilla de Sanl\u00facar 75 CL ist ein gespriteter Wein, der von Bodegas Barbadillo in der D.O. Manzanilla-Sanl\u00facar de Barrameda hergestellt wird. Es handelt sich um einen Manzanilla en rama (ungefiltert) mit einer durchschnittlichen biologischen Reifung von etwa 4 Jahren unter Flor-Schleier in der Kellerei Trinidad de El Toro. Er wird aus 100% Palomino Fino-Trauben von Albariza-B\u00f6den hergestellt und soll eine Einf\u00fchrung in die hochwertige und zug\u00e4ngliche Manzanilla sein, die Frische mit der charakteristischen Komplexit\u00e4t des biologischen Ausbaus verbindet.  <\/p>\n<ul>\n\t<li>Merkmale: Aussehen: Helles Goldgelb.<\/li>\n\t<li>Nase: Intensiv und scharf, mit Aromen von gr\u00fcnem Apfel, Trockenfr\u00fcchten, Ebbe und Flut, reduzierten Hefen, Acetaldehyd und einem Hauch von Fenchel und Esparto.<\/li>\n\t<li>Gaumen: Frisch, weich und geschmeidig, mit einem salzigen, trockenen und schmackhaften Profil. Er hat einen milchigen Hintergrund, einen Nachgeschmack von Trockenfr\u00fcchten und einen ausgewogenen und eleganten Abgang. Er wird als reichhaltig, lebendig und anregend f\u00fcr seine Jugend beschrieben.  <\/li>\n\t<li>Alkoholgehalt: 15 % vol.<\/li>\n<\/ul>\n<p>Gastronomische Kombinationen: Ideal zu Meeresfr\u00fcchten, gebratenem Fisch, japanischer K\u00fcche und Vorspeisen. Empfohlene Serviertemperatur: 7-10 \u00b0C. <\/p>\n<p>Hintergrund: Benannt nach der Trinidad, einem der Schiffe der Magellan-Expedition von 1519, die von Sanl\u00facar de Barrameda aus segelte und an der ersten Weltumsegelung teilnahm.<\/p>\n<p>Hergestellt in einer neuen Solera aus 36 F\u00e4ssern in der Weinkellerei El Toro, die 1821 von Benigno Barbadillo gegr\u00fcndet wurde. Der Wein wird direkt am Weinstock abgef\u00fcllt, um seine Authentizit\u00e4t zu bewahren, ohne Filtration oder Sch\u00f6nung. <\/p>","protected":false},"excerpt":{"rendered":"<p>Nave Trinidad Manzanilla de Sanl\u00facar 75 CL, Sendungen nach ganz Europa.<\/p>\n","protected":false},"featured_media":31052,"comment_status":"open","ping_status":"closed","template":"","meta":{"site-sidebar-layout":"default","site-content-layout":"","ast-site-content-layout":"default","site-content-style":"default","site-sidebar-style":"default","ast-global-header-display":"","ast-banner-title-visibility":"","ast-main-header-display":"","ast-hfb-above-header-display":"","ast-hfb-below-header-display":"","ast-hfb-mobile-header-display":"","site-post-title":"","ast-breadcrumbs-content":"","ast-featured-img":"","footer-sml-layout":"","ast-disable-related-posts":"","theme-transparent-header-meta":"default","adv-header-id-meta":"","stick-header-meta":"","header-above-stick-meta":"","header-main-stick-meta":"","header-below-stick-meta":"","astra-migrate-meta-layouts":"default","ast-page-background-enabled":"default","ast-page-background-meta":{"desktop":{"background-color":"var(--ast-global-color-4)","background-image":"","background-repeat":"repeat","background-position":"center center","background-size":"auto","background-attachment":"scroll","background-type":"","background-media":"","overlay-type":"","overlay-color":"","overlay-opacity":"","overlay-gradient":""},"tablet":{"background-color":"","background-image":"","background-repeat":"repeat","background-position":"center center","background-size":"auto","background-attachment":"scroll","background-type":"","background-media":"","overlay-type":"","overlay-color":"","overlay-opacity":"","overlay-gradient":""},"mobile":{"background-color":"","background-image":"","background-repeat":"repeat","background-position":"center center","background-size":"auto","background-attachment":"scroll","background-type":"","background-media":"","overlay-type":"","overlay-color":"","overlay-opacity":"","overlay-gradient":""}},"ast-content-background-meta":{"desktop":{"background-color":"var(--ast-global-color-5)","background-image":"","background-repeat":"repeat","background-position":"center center","background-size":"auto","background-attachment":"scroll","background-type":"","background-media":"","overlay-type":"","overlay-color":"","overlay-opacity":"","overlay-gradient":""},"tablet":{"background-color":"var(--ast-global-color-5)","background-image":"","background-repeat":"repeat","background-position":"center center","background-size":"auto","background-attachment":"scroll","background-type":"","background-media":"","overlay-type":"","overlay-color":"","overlay-opacity":"","overlay-gradient":""},"mobile":{"background-color":"var(--ast-global-color-5)","background-image":"","background-repeat":"repeat","background-position":"center center","background-size":"auto","background-attachment":"scroll","background-type":"","background-media":"","overlay-type":"","overlay-color":"","overlay-opacity":"","overlay-gradient":""}}},"product_brand":[1250],"product_cat":[],"product_tag":[],"class_list":{"0":"post-25695","1":"product","2":"type-product","3":"status-publish","4":"has-post-thumbnail","6":"product_brand-nave-trinidad","7":"desktop-align-left","8":"tablet-align-left","9":"mobile-align-left","11":"first","12":"instock","13":"taxable","14":"shipping-taxable","15":"purchasable","16":"product-type-simple"},"_links":{"self":[{"href":"https:\/\/andalubox.com\/de\/wp-json\/wp\/v2\/product\/25695","targetHints":{"allow":["GET"]}}],"collection":[{"href":"https:\/\/andalubox.com\/de\/wp-json\/wp\/v2\/product"}],"about":[{"href":"https:\/\/andalubox.com\/de\/wp-json\/wp\/v2\/types\/product"}],"replies":[{"embeddable":true,"href":"https:\/\/andalubox.com\/de\/wp-json\/wp\/v2\/comments?post=25695"}],"wp:featuredmedia":[{"embeddable":true,"href":"https:\/\/andalubox.com\/de\/wp-json\/wp\/v2\/media\/31052"}],"wp:attachment":[{"href":"https:\/\/andalubox.com\/de\/wp-json\/wp\/v2\/media?parent=25695"}],"wp:term":[{"taxonomy":"product_brand","embeddable":true,"href":"https:\/\/andalubox.com\/de\/wp-json\/wp\/v2\/product_brand?post=25695"},{"taxonomy":"product_cat","embeddable":true,"href":"https:\/\/andalubox.com\/de\/wp-json\/wp\/v2\/product_cat?post=25695"},{"taxonomy":"product_tag","embeddable":true,"href":"https:\/\/andalubox.com\/de\/wp-json\/wp\/v2\/product_tag?post=25695"}],"curies":[{"name":"wp","href":"https:\/\/api.w.org\/{rel}","templated":true}]}}