{"id":25663,"date":"2025-09-02T23:20:08","date_gmt":"2025-09-02T21:20:08","guid":{"rendered":"https:\/\/andalubox.com\/producto-andaluz\/arboledilla-manzanilla-poniente-75-cl\/"},"modified":"2025-09-07T22:26:35","modified_gmt":"2025-09-07T20:26:35","slug":"arboledilla-manzanilla-poniente-75-cl","status":"publish","type":"product","link":"https:\/\/andalubox.com\/de\/producto-andaluz\/arboledilla-manzanilla-poniente-75-cl\/","title":{"rendered":"Arboledilla Manzanilla Poniente 75 Cl"},"content":{"rendered":"<p>Arboledilla Manzanilla Poniente 75 Cl.<\/p>\n<p>Arboledilla Manzanilla Poniente 75 Cl. Beschreibung:<br>Barbadillo Manzanilla Arboledilla Poniente ist ein gespriteter Wein aus 100% Palomino Fino Trauben unter der D.O. Manzanilla-Sanl\u00facar de Barrameda. Es handelt sich um eine Manzanilla Pasada en Rama, die 5-6 Jahre lang ungefiltert unter einem Flor-Schleier im westlichen Teil der Bodega Arboledilla de Barbadillo mit Blick auf das Meer reift. Diese Lage, die durch den k\u00fchlen und feuchten Poniente-Wind beeinflusst wird, verleiht ihm ein frischeres und eleganteres Profil als seinem Gegenst\u00fcck, dem Arboledilla Levante. Der Wein zeichnet sich durch seine leuchtend gelbe Farbe, seine salzige und durchdringende Nase mit Aromen von Espartogras, Anis und Hefe und seinen trockenen, schmackhaften und anhaltenden Geschmack aus. Er wird ungefiltert abgef\u00fcllt, um seine urspr\u00fcnglichen Qualit\u00e4ten zu bewahren.    <\/p>\n<p>Bewertungen:<\/p>\n<ul>\n\t<li>Verkostungsnotiz: Er wird als kraftvoll und konzentriert beschrieben, mit einer leuchtend gelben Farbe, intensiven salzigen Aromen und einem trockenen, eleganten und anhaltenden Gaumen. Er ist frischer und feiner als der Arboledilla Levante, was den Einfluss der maritimen Ausrichtung des Weinguts widerspiegelt. <\/li>\n\t<li>Expertenmeinung: Der Weinkritiker Luis Guti\u00e9rrez hebt den einzigartigen Kontrast zwischen Poniente und Levante hervor, der auf die 180 Meter L\u00e4nge der Bodega zur\u00fcckzuf\u00fchren ist, wobei Poniente von der Meeresbrise profitiert, was ihm einen feineren Charakter verleiht.<\/li>\n\t<li>Gastronomische Kombinationen: Ideal zu Garnelen, Schinken, Meeresfr\u00fcchten, milden K\u00e4sesorten, Salaten, Reisgerichten oder s\u00e4urehaltigen\/weinhaltigen Speisen.<\/li>\n<\/ul>","protected":false},"excerpt":{"rendered":"<p>Arboledilla Manzanilla Poniente 75 Cl f\u00fcr Export nach ganz Europa.<\/p>\n","protected":false},"featured_media":30955,"comment_status":"open","ping_status":"closed","template":"","meta":{"site-sidebar-layout":"default","site-content-layout":"","ast-site-content-layout":"default","site-content-style":"default","site-sidebar-style":"default","ast-global-header-display":"","ast-banner-title-visibility":"","ast-main-header-display":"","ast-hfb-above-header-display":"","ast-hfb-below-header-display":"","ast-hfb-mobile-header-display":"","site-post-title":"","ast-breadcrumbs-content":"","ast-featured-img":"","footer-sml-layout":"","ast-disable-related-posts":"","theme-transparent-header-meta":"default","adv-header-id-meta":"","stick-header-meta":"","header-above-stick-meta":"","header-main-stick-meta":"","header-below-stick-meta":"","astra-migrate-meta-layouts":"default","ast-page-background-enabled":"default","ast-page-background-meta":{"desktop":{"background-color":"var(--ast-global-color-4)","background-image":"","background-repeat":"repeat","background-position":"center center","background-size":"auto","background-attachment":"scroll","background-type":"","background-media":"","overlay-type":"","overlay-color":"","overlay-opacity":"","overlay-gradient":""},"tablet":{"background-color":"","background-image":"","background-repeat":"repeat","background-position":"center center","background-size":"auto","background-attachment":"scroll","background-type":"","background-media":"","overlay-type":"","overlay-color":"","overlay-opacity":"","overlay-gradient":""},"mobile":{"background-color":"","background-image":"","background-repeat":"repeat","background-position":"center center","background-size":"auto","background-attachment":"scroll","background-type":"","background-media":"","overlay-type":"","overlay-color":"","overlay-opacity":"","overlay-gradient":""}},"ast-content-background-meta":{"desktop":{"background-color":"var(--ast-global-color-5)","background-image":"","background-repeat":"repeat","background-position":"center center","background-size":"auto","background-attachment":"scroll","background-type":"","background-media":"","overlay-type":"","overlay-color":"","overlay-opacity":"","overlay-gradient":""},"tablet":{"background-color":"var(--ast-global-color-5)","background-image":"","background-repeat":"repeat","background-position":"center center","background-size":"auto","background-attachment":"scroll","background-type":"","background-media":"","overlay-type":"","overlay-color":"","overlay-opacity":"","overlay-gradient":""},"mobile":{"background-color":"var(--ast-global-color-5)","background-image":"","background-repeat":"repeat","background-position":"center center","background-size":"auto","background-attachment":"scroll","background-type":"","background-media":"","overlay-type":"","overlay-color":"","overlay-opacity":"","overlay-gradient":""}}},"product_brand":[1249],"product_cat":[1211],"product_tag":[],"class_list":{"0":"post-25663","1":"product","2":"type-product","3":"status-publish","4":"has-post-thumbnail","6":"product_brand-arboledilla","7":"product_cat-generosos","8":"desktop-align-left","9":"tablet-align-left","10":"mobile-align-left","12":"first","13":"instock","14":"taxable","15":"shipping-taxable","16":"purchasable","17":"product-type-simple"},"_links":{"self":[{"href":"https:\/\/andalubox.com\/de\/wp-json\/wp\/v2\/product\/25663","targetHints":{"allow":["GET"]}}],"collection":[{"href":"https:\/\/andalubox.com\/de\/wp-json\/wp\/v2\/product"}],"about":[{"href":"https:\/\/andalubox.com\/de\/wp-json\/wp\/v2\/types\/product"}],"replies":[{"embeddable":true,"href":"https:\/\/andalubox.com\/de\/wp-json\/wp\/v2\/comments?post=25663"}],"wp:featuredmedia":[{"embeddable":true,"href":"https:\/\/andalubox.com\/de\/wp-json\/wp\/v2\/media\/30955"}],"wp:attachment":[{"href":"https:\/\/andalubox.com\/de\/wp-json\/wp\/v2\/media?parent=25663"}],"wp:term":[{"taxonomy":"product_brand","embeddable":true,"href":"https:\/\/andalubox.com\/de\/wp-json\/wp\/v2\/product_brand?post=25663"},{"taxonomy":"product_cat","embeddable":true,"href":"https:\/\/andalubox.com\/de\/wp-json\/wp\/v2\/product_cat?post=25663"},{"taxonomy":"product_tag","embeddable":true,"href":"https:\/\/andalubox.com\/de\/wp-json\/wp\/v2\/product_tag?post=25663"}],"curies":[{"name":"wp","href":"https:\/\/api.w.org\/{rel}","templated":true}]}}