{"id":25587,"date":"2025-09-02T21:30:52","date_gmt":"2025-09-02T19:30:52","guid":{"rendered":"https:\/\/andalubox.com\/producto-andaluz\/honoro-vera-grenache-75-cl\/"},"modified":"2025-09-02T21:30:52","modified_gmt":"2025-09-02T19:30:52","slug":"honoro-vera-grenache-75-cl","status":"publish","type":"product","link":"https:\/\/andalubox.com\/de\/producto-andaluz\/honoro-vera-grenache-75-cl\/","title":{"rendered":"Honoro Vera Grenache 75 CL"},"content":{"rendered":"<p>Honoro Vera Garnacha 75 CL.<\/p>\n<p>Honoro Vera Garnacha ist ein junger Rotwein von Bodegas Ateca, Teil von Gil Family Estates, hergestellt in der D.O. Calatayud, Arag\u00f3n, Spanien.<\/p>\n<p>Er wird aus 100% Garnacha (Grenache) Trauben von alten, ertragsarmen Rebst\u00f6cken hergestellt, die auf Schiefer- und Lehmb\u00f6den in gro\u00dfer H\u00f6he (700-1000 Meter) wachsen. Der Wein g\u00e4rt 15 Tage lang bei 25 \u00b0C in Edelstahl und reift kurzzeitig f\u00fcr 2 Monate in franz\u00f6sischen Eichenf\u00e4ssern, was ihn f\u00fcr Veganer geeignet macht. <\/p>\n<p>Merkmale:<\/p>\n<ul>\n\t<li>Aussehen: Intensive dunkle Kirschfarbe mit violettem oder hellrotem Rand.<\/li>\n\t<li>Aroma: Frisch und intensiv mit Noten von reifen roten Fr\u00fcchten (Erdbeeren, Kirschen, Himbeeren, roten Johannisbeeren), Balsamico, Mineralien und Gew\u00fcrzen.<\/li>\n\t<li>Geschmack: Fruchtig, frisch und vollmundig, mit weichen, angenehmen Tanninen und einem w\u00fcrzigen, pikanten Abgang. Einige beschreiben ihn als fl\u00fcssig und leicht, andere als kraftvoll mit ausgewogener S\u00e4ure. <\/li>\n\t<li>Alkoholgehalt: 14-14,5 % vol.<\/li>\n\t<li>Serviertemperatur: 15-17 \u00b0C.<\/li>\n\t<li>Idealer Verbrauch: 2-3 Jahre nach der Weinlese.<\/li>\n<\/ul>\n<p>Bemerkenswerte Auszeichnungen: Wurde beim Oscar-Dinner 2013 serviert.<br>Angeblich ein Favorit von Ridley Scott und Denzel Washington.<\/p>","protected":false},"excerpt":{"rendered":"<p>Honoro Vera Garnacha 75 CL. F\u00fcr den Export nach ganz Europa. <\/p>\n","protected":false},"featured_media":31156,"comment_status":"open","ping_status":"closed","template":"","meta":{"site-sidebar-layout":"default","site-content-layout":"","ast-site-content-layout":"default","site-content-style":"default","site-sidebar-style":"default","ast-global-header-display":"","ast-banner-title-visibility":"","ast-main-header-display":"","ast-hfb-above-header-display":"","ast-hfb-below-header-display":"","ast-hfb-mobile-header-display":"","site-post-title":"","ast-breadcrumbs-content":"","ast-featured-img":"","footer-sml-layout":"","ast-disable-related-posts":"","theme-transparent-header-meta":"default","adv-header-id-meta":"","stick-header-meta":"","header-above-stick-meta":"","header-main-stick-meta":"","header-below-stick-meta":"","astra-migrate-meta-layouts":"default","ast-page-background-enabled":"default","ast-page-background-meta":{"desktop":{"background-color":"var(--ast-global-color-4)","background-image":"","background-repeat":"repeat","background-position":"center center","background-size":"auto","background-attachment":"scroll","background-type":"","background-media":"","overlay-type":"","overlay-color":"","overlay-opacity":"","overlay-gradient":""},"tablet":{"background-color":"","background-image":"","background-repeat":"repeat","background-position":"center center","background-size":"auto","background-attachment":"scroll","background-type":"","background-media":"","overlay-type":"","overlay-color":"","overlay-opacity":"","overlay-gradient":""},"mobile":{"background-color":"","background-image":"","background-repeat":"repeat","background-position":"center center","background-size":"auto","background-attachment":"scroll","background-type":"","background-media":"","overlay-type":"","overlay-color":"","overlay-opacity":"","overlay-gradient":""}},"ast-content-background-meta":{"desktop":{"background-color":"var(--ast-global-color-5)","background-image":"","background-repeat":"repeat","background-position":"center center","background-size":"auto","background-attachment":"scroll","background-type":"","background-media":"","overlay-type":"","overlay-color":"","overlay-opacity":"","overlay-gradient":""},"tablet":{"background-color":"var(--ast-global-color-5)","background-image":"","background-repeat":"repeat","background-position":"center center","background-size":"auto","background-attachment":"scroll","background-type":"","background-media":"","overlay-type":"","overlay-color":"","overlay-opacity":"","overlay-gradient":""},"mobile":{"background-color":"var(--ast-global-color-5)","background-image":"","background-repeat":"repeat","background-position":"center center","background-size":"auto","background-attachment":"scroll","background-type":"","background-media":"","overlay-type":"","overlay-color":"","overlay-opacity":"","overlay-gradient":""}}},"product_brand":[1246],"product_cat":[343],"product_tag":[],"class_list":{"0":"post-25587","1":"product","2":"type-product","3":"status-publish","4":"has-post-thumbnail","6":"product_brand-honoro-vera","7":"product_cat-rotwein","8":"desktop-align-left","9":"tablet-align-left","10":"mobile-align-left","12":"first","13":"instock","14":"taxable","15":"shipping-taxable","16":"purchasable","17":"product-type-simple"},"_links":{"self":[{"href":"https:\/\/andalubox.com\/de\/wp-json\/wp\/v2\/product\/25587","targetHints":{"allow":["GET"]}}],"collection":[{"href":"https:\/\/andalubox.com\/de\/wp-json\/wp\/v2\/product"}],"about":[{"href":"https:\/\/andalubox.com\/de\/wp-json\/wp\/v2\/types\/product"}],"replies":[{"embeddable":true,"href":"https:\/\/andalubox.com\/de\/wp-json\/wp\/v2\/comments?post=25587"}],"wp:featuredmedia":[{"embeddable":true,"href":"https:\/\/andalubox.com\/de\/wp-json\/wp\/v2\/media\/31156"}],"wp:attachment":[{"href":"https:\/\/andalubox.com\/de\/wp-json\/wp\/v2\/media?parent=25587"}],"wp:term":[{"taxonomy":"product_brand","embeddable":true,"href":"https:\/\/andalubox.com\/de\/wp-json\/wp\/v2\/product_brand?post=25587"},{"taxonomy":"product_cat","embeddable":true,"href":"https:\/\/andalubox.com\/de\/wp-json\/wp\/v2\/product_cat?post=25587"},{"taxonomy":"product_tag","embeddable":true,"href":"https:\/\/andalubox.com\/de\/wp-json\/wp\/v2\/product_tag?post=25587"}],"curies":[{"name":"wp","href":"https:\/\/api.w.org\/{rel}","templated":true}]}}