{"id":25555,"date":"2025-08-28T19:24:50","date_gmt":"2025-08-28T17:24:50","guid":{"rendered":"https:\/\/andalubox.com\/producto-andaluz\/adriano-hojiblanca-natives-olivenoel-extra-500-ml\/"},"modified":"2025-09-07T22:27:49","modified_gmt":"2025-09-07T20:27:49","slug":"adriano-hojiblanca-natives-olivenoel-extra-500-ml","status":"publish","type":"product","link":"https:\/\/andalubox.com\/de\/producto-andaluz\/adriano-hojiblanca-natives-olivenoel-extra-500-ml\/","title":{"rendered":"Adriano Hojiblanca Natives Oliven\u00f6l Extra 500 Ml"},"content":{"rendered":"<p>Adriano Hojiblanca Natives Oliven\u00f6l Extra 500 Ml. UNFILTERT. GLASFLASCHE.  <\/p>\n<p>Oliven\u00f6l der h\u00f6chsten Kategorie, das direkt aus Oliven und nur durch mechanische Verfahren gewonnen wird.<\/p>\n<p>Dieses fl\u00fcssige Gold, das wertvollste des R\u00f6mischen Reiches, wird auf L\u00e4ndereien zwischen den sevillanischen St\u00e4dten El Saucejo und Osuna hergestellt, die beide f\u00fcr ihre r\u00f6mische Vergangenheit bekannt sind. Der Name stammt von Publius Elius Hadrian, dem zweiten Hispaniolus, dem r\u00f6mischen Kaiser. Er wurde am 24. Januar 76 n. Chr. in Italica, in der Provinz Sevilla, geboren.  <\/p>\n<p>Die Hauptunterschiede zwischen Hojiblanca- und Picual-Oliven\u00f6l liegen in den organoleptischen Eigenschaften, der Zusammensetzung, der Verwendung und den Anbaugebieten, da sie von verschiedenen Olivensorten stammen.<\/p>\n<h1>Hojiblanca:<\/h1>\n<ul>\n\t<li>Geschmack: Mild, mit einer Balance zwischen s\u00fc\u00df, bitter und w\u00fcrzig. Er hat fruchtige Noten von frischem Gras, Apfel oder Mandel. <\/li>\n\t<li>Aroma: Frisch, mit pflanzlichen und fruchtigen Nuancen.<\/li>\n\t<li>Juckreiz und Bitterkeit: M\u00e4\u00dfig, weniger intensiv als Picual.<\/li>\n\t<li>Textur: Leichter und fl\u00fcssiger.<\/li>\n<\/ul>\n<h1>Picual:<\/h1>\n<ul>\n\t<li>Geschmack: Intensiv, mit einer ausgepr\u00e4gteren bitteren und w\u00fcrzigen Note. Kann Noten von Tomate, Feige oder frisch geschnittenem Gras aufweisen. <\/li>\n\t<li>Aroma: Kraftvoll, mit einem robusten und fruchtigen gr\u00fcnen Charakter.<\/li>\n\t<li>Juckreiz und Bitterkeit: St\u00e4rker ausgepr\u00e4gt, insbesondere Halsjucken.<\/li>\n\t<li>Textur: Dichter und cremiger.<\/li>\n<\/ul>\n<p>&nbsp;<\/p>","protected":false},"excerpt":{"rendered":"<p>Adriano Hojiblanca Natives Oliven\u00f6l Extra 500 Ml. UNFILTERT. Glasflasche 500 ml.  <\/p>\n<p>Auf dem Weg nach ganz Europa. R\u00f6misches Erbe in Sevilla. <\/p>\n","protected":false},"featured_media":30571,"comment_status":"open","ping_status":"closed","template":"","meta":{"site-sidebar-layout":"default","site-content-layout":"","ast-site-content-layout":"default","site-content-style":"default","site-sidebar-style":"default","ast-global-header-display":"","ast-banner-title-visibility":"","ast-main-header-display":"","ast-hfb-above-header-display":"","ast-hfb-below-header-display":"","ast-hfb-mobile-header-display":"","site-post-title":"","ast-breadcrumbs-content":"","ast-featured-img":"","footer-sml-layout":"","ast-disable-related-posts":"","theme-transparent-header-meta":"default","adv-header-id-meta":"","stick-header-meta":"","header-above-stick-meta":"","header-main-stick-meta":"","header-below-stick-meta":"","astra-migrate-meta-layouts":"default","ast-page-background-enabled":"default","ast-page-background-meta":{"desktop":{"background-color":"var(--ast-global-color-4)","background-image":"","background-repeat":"repeat","background-position":"center center","background-size":"auto","background-attachment":"scroll","background-type":"","background-media":"","overlay-type":"","overlay-color":"","overlay-opacity":"","overlay-gradient":""},"tablet":{"background-color":"","background-image":"","background-repeat":"repeat","background-position":"center center","background-size":"auto","background-attachment":"scroll","background-type":"","background-media":"","overlay-type":"","overlay-color":"","overlay-opacity":"","overlay-gradient":""},"mobile":{"background-color":"","background-image":"","background-repeat":"repeat","background-position":"center center","background-size":"auto","background-attachment":"scroll","background-type":"","background-media":"","overlay-type":"","overlay-color":"","overlay-opacity":"","overlay-gradient":""}},"ast-content-background-meta":{"desktop":{"background-color":"var(--ast-global-color-5)","background-image":"","background-repeat":"repeat","background-position":"center center","background-size":"auto","background-attachment":"scroll","background-type":"","background-media":"","overlay-type":"","overlay-color":"","overlay-opacity":"","overlay-gradient":""},"tablet":{"background-color":"var(--ast-global-color-5)","background-image":"","background-repeat":"repeat","background-position":"center center","background-size":"auto","background-attachment":"scroll","background-type":"","background-media":"","overlay-type":"","overlay-color":"","overlay-opacity":"","overlay-gradient":""},"mobile":{"background-color":"var(--ast-global-color-5)","background-image":"","background-repeat":"repeat","background-position":"center center","background-size":"auto","background-attachment":"scroll","background-type":"","background-media":"","overlay-type":"","overlay-color":"","overlay-opacity":"","overlay-gradient":""}}},"product_brand":[1232],"product_cat":[354,359,358,385],"product_tag":[],"class_list":{"0":"post-25555","1":"product","2":"type-product","3":"status-publish","4":"has-post-thumbnail","6":"product_brand-adriano","7":"product_cat-andalusisches-ol","8":"product_cat-meistverkaufte-produkte","9":"product_cat-nachrichten","10":"product_cat-produkte-der-woche","11":"desktop-align-left","12":"tablet-align-left","13":"mobile-align-left","15":"first","16":"instock","17":"taxable","18":"shipping-taxable","19":"purchasable","20":"product-type-simple"},"_links":{"self":[{"href":"https:\/\/andalubox.com\/de\/wp-json\/wp\/v2\/product\/25555","targetHints":{"allow":["GET"]}}],"collection":[{"href":"https:\/\/andalubox.com\/de\/wp-json\/wp\/v2\/product"}],"about":[{"href":"https:\/\/andalubox.com\/de\/wp-json\/wp\/v2\/types\/product"}],"replies":[{"embeddable":true,"href":"https:\/\/andalubox.com\/de\/wp-json\/wp\/v2\/comments?post=25555"}],"wp:featuredmedia":[{"embeddable":true,"href":"https:\/\/andalubox.com\/de\/wp-json\/wp\/v2\/media\/30571"}],"wp:attachment":[{"href":"https:\/\/andalubox.com\/de\/wp-json\/wp\/v2\/media?parent=25555"}],"wp:term":[{"taxonomy":"product_brand","embeddable":true,"href":"https:\/\/andalubox.com\/de\/wp-json\/wp\/v2\/product_brand?post=25555"},{"taxonomy":"product_cat","embeddable":true,"href":"https:\/\/andalubox.com\/de\/wp-json\/wp\/v2\/product_cat?post=25555"},{"taxonomy":"product_tag","embeddable":true,"href":"https:\/\/andalubox.com\/de\/wp-json\/wp\/v2\/product_tag?post=25555"}],"curies":[{"name":"wp","href":"https:\/\/api.w.org\/{rel}","templated":true}]}}