{"id":25515,"date":"2025-08-28T12:18:58","date_gmt":"2025-08-28T10:18:58","guid":{"rendered":"https:\/\/andalubox.com\/producto-andaluz\/nesquik-banane-banane-350-gr\/"},"modified":"2025-08-28T12:18:58","modified_gmt":"2025-08-28T10:18:58","slug":"nesquik-banane-banane-350-gr","status":"publish","type":"product","link":"https:\/\/andalubox.com\/de\/producto-andaluz\/nesquik-banane-banane-350-gr\/","title":{"rendered":"Nesquik Banane Banane 350 Gr"},"content":{"rendered":"<p>Nesquik Banane Banane 350 Gr.<\/p>\n<p>Mit seinem fruchtigen, s\u00fc\u00dfen und cremigen Geschmack verwandelt Nesquik Milk Mix Banane Milch im Handumdrehen in ein k\u00f6stliches Bananengetr\u00e4nk. Das feine Pulver l\u00f6st sich schnell auf und sorgt f\u00fcr eine einheitliche gelbe Farbe und den typischen milden Bananengeschmack. Ob hei\u00df oder kalt, das Getr\u00e4nk bietet einen weichen und ausgewogenen Geschmack, der besonders bei Kindern beliebt ist. Ideal zum Fr\u00fchst\u00fcck, f\u00fcr die Pause oder als schneller Snack zwischendurch.   <\/p>\n<p>Zutaten:<\/p>\n<p>Zutaten: Zucker, l\u00f6sliche Maisfasern, Glukosesirup, nat\u00fcrliches Aroma, Farbstoff (Karotin).<br>Hier finden Sie weitere Informationen zu diesem Produkt, die vom Hersteller zur Verf\u00fcgung gestellt werden.<\/p>\n<p>Hinweise zur Aufbewahrung und Verwendung : Trocken lagern. Vor Hitze sch\u00fctzen.<br>Verkaufsbezeichnung : Getr\u00e4nkepulver mit Bananengeschmack. <\/p>\n<p>N\u00e4hrwert pro 100g:<\/p>\n<ul>\n\t<li>Fett: 0,50 Fett,<\/li>\n\t<li>davon ges\u00e4ttigt: 0,50<\/li>\n\t<li>Kohlenhydrate: 86,00<\/li>\n\t<li>Kohlenhydrate, davon Zucker: 82,00<\/li>\n\t<li>Fasern: 13.10<\/li>\n\t<li>Eiwei\u00df: 0,50<\/li>\n\t<li>Salz: 0,02<\/li>\n\t<li>Energie: 370,00<\/li>\n\t<li>Kilokalorien (kcal) Energie: 1.568,00  <\/li>\n<\/ul>","protected":false},"excerpt":{"rendered":"<p>Entdecken Sie das neue Nesquik Banana Banane 350 Gr. Lieferungen nach ganz Europa. <\/p>\n","protected":false},"featured_media":25514,"comment_status":"open","ping_status":"closed","template":"","meta":{"site-sidebar-layout":"default","site-content-layout":"","ast-site-content-layout":"default","site-content-style":"default","site-sidebar-style":"default","ast-global-header-display":"","ast-banner-title-visibility":"","ast-main-header-display":"","ast-hfb-above-header-display":"","ast-hfb-below-header-display":"","ast-hfb-mobile-header-display":"","site-post-title":"","ast-breadcrumbs-content":"","ast-featured-img":"","footer-sml-layout":"","ast-disable-related-posts":"","theme-transparent-header-meta":"default","adv-header-id-meta":"","stick-header-meta":"","header-above-stick-meta":"","header-main-stick-meta":"","header-below-stick-meta":"","astra-migrate-meta-layouts":"default","ast-page-background-enabled":"default","ast-page-background-meta":{"desktop":{"background-color":"var(--ast-global-color-4)","background-image":"","background-repeat":"repeat","background-position":"center center","background-size":"auto","background-attachment":"scroll","background-type":"","background-media":"","overlay-type":"","overlay-color":"","overlay-opacity":"","overlay-gradient":""},"tablet":{"background-color":"","background-image":"","background-repeat":"repeat","background-position":"center center","background-size":"auto","background-attachment":"scroll","background-type":"","background-media":"","overlay-type":"","overlay-color":"","overlay-opacity":"","overlay-gradient":""},"mobile":{"background-color":"","background-image":"","background-repeat":"repeat","background-position":"center center","background-size":"auto","background-attachment":"scroll","background-type":"","background-media":"","overlay-type":"","overlay-color":"","overlay-opacity":"","overlay-gradient":""}},"ast-content-background-meta":{"desktop":{"background-color":"var(--ast-global-color-5)","background-image":"","background-repeat":"repeat","background-position":"center center","background-size":"auto","background-attachment":"scroll","background-type":"","background-media":"","overlay-type":"","overlay-color":"","overlay-opacity":"","overlay-gradient":""},"tablet":{"background-color":"var(--ast-global-color-5)","background-image":"","background-repeat":"repeat","background-position":"center center","background-size":"auto","background-attachment":"scroll","background-type":"","background-media":"","overlay-type":"","overlay-color":"","overlay-opacity":"","overlay-gradient":""},"mobile":{"background-color":"var(--ast-global-color-5)","background-image":"","background-repeat":"repeat","background-position":"center center","background-size":"auto","background-attachment":"scroll","background-type":"","background-media":"","overlay-type":"","overlay-color":"","overlay-opacity":"","overlay-gradient":""}}},"product_brand":[1245],"product_cat":[368],"product_tag":[],"class_list":{"0":"post-25515","1":"product","2":"type-product","3":"status-publish","4":"has-post-thumbnail","6":"product_brand-nesquik","7":"product_cat-getreide","8":"desktop-align-left","9":"tablet-align-left","10":"mobile-align-left","12":"first","13":"instock","14":"taxable","15":"shipping-taxable","16":"purchasable","17":"product-type-simple"},"_links":{"self":[{"href":"https:\/\/andalubox.com\/de\/wp-json\/wp\/v2\/product\/25515","targetHints":{"allow":["GET"]}}],"collection":[{"href":"https:\/\/andalubox.com\/de\/wp-json\/wp\/v2\/product"}],"about":[{"href":"https:\/\/andalubox.com\/de\/wp-json\/wp\/v2\/types\/product"}],"replies":[{"embeddable":true,"href":"https:\/\/andalubox.com\/de\/wp-json\/wp\/v2\/comments?post=25515"}],"wp:featuredmedia":[{"embeddable":true,"href":"https:\/\/andalubox.com\/de\/wp-json\/wp\/v2\/media\/25514"}],"wp:attachment":[{"href":"https:\/\/andalubox.com\/de\/wp-json\/wp\/v2\/media?parent=25515"}],"wp:term":[{"taxonomy":"product_brand","embeddable":true,"href":"https:\/\/andalubox.com\/de\/wp-json\/wp\/v2\/product_brand?post=25515"},{"taxonomy":"product_cat","embeddable":true,"href":"https:\/\/andalubox.com\/de\/wp-json\/wp\/v2\/product_cat?post=25515"},{"taxonomy":"product_tag","embeddable":true,"href":"https:\/\/andalubox.com\/de\/wp-json\/wp\/v2\/product_tag?post=25515"}],"curies":[{"name":"wp","href":"https:\/\/api.w.org\/{rel}","templated":true}]}}