{"id":25487,"date":"2025-08-27T13:45:08","date_gmt":"2025-08-27T11:45:08","guid":{"rendered":"https:\/\/andalubox.com\/producto-andaluz\/duo-vites-weisswein-aus-cadiz-75-cl\/"},"modified":"2026-01-26T19:23:52","modified_gmt":"2026-01-26T18:23:52","slug":"duo-vites-weisswein-aus-cadiz-75-cl","status":"publish","type":"product","link":"https:\/\/andalubox.com\/de\/producto-andaluz\/duo-vites-weisswein-aus-cadiz-75-cl\/","title":{"rendered":"Duo Vites Wei\u00dfwein aus C\u00e1diz 75 CL"},"content":{"rendered":"<p>Duo Vites Wei\u00dfwein aus C\u00e1diz 75 CL<\/p>\n<p>Bodega Regant\u00edo Viejo in Arcos de la Frontera, C\u00e1diz, ist ein Familienweingut, das 1979 von Marcel Fern\u00e1ndez gegr\u00fcndet wurde. Es liegt am Fu\u00dfe der Sierra de Grazalema, in der N\u00e4he des Bornos-Stausees, und umfasst 12 Hektar Weinberge mit Syrah, Merlot, Tempranillo und kleinen Parzellen mit wei\u00dfen Sorten wie Moscatel, Riesling und Palomino. Die Bodega setzt auf nachhaltigen Weinbau, den Einsatz von Bodendeckern, die Erhaltung der einheimischen Flora und den Verzicht auf Pestizide, um qualitativ hochwertige Weine in limitierter Auflage zu erzeugen, die das Terroir von C\u00e1diz widerspiegeln.  <\/p>\n<p>Zu seinen Starweinen geh\u00f6ren:<\/p>\n<ul>\n\t<li>Relicta: 100% Syrah, minimaler Eingriff, in franz\u00f6sischen Eichenf\u00e4ssern gereift, die den Charakter des Weinbergs zum Ausdruck bringen.<\/li>\n\t<li>Duo Vites: 85 % Syrah, 15 % Merlot.<\/li>\n\t<li>Ignotus: Eine wei\u00dfe Mischung aus Palomino, Riesling und Moscatel, sechs Monate in franz\u00f6sischen Eichenf\u00e4ssern gereift, mit handwerklicher Fermentierung.<\/li>\n\t<li>Fine Tempo: Ein Premium-Bio-Wein aus begrenzter Produktion (1500 Flaschen).<\/li>\n<\/ul>\n<p>Das Weingut, das seit 2018 von der Familie Naranjo gef\u00fchrt wird, setzt auf Qualit\u00e4t statt Quantit\u00e4t, mit Hand- und Nachternte und Produktion vor Ort. Sie produzieren auch Oliven\u00f6l (Hojiblanca, Arbequina, Koroneiki) und bieten Weintourismus an, einschlie\u00dflich Verkostungen und einem Restaurant mit traditioneller andalusischer K\u00fcche. <\/p>","protected":false},"excerpt":{"rendered":"<p>Duo Vites Vino Blanco de C\u00e1diz 75 CL, Versand nach ganz Europa.<\/p>\n","protected":false},"featured_media":31213,"comment_status":"open","ping_status":"closed","template":"","meta":{"site-sidebar-layout":"default","site-content-layout":"","ast-site-content-layout":"default","site-content-style":"default","site-sidebar-style":"default","ast-global-header-display":"","ast-banner-title-visibility":"","ast-main-header-display":"","ast-hfb-above-header-display":"","ast-hfb-below-header-display":"","ast-hfb-mobile-header-display":"","site-post-title":"","ast-breadcrumbs-content":"","ast-featured-img":"","footer-sml-layout":"","ast-disable-related-posts":"","theme-transparent-header-meta":"default","adv-header-id-meta":"","stick-header-meta":"","header-above-stick-meta":"","header-main-stick-meta":"","header-below-stick-meta":"","astra-migrate-meta-layouts":"default","ast-page-background-enabled":"default","ast-page-background-meta":{"desktop":{"background-color":"var(--ast-global-color-4)","background-image":"","background-repeat":"repeat","background-position":"center center","background-size":"auto","background-attachment":"scroll","background-type":"","background-media":"","overlay-type":"","overlay-color":"","overlay-opacity":"","overlay-gradient":""},"tablet":{"background-color":"","background-image":"","background-repeat":"repeat","background-position":"center center","background-size":"auto","background-attachment":"scroll","background-type":"","background-media":"","overlay-type":"","overlay-color":"","overlay-opacity":"","overlay-gradient":""},"mobile":{"background-color":"","background-image":"","background-repeat":"repeat","background-position":"center center","background-size":"auto","background-attachment":"scroll","background-type":"","background-media":"","overlay-type":"","overlay-color":"","overlay-opacity":"","overlay-gradient":""}},"ast-content-background-meta":{"desktop":{"background-color":"var(--ast-global-color-5)","background-image":"","background-repeat":"repeat","background-position":"center center","background-size":"auto","background-attachment":"scroll","background-type":"","background-media":"","overlay-type":"","overlay-color":"","overlay-opacity":"","overlay-gradient":""},"tablet":{"background-color":"var(--ast-global-color-5)","background-image":"","background-repeat":"repeat","background-position":"center center","background-size":"auto","background-attachment":"scroll","background-type":"","background-media":"","overlay-type":"","overlay-color":"","overlay-opacity":"","overlay-gradient":""},"mobile":{"background-color":"var(--ast-global-color-5)","background-image":"","background-repeat":"repeat","background-position":"center center","background-size":"auto","background-attachment":"scroll","background-type":"","background-media":"","overlay-type":"","overlay-color":"","overlay-opacity":"","overlay-gradient":""}}},"product_brand":[1243],"product_cat":[342],"product_tag":[],"class_list":{"0":"post-25487","1":"product","2":"type-product","3":"status-publish","4":"has-post-thumbnail","6":"product_brand-duo-vites","7":"product_cat-weiswein","8":"desktop-align-left","9":"tablet-align-left","10":"mobile-align-left","12":"first","13":"instock","14":"taxable","15":"shipping-taxable","16":"purchasable","17":"product-type-simple"},"_links":{"self":[{"href":"https:\/\/andalubox.com\/de\/wp-json\/wp\/v2\/product\/25487","targetHints":{"allow":["GET"]}}],"collection":[{"href":"https:\/\/andalubox.com\/de\/wp-json\/wp\/v2\/product"}],"about":[{"href":"https:\/\/andalubox.com\/de\/wp-json\/wp\/v2\/types\/product"}],"replies":[{"embeddable":true,"href":"https:\/\/andalubox.com\/de\/wp-json\/wp\/v2\/comments?post=25487"}],"wp:featuredmedia":[{"embeddable":true,"href":"https:\/\/andalubox.com\/de\/wp-json\/wp\/v2\/media\/31213"}],"wp:attachment":[{"href":"https:\/\/andalubox.com\/de\/wp-json\/wp\/v2\/media?parent=25487"}],"wp:term":[{"taxonomy":"product_brand","embeddable":true,"href":"https:\/\/andalubox.com\/de\/wp-json\/wp\/v2\/product_brand?post=25487"},{"taxonomy":"product_cat","embeddable":true,"href":"https:\/\/andalubox.com\/de\/wp-json\/wp\/v2\/product_cat?post=25487"},{"taxonomy":"product_tag","embeddable":true,"href":"https:\/\/andalubox.com\/de\/wp-json\/wp\/v2\/product_tag?post=25487"}],"curies":[{"name":"wp","href":"https:\/\/api.w.org\/{rel}","templated":true}]}}